{"id":6898,"date":"2016-09-29T06:47:49","date_gmt":"2016-09-29T04:47:49","guid":{"rendered":"https:\/\/www.mariostark.com\/?page_id=6898"},"modified":"2019-04-13T12:21:10","modified_gmt":"2019-04-13T10:21:10","slug":"graal-mueritz","status":"publish","type":"page","link":"https:\/\/www.mariostark.com\/de\/immobilien\/graal-mueritz\/","title":{"rendered":"Immobilien in Graal-M\u00fcritz"},"content":{"rendered":"<h3>IMMOBILIENMAKLER F\u00dcR GRAAL-M\u00dcRITZ &amp; UMGEBUNG &#8211; IMMOBILIEN, VILLEN, H\u00c4USER UND WOHNUNGEN KAUFEN &amp; VERKAUFEN &#8211; MARIO STARK<\/h3>\n<p>&nbsp;<\/p>\n<p>&nbsp;<\/p>\n<p><strong>Graal-M\u00fcritz<\/strong> ist, ein bekanntes Ostseebad und Kurort im <a href=\"https:\/\/www.mariostark.com\/de\/immobilien\/landkreis-rostock\/\">Landkreis Rostock<\/a>. Das Seeheilbad Graal-M\u00fcritz liegt, direkt an der <a href=\"https:\/\/www.mariostark.com\/de\/immobilien\/ostsee\/\">Ostseek\u00fcste<\/a> (nord\u00f6stlich, der <a href=\"https:\/\/www.mariostark.com\/de\/immobilien\/rostock\/\">Hansestadt Rostock<\/a>), im deutschen Bundesland <a href=\"https:\/\/www.mariostark.com\/de\/immobilien\/mecklenburg-vorpommern\/\">Mecklenburg-Vorpommern<\/a> (Abk.: <em>MV<\/em>). Das Ostseebad Graal-M\u00fcritz geh\u00f6rt, zu den beliebten Wohnlagen f\u00fcr <a href=\"https:\/\/www.mariostark.com\/de\/immobilien\/immobilien-kaufen-verkaufen\/\">Immobilien<\/a> &#8211; in der <em>Region Rostock<\/em>.<\/p>\n<p>&nbsp;<\/p>\n<h4>GOEGRAFISCHE LAGE<\/h4>\n<p>Geografisch zwischen der Hansestadt Rostock und der Halbinsel <a href=\"https:\/\/www.mariostark.com\/de\/immobilien\/fischland-darss-zingst\/\">Fischland-Dar\u00df-Zingst<\/a> gelegen, grenzt Graal-M\u00fcritz n\u00f6rdlich &#8211; an die <em>Mecklenburger Bucht<\/em> und landseitig &#8211; an das gro\u00dfe Waldgebiet &#8222;<em>Rostocker Heide&#8220;<\/em>. Graal-M\u00fcritz liegt, in der <em>Region Rostock<\/em> und hat damit, gute wirtschaftliche und infrastrukturelle Anbindungen, an die deutsche Gro\u00dfstadt Rostock. Graal-M\u00fcritz ist, eines der Zentren im Landkreis Rostock und grenzt, im Westen &#8211; an das Gebiet der Hansestadt Rostock und im Osten &#8211; an das Gebiet des <a href=\"https:\/\/www.mariostark.com\/de\/immobilien\/landkreis-vorpommern-ruegen\/\">Landkreises Vorpommern-R\u00fcgen<\/a>.<\/p>\n<p>&nbsp;<\/p>\n<h4>DAS OSTSEEBAD GRAAL-M\u00dcRITZ<\/h4>\n<p><em>Graal-M\u00fcritz<\/em> ist, ein sehr beliebter Urlaubsort an der deutschen Ostseek\u00fcste und zieht jedes Jahr, viele \u00fcberregionale G\u00e4ste in das Seebad. Im ganzen Ort findet man die sch\u00f6ne <em>&#8222;B\u00e4derarchitektur&#8220; &#8211;<\/em> die man auch, aus anderen bekannten deutschen Ostseeb\u00e4dern wie &#8211; <a href=\"https:\/\/www.mariostark.com\/de\/immobilien\/kuehlungsborn\/\">K\u00fchlungsborn<\/a>, <a href=\"https:\/\/www.mariostark.com\/de\/immobilien\/binz\/\">Binz<\/a>, Sellin oder <a href=\"https:\/\/www.mariostark.com\/de\/immobilien\/heringsdorf\/\">Heringsdorf<\/a>, kennt. Der Tourismus ist, von wesentlicher wirtschaftlicher Bedeutung f\u00fcr das Seebad Graal-M\u00fcritz, dass sich als bekannter <em>Kurort<\/em>, auch, auf gesundheitsbewu\u00dfte G\u00e4ste eingestellt hat. Daher gibt es in Graal-M\u00fcritz nicht nur zahlreiche attraktive Hotels, Pensionen und <a href=\"https:\/\/www.mariostark.com\/de\/immobilien\/ferienwohnungen\/\">Ferienwohnungen<\/a>, sondern auch, mehrere bedeutende Kurkliniken. Die Kur- und Badeg\u00e4ste sch\u00e4tzen seit je her, den breiten und feinen Sandstrand, entlang des beliebten Seebades Graal-M\u00fcritz.<\/p>\n<p>&nbsp;<\/p>\n<h4>SEHENSWERTES<\/h4>\n<p>Zu den Sehensw\u00fcrdigkeiten des Seeheilbades Graal-M\u00fcritz z\u00e4hlen, beispielsweise, die beliebte <em>Seebr\u00fccke<\/em> im Zentrum von Graal-M\u00fcritz, sowie, der \u00fcberregional bekannte <em>Rhododendronpark &#8211;<\/em> der als einer der gr\u00f6\u00dften und sch\u00f6nsten seiner Art in ganz Deutschland gilt. An der Graal-M\u00fcritzer Seebr\u00fccke finden regelm\u00e4\u00dfig beliebte Veranstaltungen wie, das Neujahrsfeuer im Januar oder, das Seebr\u00fcckenfest im Juli, statt.<\/p>\n<p>&nbsp;<\/p>\n<h4>INFRASTRUKTUR<\/h4>\n<p>Das Ostseebad Graal-M\u00fcritz ist, \u00fcber die Bundesautobahnen A 20 &#8211; aus der Richtung <a href=\"https:\/\/www.mariostark.com\/de\/immobilien\/hamburg\/\">Hamburg<\/a>, und, die A 19 &#8211; aus der Richtung <a href=\"https:\/\/www.mariostark.com\/de\/immobilien\/berlin\/\">Berlin<\/a> (\u00fcber die Abfahrt Rostock) zu erreichen. Ebenso kann man Graal-M\u00fcritz \u00fcber Landstra\u00dfen, aus der Richtung &#8211; der Halbinsel Fischland-Dar\u00df-Zingst oder der <a href=\"https:\/\/www.mariostark.com\/de\/immobilien\/stralsund\/\">Hansestadt Stralsund<\/a>, erreichen. Der Bahnhof in Graal-M\u00fcritz ist direkt, mit dem Rostocker Hauptbahnhof verbunden. Somit ist das Ostseebad Graal-M\u00fcritz auch gut, mit der Bahn erreichbar. Der n\u00e4chstgr\u00f6\u00dfere Flughafen in der Region Rostock ist, der Flughafen Rostock-Laage, der von vielen deutschen Flugh\u00e4fen (z.B<em>.<\/em>: <a href=\"https:\/\/www.mariostark.com\/de\/immobilien\/muenchen\/\">M\u00fcnchen<\/a>, <a href=\"https:\/\/www.mariostark.com\/de\/immobilien\/koeln\/\">K\u00f6ln<\/a>-Bonn oder <a href=\"https:\/\/www.mariostark.com\/de\/immobilien\/stuttgart\/\">Stuttgart<\/a>) angeflogen wird.<\/p>\n<p>&nbsp;<\/p>\n<p>&nbsp;<\/p>\n<h3>FERIENIMMOBILIEN IM OSTSEEBAD <a href=\"#GRAAL_M\u00dcRITZ\">#GRAAL_M\u00dcRITZ<\/a> &#8211; MARIO STARK IMMOBILIEN &#8211; <span style=\"color: #333333;\"><a href=\"#MARIOSTARK\">#MARIOSTARK<\/a><\/span><\/h3>\n<p>&nbsp;<\/p>\n<h4>GRAAL-M\u00dcRITZ: IMMOBILIEN KAUFEN &amp; VERKAUFEN<\/h4>\n<p>Gerne beraten wir Sie, bei Fragen, zum Immobilienverkauf, einer Immobilienbewertung oder einer <a href=\"https:\/\/www.mariostark.com\/de\/immobilien\/immobilienbesichtigung\/\">Immobilienbesichtigung<\/a> von <a href=\"https:\/\/www.mariostark.com\/de\/immobilien\/haeuser\/\">H\u00e4usern<\/a>, <a href=\"https:\/\/www.mariostark.com\/de\/immobilien\/villen\/\">Villen<\/a> &amp; <a href=\"https:\/\/www.mariostark.com\/de\/immobilien\/wohnungen\/\">Wohnungen<\/a> im Ostseebad <em>Graal-M\u00fcritz<\/em>.<\/p>\n<p>&nbsp;<\/p>\n<h4>&gt; <a href=\"https:\/\/www.mariostark.com\/de\/kontakt\/\"><em>Kontakt<\/em><\/a><\/h4>\n<p>&nbsp;<\/p>\n<h4>&gt; <a href=\"https:\/\/www.mariostark.com\/de\/immobilien\/immobilien-verkaufen\/\"><em>Immobilien verkaufen<\/em><\/a><\/h4>\n<p>&nbsp;<\/p>\n<h4>&gt; <a href=\"https:\/\/www.mariostark.com\/de\/immobilien\/immobilienbewertung\/\"><em>Immobilienbewertung<\/em><\/a><\/h4>\n<p>&nbsp;<\/p>\n<p>Weitere Informationen auf <a href=\"https:\/\/www.mariostark.com\/de\/immobilien\"><strong>mariostark.com\/de\/immobilien<\/strong><\/a>.<\/p>\n<p>&nbsp;<\/p>\n<p>&nbsp;<\/p>\n<p>&nbsp;<\/p>\n<p>&nbsp;<\/p>\n<h4 style=\"text-align: center;\"><span style=\"color: #999999;\">Mehr.<\/span><\/h4>\n<h6 style=\"text-align: center;\"><span style=\"color: #808080;\"><a style=\"color: #808080;\" href=\"https:\/\/www.facebook.com\/mariostarkofficial\">Facebook<\/a> \u00a0\u00a0 <a style=\"color: #808080;\" href=\"http:\/\/www.twitter.com\/mariostarkcom\">Twitter<\/a> \u00a0\u00a0 <a style=\"color: #808080;\" href=\"https:\/\/www.instagram.com\/mariostarkofficial\">Instagram<\/a>\u00a0\u00a0\u00a0 <a style=\"color: #808080;\" href=\"https:\/\/www.youtube.com\/c\/mariostarkofficial\">Youtube<\/a>\u00a0\u00a0\u00a0 <a style=\"color: #808080;\" href=\"http:\/\/www.pinterest.com\/mariostarkcom\">Pinterest<\/a><\/span><\/h6>\n<p>&nbsp;<\/p>","protected":false},"excerpt":{"rendered":"<p>IMMOBILIENMAKLER F\u00dcR GRAAL-M\u00dcRITZ &amp; UMGEBUNG &#8211; IMMOBILIEN, VILLEN, H\u00c4USER UND WOHNUNGEN KAUFEN &amp; VERKAUFEN &#8211; MARIO STARK &nbsp; &nbsp; Graal-M\u00fcritz ist, ein bekanntes Ostseebad und Kurort im Landkreis Rostock. Das Seeheilbad Graal-M\u00fcritz liegt, direkt an der Ostseek\u00fcste (nord\u00f6stlich, der Hansestadt &hellip; <a href=\"https:\/\/www.mariostark.com\/de\/immobilien\/graal-mueritz\/\">Weiterlesen<\/a><\/p>\n","protected":false},"author":2,"featured_media":0,"parent":41,"menu_order":0,"comment_status":"closed","ping_status":"closed","template":"template-midsize.php","meta":{"footnotes":""},"class_list":["post-6898","page","type-page","status-publish","hentry"],"_links":{"self":[{"href":"https:\/\/www.mariostark.com\/de\/wp-json\/wp\/v2\/pages\/6898","targetHints":{"allow":["GET"]}}],"collection":[{"href":"https:\/\/www.mariostark.com\/de\/wp-json\/wp\/v2\/pages"}],"about":[{"href":"https:\/\/www.mariostark.com\/de\/wp-json\/wp\/v2\/types\/page"}],"author":[{"embeddable":true,"href":"https:\/\/www.mariostark.com\/de\/wp-json\/wp\/v2\/users\/2"}],"replies":[{"embeddable":true,"href":"https:\/\/www.mariostark.com\/de\/wp-json\/wp\/v2\/comments?post=6898"}],"version-history":[{"count":5,"href":"https:\/\/www.mariostark.com\/de\/wp-json\/wp\/v2\/pages\/6898\/revisions"}],"predecessor-version":[{"id":14846,"href":"https:\/\/www.mariostark.com\/de\/wp-json\/wp\/v2\/pages\/6898\/revisions\/14846"}],"up":[{"embeddable":true,"href":"https:\/\/www.mariostark.com\/de\/wp-json\/wp\/v2\/pages\/41"}],"wp:attachment":[{"href":"https:\/\/www.mariostark.com\/de\/wp-json\/wp\/v2\/media?parent=6898"}],"curies":[{"name":"wp","href":"https:\/\/api.w.org\/{rel}","templated":true}]}}