{"id":6850,"date":"2016-09-26T19:22:05","date_gmt":"2016-09-26T17:22:05","guid":{"rendered":"https:\/\/www.mariostark.com\/?page_id=6850"},"modified":"2019-04-13T12:36:05","modified_gmt":"2019-04-13T10:36:05","slug":"warnemuende","status":"publish","type":"page","link":"https:\/\/www.mariostark.com\/de\/immobilien\/warnemuende\/","title":{"rendered":"Immobilien in Warnem\u00fcnde"},"content":{"rendered":"<h3>IMMOBILIENMAKLER F\u00dcR WARNEM\u00dcNDE &amp; UMGEBUNG &#8211; IMMOBILIEN, VILLEN, H\u00c4USER &amp; WOHNUNGEN KAUFEN UND VERKAUFEN &#8211; MARIO STARK!<\/h3>\n<p>&nbsp;<\/p>\n<p>&nbsp;<\/p>\n<p>Das <strong>Ostseebad Warnem\u00fcnde<\/strong> (&#8222;Warnem\u00fcnde&#8220;) ist ein Stadtteil, der Hansestadt Rostock und liegt, direkt an der <em>Ostseek\u00fcste,<\/em> des deutschen Bundeslandes <a href=\"https:\/\/www.mariostark.com\/de\/immobilien\/mecklenburg-vorpommern\/\">Mecklenburg-Vorpommern<\/a>. Warnem\u00fcnde ist, eines der beliebtesten Urlaubsziele <a href=\"https:\/\/www.mariostark.com\/de\/immobilien\/deutschland\/\">Deutschlands<\/a> und bekannt, f\u00fcr seinen besonders breiten, feinen Sandstrand und die modernen und vielf\u00e4ltigen Gastronomie- und Hotellerieangebote. Der Tourismus ist, von gro\u00dfer wirtschaftlicher Bedeutung f\u00fcr das beliebte Seebad. Im Ostseebad Warnem\u00fcnde liegt daher auch, der gr\u00f6\u00dfte Kreuzfahrthafen Deutschlands. Jedes Jahr legen hier, viele gro\u00dfe Kreuzfahrtschiffe mit internationalen G\u00e4sten an, die oft in Tagesausfl\u00fcgen, die Hansestadt Rostock oder die deutschen Metropolen, Hamburg und Berlin, erkunden. Das Ostseebad Warnem\u00fcnde gilt, als besonders begehrte Wohnlage f\u00fcr <a href=\"https:\/\/www.mariostark.com\/de\/immobilien\/immobilien-anbieten\/\">Immobilien<\/a> (&#8222;Immobilien&#8220;) &#8211; in der <a href=\"https:\/\/www.mariostark.com\/de\/immobilien\/rostock\/\">Hansestadt Rostock<\/a>.<\/p>\n<p>&nbsp;<\/p>\n<h4>LAGE<\/h4>\n<p>Das <em>Ostseebad Warnem\u00fcnde<\/em> ist, der n\u00f6rdlichste Stadtteil der Hansestadt Rostock (<em>Abk.<\/em>: HRO) und liegt, direkt an der sch\u00f6nen <a href=\"https:\/\/www.mariostark.com\/de\/immobilien\/ostsee\/\">Ostsee<\/a>. Der gr\u00f6\u00dfte Fluss Rostocks &#8211; die Warnow<em> &#8211;<\/em> m\u00fcndet in Warnem\u00fcnde, in die Ostsee. Die Bahnhofsbr\u00fccke \u00fcber die Warnow, verbindet den Warnem\u00fcnder Bahnhof, mit dem attraktiven Warnem\u00fcnder Ortskern und seinen sch\u00f6nen, maritimen Gassen. Am anderen Ufer der Warnow liegt, der Rostocker Ortsteil <em>Hohe D\u00fcne &#8211;<\/em> mit einem gro\u00dfen Yachthafen und einer exklusiven Hotelanlage &#8211; den man mit regelm\u00e4\u00dfig fahrenden Autof\u00e4hren, schnell erreichen kann. Der Rostocker Ortsteil Hohe D\u00fcne geh\u00f6rt, wie der Stadtteil Warnem\u00fcnde auch, zu den bevorzugten Wohnlagen in der Hansestadt Rostock.<\/p>\n<p>&nbsp;<\/p>\n<h4>SEHENSW\u00dcRDIGKEITEN &amp; VERANSTALTUNGEN<\/h4>\n<p>J\u00e4hrlich stattfindende internationale Segelveranstaltungen, wie die Warnem\u00fcnder Woche oder die Rostocker Hanse Sail, ziehen viele regionale und \u00fcberregionale Besucher, in das beliebte Ostseebad. Im Zentrum des Ostseebades Warnem\u00fcnde findet man, zahlreiche Einkaufsm\u00f6glichkeiten, Restaurants und Caf\u00e9s. Die beliebte Einkaufsstra\u00dfe <em>&#8222;Am Alten Strom&#8220;<\/em>, mit Ihrem reichhaltigen kulinarischen Angebot und den zahlreichen Boutiquen, f\u00fchrt die G\u00e4ste des Seebades weiter &#8211; \u00fcber die Warnem\u00fcnder Mole &#8211; zum gro\u00dfen Leuchtturm. Ebenfalls im Zentrum des Ostseebades, liegt der Warnem\u00fcnder Kurpark &#8211; mit dem Warnem\u00fcnder Kurhaus und einer Freilichtb\u00fchne, auf der besonders in der Sommersaison, viele Konzertveranstaltungen stattfinden. Der &#8222;Teepott&#8220; und der Leuchtturm auf der beliebten Warnem\u00fcnder Strandpromenade, gelten als Wahrzeichen des sch\u00f6nen Seebades. \u00dcber die lange und breite Strandpromenade, gibt es viele D\u00fcnenaufg\u00e4nge, zum beliebten <em>Ostseestrand<\/em>.<\/p>\n<p>&nbsp;<\/p>\n<h4>INFRASTRUKTUR<\/h4>\n<p>\u00dcber den Bahnhof Warnem\u00fcnde, der gleichzeitig auch, die Endstation der Rostocker S-Bahn ist, erreicht man \u00fcber den Rostocker Hauptbahnhof, auch deutsche Metropolen wie, <a href=\"https:\/\/www.mariostark.com\/de\/immobilien\/berlin\/\">Berlin<\/a>, <a href=\"https:\/\/www.mariostark.com\/de\/immobilien\/hamburg\/\">Hamburg<\/a> oder <a href=\"https:\/\/www.mariostark.com\/de\/immobilien\/muenchen\/\">M\u00fcnchen<\/a>. \u00dcber die Rostocker Stadtautobahn, die im Ostseebad Warnem\u00fcnde endet, erreicht man schnell, einen Zubringer zur Bundesautobahn A 20. Mehrere Segelvereine in Warnem\u00fcnde bieten, zahlreiche Anlegepl\u00e4tze f\u00fcr Boote &amp;\u00a0<em>Yachten<\/em> und damit auch Gelegenheit, die beliebte Urlaubsregion, \u00fcber die Ostsee zu erkunden.<\/p>\n<p>&nbsp;<\/p>\n<h4>IMMOBILIEN IN ROSTOCK-WARNEM\u00dcNDE<\/h4>\n<p><em>Warnem\u00fcnde<\/em> verzeichnet, mit die h\u00f6chsten Immobilienpreise, f\u00fcr den Kauf von <a href=\"https:\/\/www.mariostark.com\/de\/immobilien\/eigentumswohnungen\/\">Eigentumswohnungen<\/a>, <a href=\"https:\/\/www.mariostark.com\/de\/immobilien\/villen\/\">Villen<\/a> und <a href=\"https:\/\/www.mariostark.com\/de\/immobilien\/einfamilienhaeuser\/\">Einfamilienh\u00e4usern<\/a>\u00a0in der Hansestadt Rostock und gilt &#8211; auch \u00fcberregional &#8211; als besonders begehrte Wohnlage. Im Ostssebad Warnem\u00fcnde gibt es, mittlerweile, viele attraktive und begehrte <a href=\"https:\/\/www.mariostark.com\/de\/immobilien\/ferienimmobilien\/\">Ferienimmobilien<\/a>, insbesondere, <a href=\"https:\/\/www.mariostark.com\/de\/immobilien\/ferienwohnungen\/\"><em>Ferienwohnungen<\/em><\/a>.<\/p>\n<p>&nbsp;<\/p>\n<p>&nbsp;<\/p>\n<h3>WOHNEN IM OSTSEEBAD <a href=\"#WARNEM\u00dcNDE\">#WARNEM\u00dcNDE<\/a> &#8211; MARIO STARK IMMOBILIEN &#8211; <span style=\"color: #333333;\"><a href=\"#MARIOSTARK\">#MARIOSTARK<\/a><\/span><\/h3>\n<p>&nbsp;<\/p>\n<h4>WARNEM\u00dcNDE: IMMOBILIEN KAUFEN &amp; VERKAUFEN<\/h4>\n<p>Gerne beraten wir Sie, bei Fragen, zum Immobilienverkauf, einer Immobilienbewertung oder einer <a href=\"https:\/\/www.mariostark.com\/de\/immobilien\/immobilienbesichtigung\/\">Immobilienbesichtigung<\/a> von <a href=\"https:\/\/www.mariostark.com\/de\/immobilien\/haeuser\/\">H\u00e4usern<\/a> und <a href=\"https:\/\/www.mariostark.com\/de\/immobilien\/wohnungen\/\">Wohnungen<\/a> in Rostock-Warnem\u00fcnde.<\/p>\n<p>&nbsp;<\/p>\n<h4>&gt; <a href=\"https:\/\/www.mariostark.com\/de\/kontakt\/\"><em>Kontakt<\/em><\/a><\/h4>\n<p>&nbsp;<\/p>\n<h4>&gt; <a href=\"https:\/\/www.mariostark.com\/de\/immobilien\/immobilien-verkaufen\/\"><em>Immobilien verkaufen<\/em><\/a><\/h4>\n<p>&nbsp;<\/p>\n<h4>&gt; <a href=\"https:\/\/www.mariostark.com\/de\/immobilien\/immobilienbewertung\/\"><em>Immobilienbewertung<\/em><\/a><\/h4>\n<p>&nbsp;<\/p>\n<p>Weitere Informationen auf <a href=\"https:\/\/www.mariostark.com\/de\/immobilien\"><strong>mariostark.com\/de\/immobilien<\/strong><\/a>.<\/p>\n<p>&nbsp;<\/p>\n<p>&nbsp;<\/p>\n<p>&nbsp;<\/p>\n<p>&nbsp;<\/p>\n<h4 style=\"text-align: center;\"><span style=\"color: #999999;\">Mehr.<\/span><\/h4>\n<h6 style=\"text-align: center;\"><span style=\"color: #808080;\"><a style=\"color: #808080;\" href=\"https:\/\/www.facebook.com\/mariostarkofficial\">Facebook<\/a> \u00a0\u00a0 <a style=\"color: #808080;\" href=\"http:\/\/www.twitter.com\/mariostarkcom\">Twitter<\/a> \u00a0\u00a0 <a style=\"color: #808080;\" href=\"https:\/\/www.instagram.com\/mariostarkofficial\">Instagram<\/a>\u00a0\u00a0\u00a0 <a style=\"color: #808080;\" href=\"https:\/\/www.youtube.com\/c\/mariostarkofficial\">Youtube<\/a>\u00a0\u00a0\u00a0 <a style=\"color: #808080;\" href=\"http:\/\/www.pinterest.com\/mariostarkcom\">Pinterest<\/a><\/span><\/h6>\n<p>&nbsp;<\/p>","protected":false},"excerpt":{"rendered":"<p>IMMOBILIENMAKLER F\u00dcR WARNEM\u00dcNDE &amp; UMGEBUNG &#8211; IMMOBILIEN, VILLEN, H\u00c4USER &amp; WOHNUNGEN KAUFEN UND VERKAUFEN &#8211; MARIO STARK! &nbsp; &nbsp; Das Ostseebad Warnem\u00fcnde (&#8222;Warnem\u00fcnde&#8220;) ist ein Stadtteil, der Hansestadt Rostock und liegt, direkt an der Ostseek\u00fcste, des deutschen Bundeslandes Mecklenburg-Vorpommern. Warnem\u00fcnde &hellip; <a href=\"https:\/\/www.mariostark.com\/de\/immobilien\/warnemuende\/\">Weiterlesen<\/a><\/p>\n","protected":false},"author":2,"featured_media":0,"parent":41,"menu_order":0,"comment_status":"closed","ping_status":"closed","template":"template-midsize.php","meta":{"footnotes":""},"class_list":["post-6850","page","type-page","status-publish","hentry"],"_links":{"self":[{"href":"https:\/\/www.mariostark.com\/de\/wp-json\/wp\/v2\/pages\/6850","targetHints":{"allow":["GET"]}}],"collection":[{"href":"https:\/\/www.mariostark.com\/de\/wp-json\/wp\/v2\/pages"}],"about":[{"href":"https:\/\/www.mariostark.com\/de\/wp-json\/wp\/v2\/types\/page"}],"author":[{"embeddable":true,"href":"https:\/\/www.mariostark.com\/de\/wp-json\/wp\/v2\/users\/2"}],"replies":[{"embeddable":true,"href":"https:\/\/www.mariostark.com\/de\/wp-json\/wp\/v2\/comments?post=6850"}],"version-history":[{"count":5,"href":"https:\/\/www.mariostark.com\/de\/wp-json\/wp\/v2\/pages\/6850\/revisions"}],"predecessor-version":[{"id":14881,"href":"https:\/\/www.mariostark.com\/de\/wp-json\/wp\/v2\/pages\/6850\/revisions\/14881"}],"up":[{"embeddable":true,"href":"https:\/\/www.mariostark.com\/de\/wp-json\/wp\/v2\/pages\/41"}],"wp:attachment":[{"href":"https:\/\/www.mariostark.com\/de\/wp-json\/wp\/v2\/media?parent=6850"}],"curies":[{"name":"wp","href":"https:\/\/api.w.org\/{rel}","templated":true}]}}