{"id":6838,"date":"2016-09-25T19:32:12","date_gmt":"2016-09-25T17:32:12","guid":{"rendered":"https:\/\/www.mariostark.com\/?page_id=6838"},"modified":"2019-04-13T12:07:53","modified_gmt":"2019-04-13T10:07:53","slug":"hochtaunuskreis","status":"publish","type":"page","link":"https:\/\/www.mariostark.com\/de\/immobilien\/hochtaunuskreis\/","title":{"rendered":"Immobilien im Hochtaunuskreis"},"content":{"rendered":"<h3>IMMOBILIEN IM HOCHTAUNUSKREIS &#8211; IMMOBILIEN, VILLEN, H\u00c4USER &amp; WOHNUNGEN KAUFEN UND VERKAUFEN &#8211; MARIO STARK<\/h3>\n<p>&nbsp;<\/p>\n<p>&nbsp;<\/p>\n<p>Der <strong>Hochtaunuskreis<\/strong> (&#8222;Hochtaunuskreis&#8220;) ist, ein Landkreis im deutschen <a href=\"https:\/\/www.mariostark.com\/de\/immobilien\/hessen\/\">Bundesland Hessen<\/a> (<em>HE<\/em>). Die gr\u00f6\u00dfte Stadt im Hochtaunuskreis ist, die Kreisstadt <a href=\"https:\/\/www.mariostark.com\/de\/immobilien\/bad-homburg\/\">Bad Homburg vor der H\u00f6he<\/a>, die auch, ein \u00fcber die Landesgrenzen hinaus, bekannter Kurort ist. Der Hochtaunuskreis liegt in der Region Frankfurt-Rhein-Main, in direkter Nachbarschaft, zu Deutschlands wichtigster Finanzmetropole &#8211; Frankfurt am Main. Der Hochtaunuskreis gilt, als besonders begehrte Wohnlage f\u00fcr Immobilien (&#8222;Immobilien&#8220;) &#8211; im Frankfurter Raum.<\/p>\n<p>&nbsp;<\/p>\n<h4>DER HOCHTAUNUSKREIS<\/h4>\n<p>Der <em>Hochtaunuskreis<\/em> geh\u00f6rt, zu den wohlhabendsten Regionen <a href=\"https:\/\/www.mariostark.com\/de\/immobilien\/deutschland\/\">Deutschlands<\/a>. Da der Hochtaunuskreis auch an das Frankfurter Stadtgebiet grenzt, haben zahlreiche nationale und internationale Unternehmen, einen Unternehmenssitz im Hochtaunuskreis. Vom im landschaftlich sch\u00f6nen Taunus gelegenen Hochtaunuskreis gilt besonders, der so genannte &#8222;Hintertaunus&#8220;, als ein beliebtes Naherholungsgebiet im Frankfurter Raum. Am S\u00fcdhang des Taunusgebirges gibt es, zahlreiche beliebte Kurorte und B\u00e4der, sowie auch, begehrte Wohnlagen. Heute haben, viele verm\u00f6gende Familien aus dem Raum Frankfurt einen Wohnsitz im Hochtaunuskreis, insbesondere, in und um die Kreisstadt <em>Bad Homburg vor der H\u00f6he<\/em>.<\/p>\n<p>&nbsp;<\/p>\n<h4>INFRASTRUKTUR<\/h4>\n<p>\u00dcber das gut ausgebaute Bahn- und S-Bahnnetz im Hochtaunuskreis, erreicht man bequem die Stadt Frankfurt am Main, sowie, alle anderen regionalen Ziele und Sehensw\u00fcrdigkeiten des Landkreises. Die Kreisstadt Bad Homburg vor der H\u00f6he ist au\u00dferdem, an das Frankfurter U-Bahnnetz angeschlossen. Durch den Hochtaunuskreis f\u00fchren wichtige Bundesautobahnen, sowie mehrere Bundesstra\u00dfen. Entlang der bekannten &#8222;<em>Hochtaunusstra\u00dfe&#8220;<\/em> k\u00f6nnen G\u00e4ste des Hochtaunuskreises, die zahlreichen Sehensw\u00fcrdigkeiten erkunden.<\/p>\n<p>&nbsp;<\/p>\n<h4>ST\u00c4DTE &amp; GEMEINDEN<\/h4>\n<p>Bekannte St\u00e4dte im Hochtaunuskreis sind, unter anderem, Bad Homburg vor der H\u00f6he, <a href=\"https:\/\/www.mariostark.com\/de\/immobilien\/koenigstein-im-taunus\/\"><em>K\u00f6nigstein im Taunus<\/em><\/a>, <a href=\"https:\/\/www.mariostark.com\/de\/immobilien\/kronberg-im-taunus\/\">Kronberg im Taunus<\/a>\u00a0und Neu-Anspach. Zu den Gemeinden des Hochtaunuskreises geh\u00f6ren, unter anderem, Wehrheim, Gr\u00e4venwiesbach und Weilrod.<\/p>\n<p>&nbsp;<\/p>\n<h4>IMMOBILIEN IM HOCHTAUNUSKREIS<\/h4>\n<p>Durch die direkte geografische N\u00e4he zur Metropole <a href=\"https:\/\/www.mariostark.com\/de\/immobilien\/frankfurt-am-main\/\">Frankfurt am Main<\/a>, erreichen die Immobilienpreise im Hochtaunuskreis, f\u00fcr Miete und Kauf von <a href=\"https:\/\/www.mariostark.com\/de\/immobilien\/immobilien-kaufen-verkaufen\/\"><em>Immobilien<\/em><\/a>, wie <a href=\"https:\/\/www.mariostark.com\/de\/immobilien\/einfamilienhaeuser\/\">Einfamilienh\u00e4usern<\/a>, <a href=\"https:\/\/www.mariostark.com\/de\/immobilien\/villen\/\">Villen<\/a> oder <a href=\"https:\/\/www.mariostark.com\/de\/immobilien\/eigentumswohnungen\/\">Eigentumswohnungen<\/a>, ein hohes Niveau. Vergleichbare Immobilienkaufpreise werden, beispielsweise, auf der <a href=\"https:\/\/www.mariostark.com\/de\/immobilien\/sylt\/\">Insel Sylt<\/a>, oder, in den Landkreisen\u00a0<a href=\"https:\/\/www.mariostark.com\/de\/immobilien\/muenchen\/\">M\u00fcnchen<\/a> und <a href=\"https:\/\/www.mariostark.com\/de\/immobilien\/landkreis-starnberg\/\">Starnberg<\/a> angeboten.<\/p>\n<p>&nbsp;<\/p>\n<p>&nbsp;<\/p>\n<h3>WOHNEN IM <a href=\"#HOCHTAUNUSKREIS\">#HOCHTAUNUSKREIS<\/a> &#8211; MARIO STARK IMMOBILIEN &#8211; <span style=\"color: #333333;\"><a href=\"#MARIOSTARK\">#MARIOSTARK<\/a><\/span><\/h3>\n<p>&nbsp;<\/p>\n<h4>HOCHTAUNUSKREIS: IMMOBILIEN KAUFEN &amp; VERKAUFEN<\/h4>\n<p>Gerne beraten wir Sie, bei Fragen, zum Immobilienverkauf, einer Immobilienbewertung oder der <a href=\"https:\/\/www.mariostark.com\/de\/immobilien\/immobilienbesichtigung\/\">Immobilienbesichtigung<\/a> von <a href=\"https:\/\/www.mariostark.com\/de\/immobilien\/haeuser\/\">H\u00e4usern<\/a>, Villen &amp; <a href=\"https:\/\/www.mariostark.com\/de\/immobilien\/wohnungen\/\">Wohnungen<\/a> im <em>Hochtaunuskreis<\/em>.<\/p>\n<p>&nbsp;<\/p>\n<h4>&gt; <a href=\"https:\/\/www.mariostark.com\/de\/kontakt\/\"><em>Kontakt<\/em><\/a><\/h4>\n<p>&nbsp;<\/p>\n<h4>&gt; <a href=\"https:\/\/www.mariostark.com\/de\/immobilien\/immobilien-verkaufen\/\"><em>Immobilien verkaufen<\/em><\/a><\/h4>\n<p>&nbsp;<\/p>\n<h4>&gt; <a href=\"https:\/\/www.mariostark.com\/de\/immobilien\/immobilienbewertung\/\"><em>Immobilienbewertung<\/em><\/a><\/h4>\n<p>&nbsp;<\/p>\n<p>Weitere Informationen auf <a href=\"https:\/\/www.mariostark.com\/de\/immobilien\"><strong>mariostark.com\/de\/immobilien<\/strong><\/a>.<\/p>\n<p>&nbsp;<\/p>\n<p>&nbsp;<\/p>\n<p>&nbsp;<\/p>\n<p>&nbsp;<\/p>\n<h4 style=\"text-align: center;\"><span style=\"color: #999999;\">Mehr.<\/span><\/h4>\n<h6 style=\"text-align: center;\"><span style=\"color: #808080;\"><a style=\"color: #808080;\" href=\"https:\/\/www.facebook.com\/mariostarkofficial\">Facebook<\/a> \u00a0\u00a0 <a style=\"color: #808080;\" href=\"http:\/\/www.twitter.com\/mariostarkcom\">Twitter<\/a> \u00a0\u00a0 <a style=\"color: #808080;\" href=\"https:\/\/www.instagram.com\/mariostarkofficial\">Instagram<\/a>\u00a0\u00a0\u00a0 <a style=\"color: #808080;\" href=\"https:\/\/www.youtube.com\/c\/mariostarkofficial\">Youtube<\/a>\u00a0\u00a0\u00a0 <a style=\"color: #808080;\" href=\"http:\/\/www.pinterest.com\/mariostarkcom\">Pinterest<\/a><\/span><\/h6>\n<p>&nbsp;<\/p>","protected":false},"excerpt":{"rendered":"<p>IMMOBILIEN IM HOCHTAUNUSKREIS &#8211; IMMOBILIEN, VILLEN, H\u00c4USER &amp; WOHNUNGEN KAUFEN UND VERKAUFEN &#8211; MARIO STARK &nbsp; &nbsp; Der Hochtaunuskreis (&#8222;Hochtaunuskreis&#8220;) ist, ein Landkreis im deutschen Bundesland Hessen (HE). Die gr\u00f6\u00dfte Stadt im Hochtaunuskreis ist, die Kreisstadt Bad Homburg vor der &hellip; <a href=\"https:\/\/www.mariostark.com\/de\/immobilien\/hochtaunuskreis\/\">Weiterlesen<\/a><\/p>\n","protected":false},"author":2,"featured_media":0,"parent":41,"menu_order":0,"comment_status":"closed","ping_status":"closed","template":"template-midsize.php","meta":{"footnotes":""},"class_list":["post-6838","page","type-page","status-publish","hentry"],"_links":{"self":[{"href":"https:\/\/www.mariostark.com\/de\/wp-json\/wp\/v2\/pages\/6838","targetHints":{"allow":["GET"]}}],"collection":[{"href":"https:\/\/www.mariostark.com\/de\/wp-json\/wp\/v2\/pages"}],"about":[{"href":"https:\/\/www.mariostark.com\/de\/wp-json\/wp\/v2\/types\/page"}],"author":[{"embeddable":true,"href":"https:\/\/www.mariostark.com\/de\/wp-json\/wp\/v2\/users\/2"}],"replies":[{"embeddable":true,"href":"https:\/\/www.mariostark.com\/de\/wp-json\/wp\/v2\/comments?post=6838"}],"version-history":[{"count":6,"href":"https:\/\/www.mariostark.com\/de\/wp-json\/wp\/v2\/pages\/6838\/revisions"}],"predecessor-version":[{"id":14814,"href":"https:\/\/www.mariostark.com\/de\/wp-json\/wp\/v2\/pages\/6838\/revisions\/14814"}],"up":[{"embeddable":true,"href":"https:\/\/www.mariostark.com\/de\/wp-json\/wp\/v2\/pages\/41"}],"wp:attachment":[{"href":"https:\/\/www.mariostark.com\/de\/wp-json\/wp\/v2\/media?parent=6838"}],"curies":[{"name":"wp","href":"https:\/\/api.w.org\/{rel}","templated":true}]}}