{"id":6827,"date":"2016-09-24T13:53:59","date_gmt":"2016-09-24T11:53:59","guid":{"rendered":"https:\/\/www.mariostark.com\/?page_id=6827"},"modified":"2019-04-13T12:12:37","modified_gmt":"2019-04-13T10:12:37","slug":"landkreis-starnberg","status":"publish","type":"page","link":"https:\/\/www.mariostark.com\/de\/immobilien\/landkreis-starnberg\/","title":{"rendered":"Immobilien im Landkreis Starnberg"},"content":{"rendered":"<h3>IMMOBILIEN IM LANDKREIS STARNBERG &#8211; IMMOBILIEN, VILLEN, H\u00c4USER &amp; WOHNUNGEN KAUFEN UND VERKAUFEN &#8211; MARIO STARK!<\/h3>\n<p>&nbsp;<\/p>\n<p>&nbsp;<\/p>\n<p>Der <strong>Landkreis Starnberg<\/strong> liegt, im <a href=\"https:\/\/www.mariostark.com\/de\/immobilien\/bayern\/\">Freistaat Bayern<\/a> (engl.: <em>Bavaria<\/em>) und geh\u00f6rt &#8211; zu den wohlhabendsten Regionen <a href=\"https:\/\/www.mariostark.com\/de\/immobilien\/deutschland\/\">Deutschlands<\/a>. Der bayrische Landkreis Starnberg geh\u00f6rt, zu den &#8222;<em>begehrtesten Lagen&#8220;<\/em>, f\u00fcr den Kauf von <a href=\"https:\/\/www.mariostark.com\/de\/immobilien\/immobilien-kaufen-verkaufen\/\">Immobilien<\/a> wie &#8211; Einfamilienh\u00e4usern, Villen und <a href=\"https:\/\/www.mariostark.com\/de\/immobilien\/eigentumswohnungen\/\">Eigentumswohnungen<\/a> &#8211; in Deutschland.<\/p>\n<p>&nbsp;<\/p>\n<h4>LANDKREIS STARNBERG<\/h4>\n<p>Der <em>Landkreis Starnberg<\/em> ist, einer der bekanntesten Landkreise Deutschlands. Durch seine exponierte Lage, s\u00fcdwestlich der deutschen Metropole und bayrischen <a href=\"https:\/\/www.mariostark.com\/de\/immobilien\/muenchen\/\"><em>Landeshauptstadt M\u00fcnchen<\/em><\/a>, sowie, dem sch\u00f6nen <em>Starnberger See &#8211;<\/em> gilt der Landkreis Starnberg, als ein beliebtes Naherholungsgebiet und <em>begehrter Immobilienstandort<\/em> in der Region M\u00fcnchen. Im Landkreis Starnberg gibt es, au\u00dfer den Ufern des Starnberger Sees und des Ammersees, auch, den We\u00dflinger See, den Pilsensee und den W\u00f6rthsee. Au\u00dferdem gibt es im Landkreis Starnberg, gleich mehrere landschaftlich reizvolle Regionen. Der Landkreis Starnberg grenzt, an die anderen bayrischen Landkreise &#8211; <a href=\"https:\/\/www.mariostark.com\/de\/immobilien\/landkreis-muenchen\/\"><em>M\u00fcnchen<\/em><\/a>, <a href=\"https:\/\/www.mariostark.com\/de\/immobilien\/landkreis-fuerstenfeldbruck\/\">F\u00fcrstenfeldbruck<\/a> und Landsberg am Lech, sowie, Bad T\u00f6lz-Wolfratshausen und Weilheim-Schongau. \u00dcber das gut ausgebaute S-Bahnnetz im Landkreis Starnberg, erreicht man die die Landeshauptstadt M\u00fcnchen, sowie, alle angrenzenden Landkreise problemlos. Die gr\u00f6\u00dfte Stadt im Landkreis Starnberg ist, die <em>Stadt Starnberg &#8211;<\/em> als Zentrum des Landkreises. Zu den bekannteren Gemeinden im Landkreis Starnberg geh\u00f6ren, beispielsweise, die Gemeinden &#8211; Berg, P\u00f6cking und Tutzing, <em>Feldafing<\/em>, Gauting und Gilching, sowie, Herrsching und Inning am <em>Ammersee<\/em>.<\/p>\n<p>&nbsp;<\/p>\n<h4>IMMOBILIEN &amp; IMMOBILIENPREISE AM &#8222;STARNBERGER SEE&#8220;<\/h4>\n<p>Besonders in Seen\u00e4he des <em>Starnberger Sees<\/em> gibt es, unter anderem, viele exklusive und begehrte <a href=\"https:\/\/www.mariostark.com\/de\/immobilien\/luxusimmobilien\/\">Immobilien<\/a> wie &#8211; noble <a href=\"https:\/\/www.mariostark.com\/de\/immobilien\/villen\/\"><em>Villen<\/em><\/a> und gr\u00f6\u00dfere <a href=\"https:\/\/www.mariostark.com\/de\/immobilien\/einfamilienhaeuser\/\">Einfamilienh\u00e4user<\/a>. Die Immobilienkaufpreise im Bereich des Starnberger Sees geh\u00f6ren, zu den h\u00f6chsten in ganz Deutschland. \u00c4hnliche Immobilienpreise findet man heute auch, auf der <a href=\"https:\/\/www.mariostark.com\/de\/immobilien\/sylt\/\">Insel Sylt<\/a>, oder, im hessischen <a href=\"https:\/\/www.mariostark.com\/de\/immobilien\/hochtaunuskreis\/\">Hochtaunuskreis<\/a>.<\/p>\n<p>&nbsp;<\/p>\n<p>&nbsp;<\/p>\n<h3>WOHNEN AM <a href=\"#STARNBERGER_SEE\">#STARNBERGER_SEE<\/a> &#8211; MARIO STARK IMMOBILIEN &#8211; <span style=\"color: #333333;\"><a href=\"#MARIOSTARK\">#MARIOSTARK<\/a><\/span><\/h3>\n<p>&nbsp;<\/p>\n<h4>LANDKREIS STARNBERG: IMMOBILIEN KAUFEN &amp; VERKAUFEN<\/h4>\n<p>Gerne beraten wir Sie, bei Fragen, zum Immobilienverkauf, einer Immobilienbewertung oder <a href=\"https:\/\/www.mariostark.com\/de\/immobilien\/immobilienbesichtigung\/\">Immobilienbesichtigung<\/a> von <a href=\"https:\/\/www.mariostark.com\/de\/immobilien\/haeuser\/\">H\u00e4usern<\/a>, <a href=\"https:\/\/www.mariostark.com\/de\/immobilien\/villen\/\">Villen<\/a> &amp; <a href=\"https:\/\/www.mariostark.com\/de\/immobilien\/wohnungen\/\">Wohnungen<\/a> im bayrischen <em>Landkreis Starnberg<\/em>.<\/p>\n<p>&nbsp;<\/p>\n<h4>&gt; <a href=\"https:\/\/www.mariostark.com\/de\/kontakt\/\"><em>Kontakt<\/em><\/a><\/h4>\n<p>&nbsp;<\/p>\n<h4>&gt; <a href=\"https:\/\/www.mariostark.com\/de\/immobilien\/immobilien-verkaufen\/\"><em>Immobilien verkaufen<\/em><\/a><\/h4>\n<p>&nbsp;<\/p>\n<h4>&gt; <a href=\"https:\/\/www.mariostark.com\/de\/immobilien\/immobilienbewertung\/\"><em>Immobilienbewertung<\/em><\/a><\/h4>\n<p>&nbsp;<\/p>\n<p>Weitere Informationen auf <a href=\"https:\/\/www.mariostark.com\/de\/immobilien\"><strong>mariostark.com\/de\/immobilien<\/strong><\/a>.<\/p>\n<p>&nbsp;<\/p>\n<p>&nbsp;<\/p>\n<p>&nbsp;<\/p>\n<p>&nbsp;<\/p>\n<h4 style=\"text-align: center;\"><span style=\"color: #999999;\">Mehr.<\/span><\/h4>\n<h6 style=\"text-align: center;\"><span style=\"color: #808080;\"><a style=\"color: #808080;\" href=\"https:\/\/www.facebook.com\/mariostarkofficial\">Facebook<\/a> \u00a0\u00a0 <a style=\"color: #808080;\" href=\"http:\/\/www.twitter.com\/mariostarkcom\">Twitter<\/a> \u00a0\u00a0 <a style=\"color: #808080;\" href=\"https:\/\/www.instagram.com\/mariostarkofficial\">Instagram<\/a>\u00a0\u00a0\u00a0 <a style=\"color: #808080;\" href=\"https:\/\/www.youtube.com\/c\/mariostarkofficial\">Youtube<\/a>\u00a0\u00a0\u00a0 <a style=\"color: #808080;\" href=\"http:\/\/www.pinterest.com\/mariostarkcom\">Pinterest<\/a><\/span><\/h6>\n<p>&nbsp;<\/p>","protected":false},"excerpt":{"rendered":"<p>IMMOBILIEN IM LANDKREIS STARNBERG &#8211; IMMOBILIEN, VILLEN, H\u00c4USER &amp; WOHNUNGEN KAUFEN UND VERKAUFEN &#8211; MARIO STARK! &nbsp; &nbsp; Der Landkreis Starnberg liegt, im Freistaat Bayern (engl.: Bavaria) und geh\u00f6rt &#8211; zu den wohlhabendsten Regionen Deutschlands. Der bayrische Landkreis Starnberg geh\u00f6rt, &hellip; <a href=\"https:\/\/www.mariostark.com\/de\/immobilien\/landkreis-starnberg\/\">Weiterlesen<\/a><\/p>\n","protected":false},"author":2,"featured_media":0,"parent":41,"menu_order":0,"comment_status":"closed","ping_status":"closed","template":"template-midsize.php","meta":{"footnotes":""},"class_list":["post-6827","page","type-page","status-publish","hentry"],"_links":{"self":[{"href":"https:\/\/www.mariostark.com\/de\/wp-json\/wp\/v2\/pages\/6827","targetHints":{"allow":["GET"]}}],"collection":[{"href":"https:\/\/www.mariostark.com\/de\/wp-json\/wp\/v2\/pages"}],"about":[{"href":"https:\/\/www.mariostark.com\/de\/wp-json\/wp\/v2\/types\/page"}],"author":[{"embeddable":true,"href":"https:\/\/www.mariostark.com\/de\/wp-json\/wp\/v2\/users\/2"}],"replies":[{"embeddable":true,"href":"https:\/\/www.mariostark.com\/de\/wp-json\/wp\/v2\/comments?post=6827"}],"version-history":[{"count":5,"href":"https:\/\/www.mariostark.com\/de\/wp-json\/wp\/v2\/pages\/6827\/revisions"}],"predecessor-version":[{"id":14824,"href":"https:\/\/www.mariostark.com\/de\/wp-json\/wp\/v2\/pages\/6827\/revisions\/14824"}],"up":[{"embeddable":true,"href":"https:\/\/www.mariostark.com\/de\/wp-json\/wp\/v2\/pages\/41"}],"wp:attachment":[{"href":"https:\/\/www.mariostark.com\/de\/wp-json\/wp\/v2\/media?parent=6827"}],"curies":[{"name":"wp","href":"https:\/\/api.w.org\/{rel}","templated":true}]}}