{"id":68,"date":"2013-12-06T17:07:51","date_gmt":"2013-12-06T15:07:51","guid":{"rendered":"http:\/\/starkint.com\/?page_id=68"},"modified":"2019-04-13T12:58:33","modified_gmt":"2019-04-13T10:58:33","slug":"ueber","status":"publish","type":"page","link":"https:\/\/www.mariostark.com\/de\/ueber\/","title":{"rendered":"\u00dcber"},"content":{"rendered":"<h3>MARIO STARK IMMOBILIEN<\/h3>\n<p>&nbsp;<\/p>\n<p><a href=\"https:\/\/www.mariostark.com\/de\/\">MARIO STARK<\/a> <a href=\"https:\/\/www.mariostark.com\/de\/immobilien\">IMMOBILIEN<\/a> vermittelt und verkauft <a href=\"https:\/\/www.mariostark.com\/de\/immobilien\/immobilien-kaufen-verkaufen\/\">Immobilien<\/a> &#8211; wie <a href=\"https:\/\/www.mariostark.com\/de\/immobilien\/einfamilienhaeuser\/\">H\u00e4user<\/a>, <a href=\"https:\/\/www.mariostark.com\/de\/immobilien\/eigentumswohnungen\/\">Eigentumswohnungen<\/a>, <a href=\"https:\/\/www.mariostark.com\/de\/immobilien\/villen\/\">Villen<\/a> und <a href=\"https:\/\/www.mariostark.com\/de\/immobilien\/ferienimmobilien\/\">Ferienimmobilien<\/a> &#8211; f\u00fcr Privat- und Gesch\u00e4ftskunden. Dabei bieten wir unseren Kunden, von der ersten Beratung, \u00fcber die Wertermittlung und Aufnahme, bis zur professionellen Vermarktung der Immobilien, ein effizientes und kundenorientiertes Leistungsspektrum an. Langj\u00e4hrige Erfahrungen garantieren, unseren Kunden, optimale Vermarktungschancen. MARIO STARK \u00fcbernimmt au\u00dferdem, den Vertrieb ausgew\u00e4hlter <a href=\"https:\/\/www.mariostark.com\/de\/immobilienprojekte\/\">Immobilienprojekte<\/a> &#8211; f\u00fcr Bautr\u00e4ger und Investoren.<\/p>\n<p>Gerne informieren wir Sie, \u00fcber unsere individuellen Leistungen, unter Telefon 49-38204-74160 oder unter E-Mail <a href=\"mailto:service@mariostark.com\">service@mariostark.com<\/a><a href=\"mailto:info@mariostark.com\">.<\/a><\/p>\n<p>&nbsp;<\/p>\n<p>&nbsp;<\/p>\n<p>&nbsp;<\/p>\n<p><span style=\"color: #999999;\">\u00a0<\/span><\/p>\n<h6 style=\"text-align: center;\"><span style=\"color: #808080;\"><a style=\"color: #808080;\" href=\"https:\/\/www.facebook.com\/mariostarkofficial\">Facebook<\/a> \u00a0\u00a0 <a style=\"color: #808080;\" href=\"http:\/\/www.twitter.com\/mariostarkcom\">Twitter<\/a> \u00a0\u00a0 <a style=\"color: #808080;\" href=\"https:\/\/www.instagram.com\/mariostarkofficial\">Instagram<\/a>\u00a0\u00a0\u00a0 <a style=\"color: #808080;\" href=\"https:\/\/www.youtube.com\/c\/mariostarkofficial\">Youtube<\/a>\u00a0\u00a0\u00a0 <a style=\"color: #808080;\" href=\"http:\/\/www.pinterest.com\/mariostarkcom\">Pinterest<\/a><\/span><\/h6>\n<p>&nbsp;<\/p>","protected":false},"excerpt":{"rendered":"<p>MARIO STARK IMMOBILIEN &nbsp; MARIO STARK IMMOBILIEN vermittelt und verkauft Immobilien &#8211; wie H\u00e4user, Eigentumswohnungen, Villen und Ferienimmobilien &#8211; f\u00fcr Privat- und Gesch\u00e4ftskunden. Dabei bieten wir unseren Kunden, von der ersten Beratung, \u00fcber die Wertermittlung und Aufnahme, bis zur professionellen &hellip; <a href=\"https:\/\/www.mariostark.com\/de\/ueber\/\">Weiterlesen<\/a><\/p>\n","protected":false},"author":3,"featured_media":14264,"parent":0,"menu_order":0,"comment_status":"open","ping_status":"open","template":"template-midsize.php","meta":{"footnotes":""},"class_list":["post-68","page","type-page","status-publish","has-post-thumbnail","hentry"],"_links":{"self":[{"href":"https:\/\/www.mariostark.com\/de\/wp-json\/wp\/v2\/pages\/68","targetHints":{"allow":["GET"]}}],"collection":[{"href":"https:\/\/www.mariostark.com\/de\/wp-json\/wp\/v2\/pages"}],"about":[{"href":"https:\/\/www.mariostark.com\/de\/wp-json\/wp\/v2\/types\/page"}],"author":[{"embeddable":true,"href":"https:\/\/www.mariostark.com\/de\/wp-json\/wp\/v2\/users\/3"}],"replies":[{"embeddable":true,"href":"https:\/\/www.mariostark.com\/de\/wp-json\/wp\/v2\/comments?post=68"}],"version-history":[{"count":6,"href":"https:\/\/www.mariostark.com\/de\/wp-json\/wp\/v2\/pages\/68\/revisions"}],"predecessor-version":[{"id":14916,"href":"https:\/\/www.mariostark.com\/de\/wp-json\/wp\/v2\/pages\/68\/revisions\/14916"}],"wp:featuredmedia":[{"embeddable":true,"href":"https:\/\/www.mariostark.com\/de\/wp-json\/wp\/v2\/media\/14264"}],"wp:attachment":[{"href":"https:\/\/www.mariostark.com\/de\/wp-json\/wp\/v2\/media?parent=68"}],"curies":[{"name":"wp","href":"https:\/\/api.w.org\/{rel}","templated":true}]}}