{"id":6752,"date":"2016-09-23T11:45:18","date_gmt":"2016-09-23T09:45:18","guid":{"rendered":"https:\/\/www.mariostark.com\/?page_id=6752"},"modified":"2019-04-13T12:13:22","modified_gmt":"2019-04-13T10:13:22","slug":"landkreis-vorpommern-ruegen","status":"publish","type":"page","link":"https:\/\/www.mariostark.com\/de\/immobilien\/landkreis-vorpommern-ruegen\/","title":{"rendered":"Immobilien im Landkreis Vorpommern-R\u00fcgen"},"content":{"rendered":"<h3>IMMOBILIEN IM LANDKREIS VORPOMMERN-R\u00dcGEN &#8211; IMMOBILIEN, VILLEN, H\u00c4USER &amp; WOHNUNGEN ZUM KAUF &#8211; MARIO STARK<\/h3>\n<p>&nbsp;<\/p>\n<p>&nbsp;<\/p>\n<p>Der <strong>Landkreis Vorpommern-R\u00fcgen<\/strong> liegt, an der deutschen <em><a href=\"https:\/\/www.mariostark.com\/de\/immobilien\/ostsee\/\">Ostseek\u00fcste<\/a>,<\/em> im Nordosten des Bundeslandes <a href=\"https:\/\/www.mariostark.com\/de\/immobilien\/mecklenburg-vorpommern\/\">Mecklenburg-Vorpommern<\/a>\u00a0und ist, mit seiner Fl\u00e4che, einer der gr\u00f6\u00dften Landkreise der <a href=\"https:\/\/www.mariostark.com\/de\/immobilien\/deutschland\/\">Bundesrepublik Deutschland<\/a>. Die Kreisstadt ist, die <em><a href=\"https:\/\/www.mariostark.com\/de\/immobilien\/stralsund\/\">Hansestadt Stralsund<\/a>\u00a0&#8211;<\/em>\u00a0als gr\u00f6\u00dfte Stadt des Landkreises Vorpommern-R\u00fcgen. Im Landkreis Vorpommern-R\u00fcgen liegen, auch, die Urlaubsregionen der\u00a0<em>Insel R\u00fcgen<\/em> und der Insel Hiddensee, sowie, die bekannte Halbinsel <em>Fischland-Dar\u00df-Zingst<\/em>. Da diese Regionen zu den beliebtesten Urlaubszielen in ganz Deutschland geh\u00f6ren, hat der Tourismus, eine gro\u00dfe wirtschaftliche Bedeutung f\u00fcr die <em>Region Vorpommern-R\u00fcgen<\/em>. Wirtschaftlich bedeutend ist auch, die geografische N\u00e4he zum Landkreis Rostock. Die <a href=\"https:\/\/www.mariostark.com\/de\/immobilien\/ruegen\/\">Insel R\u00fcgen<\/a> und die Halbinsel <a href=\"https:\/\/www.mariostark.com\/de\/immobilien\/fischland-darss-zingst\/\">Fischland-Dar\u00df-Zingst<\/a>\u00a0bieten, besonders begehrte Lagen &#8211; f\u00fcr Wohn- und Ferienimmobilien &#8211; im Landkreis Vorpommern-R\u00fcgen.<\/p>\n<p>&nbsp;<\/p>\n<h4>LAGE<\/h4>\n<p>Der <em>Landkreis Vorpommern-R\u00fcgen<\/em> liegt, im Nordosten der Bundesrepublik Deutschland. Im Norden und Nordosten des Landkreises Vorpommern-R\u00fcgen befindet sich, die sch\u00f6ne Ostseek\u00fcste. Der Landkreis Vorpommern-R\u00fcgen grenzt, an die Landkreise &#8211; <a href=\"https:\/\/www.mariostark.com\/de\/immobilien\/landkreis-rostock\/\">Rostock<\/a>, <a href=\"https:\/\/www.mariostark.com\/de\/immobilien\/landkreis-mecklenburgische-seenplatte\/\">Mecklenburgische Seenplatte<\/a> und <a href=\"https:\/\/www.mariostark.com\/de\/immobilien\/landkreis-vorpommern-greifswald\/\">Vorpommern-Greifswald<\/a>\u00a0&#8211;\u00a0im deutschen Bundesland Mecklenburg-Vorpommern (<em>Abk.<\/em>: MV).<\/p>\n<p>&nbsp;<\/p>\n<h4>ST\u00c4DTE &amp; GEMEINDEN<\/h4>\n<p>Gr\u00f6\u00dfere St\u00e4dte im Landkreis Vorpommern-R\u00fcgen sind &#8211;\u00a0<em>Bergen auf R\u00fcgen<\/em>, Ribnitz-Damgarten und Grimmen. Weitere wichtige Zentren im Landkreis Vorpommern-R\u00fcgen sind, unter anderem, das <a href=\"https:\/\/www.mariostark.com\/de\/immobilien\/binz\/\"><em>Ostseebad\u00a0Binz<\/em><\/a>, Marlow, Putbus und Sa\u00dfnitz auf R\u00fcgen, sowie, das <em><a href=\"https:\/\/www.mariostark.com\/de\/immobilien\/zingst\/\">Seeheilbad\u00a0Zingst<\/a> &#8211;<\/em>\u00a0auf der Halbinsel Fischland-Dar\u00df-Zingst. Zu den bekannteren Gemeinden des Landkreises Vorpommern-R\u00fcgen z\u00e4hlen, beispielsweise, die <em>Stadt Barth<\/em>, Dranske und Sagard, <a href=\"https:\/\/www.mariostark.com\/de\/immobilien\/bergen-auf-ruegen\/\">Bergen auf R\u00fcgen<\/a> und Garz\/R\u00fcgen, <a href=\"https:\/\/www.mariostark.com\/de\/immobilien\/goehren\/\">G\u00f6hren<\/a> und <a href=\"https:\/\/www.mariostark.com\/de\/immobilien\/sellin\/\"><em>Sellin<\/em><\/a>, die Stadt Ribnitz-Damgarten, Gingst und Samtens, sowie, die Gemeinden &#8211;\u00a0<a href=\"https:\/\/www.mariostark.com\/de\/immobilien\/ahrenshoop\/\"><em>Ahrenshoop<\/em><\/a>, Born am Dar\u00df, Prerow, <a href=\"https:\/\/www.mariostark.com\/de\/immobilien\/wustrow-fischland\/\">Wustrow<\/a> und Wiek am Dar\u00df.<\/p>\n<p>&nbsp;<\/p>\n<h4>SEHENSW\u00dcRDIGKEITEN<\/h4>\n<p>Im Landkreis Vorpommern-R\u00fcgen befinden sich, zahlreiche historische\u00a0<a href=\"https:\/\/www.mariostark.com\/de\/immobilien\/schloesser-herrenhaeuser\/\">Schl\u00f6sser<\/a> und Burgen, wie das beliebte <em>Jagdschlo\u00df Granitz &#8211;<\/em>\u00a0in der N\u00e4he des Ostseebades Binz. Zu den weiteren Sehensw\u00fcrdigkeiten im Landkreis Vorpommern-R\u00fcgen geh\u00f6ren, beispielsweise, der &#8222;<em>Kreidefelsen K\u00f6nigsstuhl&#8220; &#8211;<\/em>\u00a0auf der Insel R\u00fcgen und das, \u00fcber die Landesgrenzen hinaus, bekannte <em>Meereskundemuseum &#8211;<\/em>\u00a0in der Hansestadt Stralsund.<\/p>\n<p>&nbsp;<\/p>\n<h4>INFRASTRUKTUR + VERKEHR<\/h4>\n<p>Das bekannteste moderne Verkehrsbauwerk im Landkreis Vorpommern-R\u00fcgen ist, die imposante <em>R\u00fcgenbr\u00fccke<\/em>\u00a0in der Hansestadt Stralsund, die, die Insel R\u00fcgen mit dem Festland verbindet. Mehrere wichtige Bundesstra\u00dfen, wie die B 105 aus der Richtung <a href=\"https:\/\/www.mariostark.com\/de\/immobilien\/rostock\/\">Rostock<\/a>, sowie, die deutsche Bundesautobahn A 20, verlaufen durch den Landkreis Vorpommern-R\u00fcgen. \u00dcber die Bundesautobahn A 20 hat man Anschluss, bis in die deutschen Bundesl\u00e4nder &#8211;\u00a0<a href=\"https:\/\/www.mariostark.com\/de\/immobilien\/brandenburg\/\">Brandenburg<\/a> und <a href=\"https:\/\/www.mariostark.com\/de\/immobilien\/schleswig-holstein\/\">Schleswig-Holstein<\/a>. \u00dcber den Hauptbahnhof in Stralsund sind, \u00fcber viele innerdeutsche Zugverbindungen, auch, deutsche Gro\u00dfst\u00e4dte (<em>wie z.B.<\/em>:\u00a0<a href=\"https:\/\/www.mariostark.com\/de\/immobilien\/berlin\/\">Berlin<\/a> oder <a href=\"https:\/\/www.mariostark.com\/de\/immobilien\/hamburg\/\">Hamburg<\/a>)\u00a0erreichbar. Im Landkreis Vorpommern-R\u00fcgen gibt es au\u00dferdem, zahlreiche Stadt- und Yachth\u00e4fen &#8211; entlang der <em>Ostseek\u00fcste<\/em>.<\/p>\n<p>&nbsp;<\/p>\n<h4>IMMOBILIENANGEBOT IM LANDKREIS VORPOMMERN-R\u00dcGEN<\/h4>\n<p>Das Immobilienangebot im Landkreis Vorpommern-R\u00fcgen reicht, von klassischen <a href=\"https:\/\/www.mariostark.com\/de\/immobilien\/einfamilienhaeuser\/\">Einfamilienh\u00e4usern<\/a> in den l\u00e4ndlichen Wohngebieten, bis zu hochwertigen <a href=\"https:\/\/www.mariostark.com\/de\/immobilien\/eigentumswohnungen\/\">Eigentumswohnungen<\/a>\u00a0in den bekannten Ostseeb\u00e4dern, des Landkreises Vorpommern-R\u00fcgen. Besonders in <em>Ostseen\u00e4he<\/em>\u00a0befinden sich heute, viele attraktive Wohn- und <a href=\"https:\/\/www.mariostark.com\/de\/immobilien\/ferienimmobilien\/\">Ferienimmobilien<\/a>.<\/p>\n<p>&nbsp;<\/p>\n<p>&nbsp;<\/p>\n<h3>WOHNEN IM LANDKREIS <a href=\"#VORPOMMERN_R\u00dcGEN\">#VORPOMMERN_R\u00dcGEN<\/a> &#8211; MARIO STARK IMMOBILIEN &#8211; <span style=\"color: #333333;\"><a href=\"#MARIOSTARK\">#MARIOSTARK<\/a><\/span><\/h3>\n<p>&nbsp;<\/p>\n<h4>VORPOMMERN-R\u00dcGEN: IMMOBILIEN KAUFEN &amp; VERKAUFEN<\/h4>\n<p>Gerne beraten wir Sie, bei Fragen, zum Immobilienverkauf, einer Immobilienbewertung oder einer <a href=\"https:\/\/www.mariostark.com\/de\/immobilien\/immobilienbesichtigung\/\">Immobilienbesichtigung<\/a> von <a href=\"https:\/\/www.mariostark.com\/de\/immobilien\/haeuser\/\">H\u00e4usern<\/a>, <a href=\"https:\/\/www.mariostark.com\/de\/immobilien\/villen\/\">Villen<\/a> &amp; <a href=\"https:\/\/www.mariostark.com\/de\/immobilien\/wohnungen\/\">Wohnungen<\/a> im Landkreis Vorpommern-R\u00fcgen.<\/p>\n<p>&nbsp;<\/p>\n<h4>&gt; <a href=\"https:\/\/www.mariostark.com\/de\/kontakt\/\"><em>Kontakt<\/em><\/a><\/h4>\n<p>&nbsp;<\/p>\n<h4>&gt; <a href=\"https:\/\/www.mariostark.com\/de\/immobilien\/immobilien-verkaufen\/\"><em>Immobilien verkaufen<\/em><\/a><\/h4>\n<p>&nbsp;<\/p>\n<h4>&gt; <a href=\"https:\/\/www.mariostark.com\/de\/immobilien\/immobilienbewertung\/\"><em>Immobilienbewertung<\/em><\/a><\/h4>\n<p>&nbsp;<\/p>\n<p>Weitere Informationen auf <a href=\"https:\/\/www.mariostark.com\/de\/immobilien\"><strong>mariostark.com\/de\/immobilien<\/strong><\/a>.<\/p>\n<p>&nbsp;<\/p>\n<p>&nbsp;<\/p>\n<p>&nbsp;<\/p>\n<p>&nbsp;<\/p>\n<h4 style=\"text-align: center;\"><span style=\"color: #999999;\">Mehr.<\/span><\/h4>\n<h6 style=\"text-align: center;\"><span style=\"color: #808080;\"><a style=\"color: #808080;\" href=\"https:\/\/www.facebook.com\/mariostarkofficial\">Facebook<\/a> \u00a0\u00a0 <a style=\"color: #808080;\" href=\"http:\/\/www.twitter.com\/mariostarkcom\">Twitter<\/a> \u00a0\u00a0 <a style=\"color: #808080;\" href=\"https:\/\/www.instagram.com\/mariostarkofficial\">Instagram<\/a>\u00a0\u00a0\u00a0 <a style=\"color: #808080;\" href=\"https:\/\/www.youtube.com\/c\/mariostarkofficial\">Youtube<\/a>\u00a0\u00a0\u00a0 <a style=\"color: #808080;\" href=\"http:\/\/www.pinterest.com\/mariostarkcom\">Pinterest<\/a><\/span><\/h6>\n<p>&nbsp;<\/p>","protected":false},"excerpt":{"rendered":"<p>IMMOBILIEN IM LANDKREIS VORPOMMERN-R\u00dcGEN &#8211; IMMOBILIEN, VILLEN, H\u00c4USER &amp; WOHNUNGEN ZUM KAUF &#8211; MARIO STARK &nbsp; &nbsp; Der Landkreis Vorpommern-R\u00fcgen liegt, an der deutschen Ostseek\u00fcste, im Nordosten des Bundeslandes Mecklenburg-Vorpommern\u00a0und ist, mit seiner Fl\u00e4che, einer der gr\u00f6\u00dften Landkreise der Bundesrepublik &hellip; <a href=\"https:\/\/www.mariostark.com\/de\/immobilien\/landkreis-vorpommern-ruegen\/\">Weiterlesen<\/a><\/p>\n","protected":false},"author":2,"featured_media":0,"parent":41,"menu_order":0,"comment_status":"closed","ping_status":"closed","template":"template-midsize.php","meta":{"footnotes":""},"class_list":["post-6752","page","type-page","status-publish","hentry"],"_links":{"self":[{"href":"https:\/\/www.mariostark.com\/de\/wp-json\/wp\/v2\/pages\/6752","targetHints":{"allow":["GET"]}}],"collection":[{"href":"https:\/\/www.mariostark.com\/de\/wp-json\/wp\/v2\/pages"}],"about":[{"href":"https:\/\/www.mariostark.com\/de\/wp-json\/wp\/v2\/types\/page"}],"author":[{"embeddable":true,"href":"https:\/\/www.mariostark.com\/de\/wp-json\/wp\/v2\/users\/2"}],"replies":[{"embeddable":true,"href":"https:\/\/www.mariostark.com\/de\/wp-json\/wp\/v2\/comments?post=6752"}],"version-history":[{"count":6,"href":"https:\/\/www.mariostark.com\/de\/wp-json\/wp\/v2\/pages\/6752\/revisions"}],"predecessor-version":[{"id":14826,"href":"https:\/\/www.mariostark.com\/de\/wp-json\/wp\/v2\/pages\/6752\/revisions\/14826"}],"up":[{"embeddable":true,"href":"https:\/\/www.mariostark.com\/de\/wp-json\/wp\/v2\/pages\/41"}],"wp:attachment":[{"href":"https:\/\/www.mariostark.com\/de\/wp-json\/wp\/v2\/media?parent=6752"}],"curies":[{"name":"wp","href":"https:\/\/api.w.org\/{rel}","templated":true}]}}