{"id":6715,"date":"2016-09-22T16:14:10","date_gmt":"2016-09-22T14:14:10","guid":{"rendered":"https:\/\/www.mariostark.com\/?page_id=6715"},"modified":"2019-04-13T12:11:26","modified_gmt":"2019-04-13T10:11:26","slug":"landkreis-rostock","status":"publish","type":"page","link":"https:\/\/www.mariostark.com\/de\/immobilien\/landkreis-rostock\/","title":{"rendered":"Immobilien im Landkreis Rostock"},"content":{"rendered":"<h3>IMMOBILIENMAKLER IM LANDKREIS ROSTOCK &#8211; IMMOBILIEN, VILLEN, H\u00c4USER &amp; WOHNUNGEN KAUFEN UND VERKAUFEN &#8211; MARIO STARK<\/h3>\n<p>&nbsp;<\/p>\n<p>&nbsp;<\/p>\n<p>Der <strong>Landkreis Rostock<\/strong> (&#8222;Rostock&#8220;) liegt, an der deutschen Ostseek\u00fcste, im Norden des deutschen Bundeslandes <a href=\"https:\/\/www.mariostark.com\/de\/immobilien\/mecklenburg-vorpommern\/\">Mecklenburg-Vorpommern<\/a> und ist, nach der Fl\u00e4che, einer der gr\u00f6\u00dften Landkreise der <a href=\"https:\/\/www.mariostark.com\/de\/immobilien\/deutschland\/\">Bundesrepublik Deutschland<\/a>. Der Landkreis Rostock umschlie\u00dft, die <a href=\"https:\/\/www.mariostark.com\/de\/immobilien\/rostock\/\">Hansestadt Rostock<\/a> und geh\u00f6rt, mit seinen zahlreichen Wohn- und Gewerbegebieten, zur Region Rostock. Begehrte Wohnlagen f\u00fcr Immobilien (&#8222;Immobilien&#8220;) im Landkreis Rostock finden sich, beispielsweise, im sog. &#8222;Speckg\u00fcrtel&#8220; der Gro\u00dfstadt Rostock, sowie, in den vielen beliebten Ostseeb\u00e4dern &#8211; entlang der sch\u00f6nen <a href=\"https:\/\/www.mariostark.com\/de\/immobilien\/ostsee\/\"><em>Ostseek\u00fcste<\/em><\/a>.<\/p>\n<p>&nbsp;<\/p>\n<h4>LAGE<\/h4>\n<p>Der <em>Landkreis Rostock<\/em> (Abk.: LRO) liegt, im Norden Deutschlands und grenzt, an die Landkreise &#8211; <a href=\"https:\/\/www.mariostark.com\/de\/immobilien\/landkreis-vorpommern-ruegen\/\">Vorpommern-R\u00fcgen<\/a> und <a href=\"https:\/\/www.mariostark.com\/de\/immobilien\/landkreis-mecklenburgische-seenplatte\/\">Mecklenburgische Seenplatte<\/a>, sowie die Landkreise,\u00a0<a href=\"https:\/\/www.mariostark.com\/de\/immobilien\/landkreis-nordwestmecklenburg\/\">Nordwestmecklenburg<\/a> und <a href=\"https:\/\/www.mariostark.com\/de\/immobilien\/landkreis-ludwigslust-parchim\/\">Ludwigslust-Parchim<\/a> &#8211; im Bundesland Mecklenburg-Vorpommern (MV). Der Landkreis Rostock profitiert allgemein, von seiner geografischen N\u00e4he zur Gro\u00dfstadt Rostock, sowie, zu den Metropolen &#8211; <a href=\"https:\/\/www.mariostark.com\/de\/immobilien\/hamburg\/\">Hamburg<\/a> und <a href=\"https:\/\/www.mariostark.com\/de\/immobilien\/berlin\/\">Berlin<\/a>.<\/p>\n<p>&nbsp;<\/p>\n<h4>ST\u00c4DTE &amp; GEMEINDEN<\/h4>\n<p>Gr\u00f6\u00dfere St\u00e4dte im Landkreis Rostock sind, unter anderem, <a href=\"https:\/\/www.mariostark.com\/de\/immobilien\/bad-doberan\/\">Bad Doberan<\/a> und die Kreisstadt G\u00fcstrow<em>. <\/em>Die beliebten Seeb\u00e4der Graal-M\u00fcritz und K\u00fchlungsborn, sowie, die Stadt Rerik und die Orte &#8211; Sanitz und Laage, z\u00e4hlen zu weiteren wichtigen Zentren &#8211; im Landkreis Rostock. Zu den bekanntesten Gemeinden im Landkreis Rostock geh\u00f6ren, unter anderem, <em>B\u00f6rgerende-Rethwisch<\/em> und Nienhagen, Broderstorf und Roggentin, sowie Elmenhorst und Kritzmow<em>.<\/em><\/p>\n<p>&nbsp;<\/p>\n<h4>SEHENSWERTES IM LANDKREIS ROSTOCK<\/h4>\n<p>Im Landkreis Rostock gibt es, zahlreiche nat\u00fcrliche Seen, sowie\u00a0<a href=\"https:\/\/www.mariostark.com\/de\/immobilien\/schloesser-herrenhaeuser\/\">Schl\u00f6sser<\/a> und Burgen, wie beispielsweise, das bekannte\u00a0Schloss G\u00fcstrow. Der Norden des Landkreises Rostock liegt direkt, an der beliebten\u00a0Ostseek\u00fcste. Der Tourismus hat daher, eine gro\u00dfe wirtschaftliche Bedeutung im Landkreis Rostock. Der sch\u00f6ne Ostseestrand und die reizvollen K\u00fcstenorte und Seeb\u00e4der im Landkreis Rostock, ziehen jedes Jahr, viele nationale und auch internationale G\u00e4ste an. Die bekannten Ostseeb\u00e4der<em> &#8211;<\/em> <a href=\"https:\/\/www.mariostark.com\/de\/immobilien\/graal-mueritz\/\">Graal-M\u00fcritz<\/a> und <a href=\"https:\/\/www.mariostark.com\/de\/immobilien\/kuehlungsborn\/\">K\u00fchlungsborn<\/a><em> &#8211;<\/em> sowie, die ber\u00fchmte &#8222;<em>Wei\u00dfe Stadt am Meer&#8220; &#8211; <\/em>Heiligendamm &#8211; mit einem der vornehmsten Grand Hotels an der deutschen Ostseek\u00fcste &#8211; z\u00e4hlen dabei, zu den beliebtesten Urlaubsorten im Bundesland Mecklenburg-Vorpommern. Entsprechend gro\u00df und vielf\u00e4ltig ist, das Gastronomie- und Hotellerieangebot, im und um den <em>Landkreis Rostock<\/em>.<\/p>\n<p>&nbsp;<\/p>\n<h4>IMMOBILIEN-ANGEBOTE IM LANDKREIS ROSTOCK<\/h4>\n<p>Das Angebot an <a href=\"https:\/\/www.mariostark.com\/de\/immobilien\/immobilien-kaufen-verkaufen\/\">Immobilien<\/a> im Landkreis Rostock reicht, von klassischen <a href=\"https:\/\/www.mariostark.com\/de\/immobilien\/einfamilienhaeuser\/\">Einfamilienh\u00e4usern<\/a> in den Wohngebieten um die Hansestadt Rostock, bis zu hochwertigen <a href=\"https:\/\/www.mariostark.com\/de\/immobilien\/villen\/\"><em>Villen<\/em><\/a>\u00a0&amp;\u00a0<a href=\"https:\/\/www.mariostark.com\/de\/immobilien\/eigentumswohnungen\/\">Eigentumswohnungen<\/a> in den, im Landkreis Rostock, liegenden Ostseeb\u00e4dern. Besonders in Ostseen\u00e4he gibt es auch, viele attraktive und begehrte <a href=\"https:\/\/www.mariostark.com\/de\/immobilien\/ferienimmobilien\/\">Ferienimmobilien<\/a>, wie <a href=\"https:\/\/www.mariostark.com\/de\/immobilien\/ferienwohnungen\/\">Ferienwohnungen<\/a> und Ferienh\u00e4user. Exklusive\u00a0<a href=\"https:\/\/www.mariostark.com\/de\/immobilienprojekte\/\"><em>Immobilienprojekte<\/em><\/a> werden, oft, in den Gemeinden und Seeb\u00e4dern entlang der Ostseek\u00fcste (des Landkreises Rostock) realisiert.<\/p>\n<p>&nbsp;<\/p>\n<p>&nbsp;<\/p>\n<h3>WOHNEN IN DER REGION <a href=\"#ROSTOCK\">#ROSTOCK<\/a> &#8211; MARIO STARK IMMOBILIEN &#8211; <span style=\"color: #333333;\"><a href=\"#MARIOSTARK\">#MARIOSTARK<\/a><\/span><\/h3>\n<p>&nbsp;<\/p>\n<h4>LANDKREIS ROSTOCK: IMMOBILIEN KAUFEN &amp; VERKAUFEN<\/h4>\n<p>Gerne beraten wir Sie, bei Fragen, zum Immobilienverkauf, einer Immobilienbewertung oder einer <a href=\"https:\/\/www.mariostark.com\/de\/immobilien\/immobilienbesichtigung\/\">Immobilienbesichtigung<\/a>\u00a0von <a href=\"https:\/\/www.mariostark.com\/de\/immobilien\/haeuser\/\">H\u00e4usern<\/a> &amp; <a href=\"https:\/\/www.mariostark.com\/de\/immobilien\/wohnungen\/\">Wohnungen<\/a> im Landkreis Rostock.<\/p>\n<p>&nbsp;<\/p>\n<h4>&gt; <a href=\"https:\/\/www.mariostark.com\/de\/kontakt\/\"><em>Kontakt<\/em><\/a><\/h4>\n<p>&nbsp;<\/p>\n<h4>&gt; <a href=\"https:\/\/www.mariostark.com\/de\/immobilien\/immobilien-verkaufen\/\"><em>Immobilien verkaufen<\/em><\/a><\/h4>\n<p>&nbsp;<\/p>\n<h4>&gt; <a href=\"https:\/\/www.mariostark.com\/de\/immobilien\/immobilienbewertung\/\"><em>Immobilienbewertung<\/em><\/a><\/h4>\n<p>&nbsp;<\/p>\n<p>Weitere Informationen auf <a href=\"https:\/\/www.mariostark.com\/de\/immobilien\"><strong>mariostark.com\/de\/immobilien<\/strong><\/a>.<\/p>\n<p>&nbsp;<\/p>\n<p>&nbsp;<\/p>\n<p>&nbsp;<\/p>\n<p>&nbsp;<\/p>\n<h4 style=\"text-align: center;\"><span style=\"color: #999999;\">Mehr.<\/span><\/h4>\n<h6 style=\"text-align: center;\"><span style=\"color: #808080;\"><a style=\"color: #808080;\" href=\"https:\/\/www.facebook.com\/mariostarkofficial\">Facebook<\/a> \u00a0\u00a0 <a style=\"color: #808080;\" href=\"http:\/\/www.twitter.com\/mariostarkcom\">Twitter<\/a> \u00a0\u00a0 <a style=\"color: #808080;\" href=\"https:\/\/www.instagram.com\/mariostarkofficial\">Instagram<\/a>\u00a0\u00a0\u00a0 <a style=\"color: #808080;\" href=\"https:\/\/www.youtube.com\/c\/mariostarkofficial\">Youtube<\/a>\u00a0\u00a0\u00a0 <a style=\"color: #808080;\" href=\"http:\/\/www.pinterest.com\/mariostarkcom\">Pinterest<\/a><\/span><\/h6>\n<p>&nbsp;<\/p>","protected":false},"excerpt":{"rendered":"<p>IMMOBILIENMAKLER IM LANDKREIS ROSTOCK &#8211; IMMOBILIEN, VILLEN, H\u00c4USER &amp; WOHNUNGEN KAUFEN UND VERKAUFEN &#8211; MARIO STARK &nbsp; &nbsp; Der Landkreis Rostock (&#8222;Rostock&#8220;) liegt, an der deutschen Ostseek\u00fcste, im Norden des deutschen Bundeslandes Mecklenburg-Vorpommern und ist, nach der Fl\u00e4che, einer der &hellip; <a href=\"https:\/\/www.mariostark.com\/de\/immobilien\/landkreis-rostock\/\">Weiterlesen<\/a><\/p>\n","protected":false},"author":2,"featured_media":0,"parent":41,"menu_order":0,"comment_status":"closed","ping_status":"closed","template":"template-midsize.php","meta":{"footnotes":""},"class_list":["post-6715","page","type-page","status-publish","hentry"],"_links":{"self":[{"href":"https:\/\/www.mariostark.com\/de\/wp-json\/wp\/v2\/pages\/6715","targetHints":{"allow":["GET"]}}],"collection":[{"href":"https:\/\/www.mariostark.com\/de\/wp-json\/wp\/v2\/pages"}],"about":[{"href":"https:\/\/www.mariostark.com\/de\/wp-json\/wp\/v2\/types\/page"}],"author":[{"embeddable":true,"href":"https:\/\/www.mariostark.com\/de\/wp-json\/wp\/v2\/users\/2"}],"replies":[{"embeddable":true,"href":"https:\/\/www.mariostark.com\/de\/wp-json\/wp\/v2\/comments?post=6715"}],"version-history":[{"count":6,"href":"https:\/\/www.mariostark.com\/de\/wp-json\/wp\/v2\/pages\/6715\/revisions"}],"predecessor-version":[{"id":11196,"href":"https:\/\/www.mariostark.com\/de\/wp-json\/wp\/v2\/pages\/6715\/revisions\/11196"}],"up":[{"embeddable":true,"href":"https:\/\/www.mariostark.com\/de\/wp-json\/wp\/v2\/pages\/41"}],"wp:attachment":[{"href":"https:\/\/www.mariostark.com\/de\/wp-json\/wp\/v2\/media?parent=6715"}],"curies":[{"name":"wp","href":"https:\/\/api.w.org\/{rel}","templated":true}]}}