{"id":6690,"date":"2016-09-22T06:42:05","date_gmt":"2016-09-22T04:42:05","guid":{"rendered":"https:\/\/www.mariostark.com\/?page_id=6690"},"modified":"2019-04-13T12:21:57","modified_gmt":"2019-04-13T10:21:57","slug":"hamburg","status":"publish","type":"page","link":"https:\/\/www.mariostark.com\/de\/immobilien\/hamburg\/","title":{"rendered":"Immobilien in Hamburg"},"content":{"rendered":"<h3>IMMOBILIENMAKLER F\u00dcR HAMBURG &amp; UMGEBUNG &#8211; IMMOBILIEN, VILLEN, H\u00c4USER &amp; WOHNUNGEN KAUFEN UND VERKAUFEN &#8211; MARIO STARK<\/h3>\n<p>&nbsp;<\/p>\n<p>&nbsp;<\/p>\n<p>Die <strong>Freie und Hansestadt Hamburg<\/strong> (&#8222;Hamburg&#8220;) ist, eine deutsche Metropole und zugleich, ein Bundesland der <a href=\"https:\/\/www.mariostark.com\/de\/immobilien\/deutschland\/\">Bundesrepublik Deutschland<\/a>. Hamburg ist die, nach Einwohnern, zweitgr\u00f6\u00dfte Stadt in Deutschland und eine der gr\u00f6\u00dften St\u00e4dte in der Europ\u00e4ischen Union. Die Hansestadt Hamburg geh\u00f6rt, mit Ihren exklusiven Wohnlagen, zu den begehrtesten Standorten f\u00fcr <a href=\"https:\/\/www.mariostark.com\/de\/immobilien\/immobilien-kaufen-verkaufen\/\">Immobilien<\/a> (&#8222;Immobilien&#8220;) in Deutschland.<\/p>\n<p>&nbsp;<\/p>\n<h4>FREIE UND HANSESTADT HAMBURG<\/h4>\n<p>Die Hansestadt Hamburg ist, eine der wohlhabendsten St\u00e4dte Deutschlands. Daher gibt es auch, einige exklusive Wohnlagen im Hamburger Stadtgebiet, wie unter anderem, die noblen Hamburger Elbvororte &#8211; <a href=\"https:\/\/www.mariostark.com\/de\/immobilien\/hamburg-blankenese\/\">Blankenese<\/a> und Nienstedten. An der <em>Binnenalster<\/em> liegt, das sch\u00f6ne historische Stadtzentrum Hamburgs. Hier findet man auch, die beliebten exklusiven Hamburger Shopping- und Flaniermeilen: <em>Jungfernstieg<\/em> und Neuer Wall. Die Hansestadt Hamburg liegt, im M\u00fcndungsbereich der <em>Alster-<\/em> in die Elbe. Durch die vielen Wasserkan\u00e4le im Stadtgebiet, gilt Hamburg, als eine der Br\u00fcckenreichsten St\u00e4dte Europas. Die vielen Hamburger Park- und Gr\u00fcnanlagen im Stadtgebiet, wie der Hamburger Stadtpark oder der &#8222;Alsterpark&#8220;, als beliebte Laufstrecke, laden zu Bewegung und Erholung ein. Die norddeutsche Hansestadt ist in Stadtbezirke, wie unter anderem, <em>Hamburg-Mitte<\/em>, Hamburg-Nord oder Bergedorf, unterteilt und ist gleichzeitig, das Zentrum der Region Hamburg. Das Bundesland Hamburg grenzt, an die deutschen Bundesl\u00e4nder &#8211; <a href=\"https:\/\/www.mariostark.com\/de\/immobilien\/niedersachsen\/\">Niedersachsen<\/a> und <a href=\"https:\/\/www.mariostark.com\/de\/immobilien\/schleswig-holstein\/\">Schleswig-Holstein<\/a>. Der Hamburger Hafen ist, Deutschlands gr\u00f6\u00dfter Seehafen. Er ist ein wichtiger Wirtschaftszweig der Stadt und macht Hamburg, zu einem der bedeutendesten Logistikzentren Deutschlands.<\/p>\n<p>&nbsp;<\/p>\n<h4>HAMBURGER SEHENSW\u00dcRDIGKEITEN<\/h4>\n<p><em>Hamburg<\/em> ist, eines der beliebtesten touristischen Ziele Deutschlands. Der gesamte Hamburger Hafenbereich geh\u00f6rt dabei, zu den meistbesuchten Touristenattraktionen in Deutschland. Besonders sehenswert sind, beispielsweise, die attraktive Hamburger Innenstadt mit der Binnenalster, die Landungsbr\u00fccken im Hamburger Hafen, die <em>Hafencity<\/em> mit der Elbphilharmonie, oder auch, die weltbekannte <em>Reeperbahn<\/em> im Stadtteil St. Pauli. Sehenswert sind ebenfalls, die Hamburger Speicherstadt, oder, das ber\u00fchmte Treppenviertel &#8211; im exklusiven <em>Villenviertel Blankenese<\/em>.<\/p>\n<p>&nbsp;<\/p>\n<h4>ARCHITEKTUR IN HAMBURG<\/h4>\n<p>Zu den Architektur-Highlights in Hamburg geh\u00f6ren bekannte Bauwerke, wie beispielsweise, das <em>Chilehaus<\/em>, die Colonnaden und die Alsterarkaden in der Hamburger-Innenstadt, aber auch, die Laeiszhalle oder die beeindruckende Elbphilharmonie &#8211; in der modernen &#8222;<em>Hamburger Hafencity&#8220;<\/em>. Historische Hamburger Bauwerke wie, der Hamburger Michel<em> &#8211;<\/em> als Wahrzeichen der Stadt, oder das sch\u00f6ne Hamburger Rathaus, mit seinen opulenten S\u00e4len und Zimmern, gelten ebenfalls, als gro\u00dfe touristische Attraktionen der <em>Hansestadt Hamburg<\/em>.<\/p>\n<p>&nbsp;<\/p>\n<h4>KUNST + KULTUR<\/h4>\n<p>In Hamburg gibt es, zahlreiche beliebte Theater wie, das Deutsche Schauspielhaus, Opern- und Konzerth\u00e4user- wie die Hamburger Staatsoper, oder bekannte Museen, wie die attraktive Hamburger Kunsthalle. Hamburg ist au\u00dferdem, f\u00fcr seine vielen erfolgreichen Musicals bekannt. Beliebte regelm\u00e4\u00dfige Veranstaltungen in der Stadt Hamburg sind, beispielsweise, der allj\u00e4hrliche Hamburger Hafengeburtstag im Mai, der w\u00f6chentliche Hamburger Fischmarkt, oder, der Hamburger Dom.<\/p>\n<p>&nbsp;<\/p>\n<h4>VERKEHRSSTRUKTUR<\/h4>\n<p>\u00dcber den Hamburger Hauptbahnhof erreicht man, viele regionale und \u00fcberregionale Ziele, wie die St\u00e4dte, <a href=\"https:\/\/www.mariostark.com\/de\/immobilien\/luebeck\/\">L\u00fcbeck<\/a>, Kiel oder <a href=\"https:\/\/www.mariostark.com\/de\/immobilien\/rostock\/\">Rostock<\/a>, aber auch, <a href=\"https:\/\/www.mariostark.com\/de\/immobilien\/westerland\/\">Westerland<\/a> auf der <a href=\"https:\/\/www.mariostark.com\/de\/immobilien\/sylt\/\">Insel Sylt<\/a>. Auch viele nationale und internationale Direktverbindungen bestehen, von Hamburg aus, beispielsweise nach, <a href=\"https:\/\/www.mariostark.com\/de\/immobilien\/muenchen\/\">M\u00fcnchen<\/a>, <a href=\"https:\/\/www.mariostark.com\/de\/immobilien\/berlin\/\">Berlin<\/a>, <a href=\"https:\/\/www.mariostark.com\/de\/immobilien\/frankfurt-am-main\/\">Frankfurt am Main<\/a>, Kopenhagen oder Amsterdam. Der Flughafen Hamburg ist, einer der modernsten Flugh\u00e4fen Europas. Von hier aus werden, viele nationale und internationalen Flugverbindungen angeboten.<\/p>\n<p>&nbsp;<\/p>\n<p>&nbsp;<\/p>\n<h3>WOHNEN IN <a href=\"#HAMBURG\">#HAMBURG<\/a> UND UMGEBUNG &#8211; MARIO STARK IMMOBILIEN &#8211; <span style=\"color: #333333;\"><a href=\"#MARIOSTARK\">#MARIOSTARK<\/a><\/span><\/h3>\n<p>&nbsp;<\/p>\n<h4>HAMBURG: IMMOBILIEN KAUFEN &amp; VERKAUFEN<\/h4>\n<p>Gerne beraten wir Sie, bei Fragen, zum Immobilienverkauf, einer Immobilienbewertung oder einer <a href=\"https:\/\/www.mariostark.com\/de\/immobilien\/immobilienbesichtigung\/\">Immobilienbesichtigung<\/a> von <a href=\"https:\/\/www.mariostark.com\/de\/immobilien\/einfamilienhaeuser\/\">Einfamilienh\u00e4usern<\/a>, <a href=\"https:\/\/www.mariostark.com\/de\/immobilien\/villen\/\">Villen<\/a> &amp; <a href=\"https:\/\/www.mariostark.com\/de\/immobilien\/eigentumswohnungen\/\">Eigentumswohnungen<\/a> in <em>Hamburg<\/em>.<\/p>\n<p>&nbsp;<\/p>\n<h4>&gt; <a href=\"https:\/\/www.mariostark.com\/de\/kontakt\/\"><em>Kontakt<\/em><\/a><\/h4>\n<p>&nbsp;<\/p>\n<h4>&gt; <a href=\"https:\/\/www.mariostark.com\/de\/immobilien\/immobilien-verkaufen\/\"><em>Immobilien verkaufen<\/em><\/a><\/h4>\n<p>&nbsp;<\/p>\n<h4>&gt; <a href=\"https:\/\/www.mariostark.com\/de\/immobilien\/immobilienbewertung\/\"><em>Immobilienbewertung<\/em><\/a><\/h4>\n<p>&nbsp;<\/p>\n<p>Weitere Informationen auf <a href=\"https:\/\/www.mariostark.com\/de\/immobilien\"><strong>mariostark.com\/de\/immobilien<\/strong><\/a>.<\/p>\n<p>&nbsp;<\/p>\n<p>&nbsp;<\/p>\n<p>&nbsp;<\/p>\n<p>&nbsp;<\/p>\n<h4 style=\"text-align: center;\"><span style=\"color: #999999;\">Mehr.<\/span><\/h4>\n<h6 style=\"text-align: center;\"><span style=\"color: #808080;\"><a style=\"color: #808080;\" href=\"https:\/\/www.facebook.com\/mariostarkofficial\">Facebook<\/a> \u00a0\u00a0 <a style=\"color: #808080;\" href=\"http:\/\/www.twitter.com\/mariostarkcom\">Twitter<\/a> \u00a0\u00a0 <a style=\"color: #808080;\" href=\"https:\/\/www.instagram.com\/mariostarkofficial\">Instagram<\/a>\u00a0\u00a0\u00a0 <a style=\"color: #808080;\" href=\"https:\/\/www.youtube.com\/c\/mariostarkofficial\">Youtube<\/a>\u00a0\u00a0\u00a0 <a style=\"color: #808080;\" href=\"http:\/\/www.pinterest.com\/mariostarkcom\">Pinterest<\/a><\/span><\/h6>\n<p>&nbsp;<\/p>","protected":false},"excerpt":{"rendered":"<p>IMMOBILIENMAKLER F\u00dcR HAMBURG &amp; UMGEBUNG &#8211; IMMOBILIEN, VILLEN, H\u00c4USER &amp; WOHNUNGEN KAUFEN UND VERKAUFEN &#8211; MARIO STARK &nbsp; &nbsp; Die Freie und Hansestadt Hamburg (&#8222;Hamburg&#8220;) ist, eine deutsche Metropole und zugleich, ein Bundesland der Bundesrepublik Deutschland. Hamburg ist die, nach &hellip; <a href=\"https:\/\/www.mariostark.com\/de\/immobilien\/hamburg\/\">Weiterlesen<\/a><\/p>\n","protected":false},"author":2,"featured_media":0,"parent":41,"menu_order":0,"comment_status":"closed","ping_status":"closed","template":"template-midsize.php","meta":{"footnotes":""},"class_list":["post-6690","page","type-page","status-publish","hentry"],"_links":{"self":[{"href":"https:\/\/www.mariostark.com\/de\/wp-json\/wp\/v2\/pages\/6690","targetHints":{"allow":["GET"]}}],"collection":[{"href":"https:\/\/www.mariostark.com\/de\/wp-json\/wp\/v2\/pages"}],"about":[{"href":"https:\/\/www.mariostark.com\/de\/wp-json\/wp\/v2\/types\/page"}],"author":[{"embeddable":true,"href":"https:\/\/www.mariostark.com\/de\/wp-json\/wp\/v2\/users\/2"}],"replies":[{"embeddable":true,"href":"https:\/\/www.mariostark.com\/de\/wp-json\/wp\/v2\/comments?post=6690"}],"version-history":[{"count":5,"href":"https:\/\/www.mariostark.com\/de\/wp-json\/wp\/v2\/pages\/6690\/revisions"}],"predecessor-version":[{"id":14848,"href":"https:\/\/www.mariostark.com\/de\/wp-json\/wp\/v2\/pages\/6690\/revisions\/14848"}],"up":[{"embeddable":true,"href":"https:\/\/www.mariostark.com\/de\/wp-json\/wp\/v2\/pages\/41"}],"wp:attachment":[{"href":"https:\/\/www.mariostark.com\/de\/wp-json\/wp\/v2\/media?parent=6690"}],"curies":[{"name":"wp","href":"https:\/\/api.w.org\/{rel}","templated":true}]}}