{"id":6372,"date":"2016-09-12T14:12:47","date_gmt":"2016-09-12T12:12:47","guid":{"rendered":"https:\/\/www.mariostark.com\/?page_id=6372"},"modified":"2019-04-13T12:28:54","modified_gmt":"2019-04-13T10:28:54","slug":"muenchen","status":"publish","type":"page","link":"https:\/\/www.mariostark.com\/de\/immobilien\/muenchen\/","title":{"rendered":"Immobilien in M\u00fcnchen"},"content":{"rendered":"<h3>IMMOBILIENMAKLER F\u00dcR M\u00dcNCHEN &amp; UMGEBUNG &#8211; IMMOBILIEN, VILLEN, H\u00c4USER &amp; WOHNUNGEN KAUFEN UND VERKAUFEN &#8211; MARIO STARK<\/h3>\n<p>&nbsp;<\/p>\n<p>&nbsp;<\/p>\n<p><strong>M\u00fcnchen<\/strong> (engl.: <em>Munich<\/em>) ist, die Landeshauptstadt und gleichzeitig gr\u00f6\u00dfte Stadt &#8211; des <a href=\"https:\/\/www.mariostark.com\/de\/immobilien\/bayern\/\">Freistaates Bayern<\/a>. M\u00fcnchen ist, nach den Metropolen Berlin und Hamburg, auch, die drittgr\u00f6\u00dfte Stadt Deutschlands<em>. <\/em>M\u00fcnchen ist auch bekannt, f\u00fcr seine teuren <em>Wohnlagen<\/em>, sowie, die hohen Immobiliarmieten und Immobilienkaufpreise im Stadtgebiet M\u00fcnchens. Als wirtschaftlich st\u00e4rkste Region des Freistaates Bayern zieht, die Landeshauptstadt M\u00fcnchen, auch, zahlreiche Top-Unternehmen aus Deutschland und der ganzen Welt an. Durch die vielen Sehensw\u00fcrdigkeiten, Messen und Kongresse, sowie, die vielf\u00e4ltigen Einkaufsm\u00f6glichkeiten, besuchen jedes Jahr, viele internationale Touristen und Gesch\u00e4ftsreisende die Stadt M\u00fcnchen. Die bayrische Landeshauptstadt M\u00fcnchen geh\u00f6rt, zu den begehrtesten Wohnlagen f\u00fcr <a href=\"https:\/\/www.mariostark.com\/de\/immobilien\/exklusive-immobilien\/\">Immobilien<\/a> (engl.: <em>real estate<\/em>) in der <a href=\"https:\/\/www.mariostark.com\/de\/immobilien\/deutschland\/\">Bundesrepublik Deutschland<\/a>.<\/p>\n<p>&nbsp;<\/p>\n<h4>M\u00dcNCHEN<\/h4>\n<p><em>M\u00fcnchen<\/em> gilt allgemein, als sehr beliebte, sichere und lebenswerte Metropole, mit einer hoher Lebensqualit\u00e4t. M\u00fcnchen ist, Sitz des Bayrischen Landtages, sowie, der Bayrischen Staatsregierung und z\u00e4hlt &#8211; \u00f6konomisch, gesellschaftlich und Kulturell &#8211; zu den so genannten <em>Weltst\u00e4dten,<\/em> und, zu den wirtschaftlich st\u00e4rksten Gro\u00dfst\u00e4dten Deutschlands. Au\u00dferdem ist M\u00fcnchen, einer der bedeutendesten Finanzpl\u00e4tze Deutschlands. Im M\u00fcnchner Stadtgebiet gibt es, zahlreiche bekannte Museen, Theater, Hochschulen und Universit\u00e4ten. Viele international bekannte Veranstaltungen, wie das ber\u00fchmte <em>Oktoberfest<\/em>, gro\u00dfe Sportveranstaltungen und Messen, sowie, die unvergleichlich sch\u00f6nen Architektur der Stadt M\u00fcnchen, ziehen jedes Jahr, viele Besucher aus der ganzen Welt an. Mittelpunkt der Stadt M\u00fcnchen ist der <em>Marienplatz<\/em>, der vom Neuen und Alten Rathaus umgeben wird. Die nahe gelegene <em>M\u00fcnchner Frauenkirche<\/em> mit Ihren zwei T\u00fcrmen gilt &#8211; als eines der Wahrzeichen der Stadt M\u00fcnchen. Der bekannteste Fluss in M\u00fcnchen ist, die <em>Isar<\/em>. Au\u00dferdem gibt es, weitere zahlreiche B\u00e4che und Seen im M\u00fcnchner Stadtgebiet, wie unter anderem, im ber\u00fchmten &#8222;<em>Englischen Garten&#8220;<\/em> und im Nymphenburger Park. Das Stadtgebiet M\u00fcnchens ist, in verschiedene Stadtbezirke wie, beispielsweise, <em>Schwabing &#8211;<\/em> mit seinen sch\u00f6nen Jugendstil-Wohnh\u00e4usern, oder auch, <em>Bogenhausen<\/em>, unterteilt. Die vielen beliebten Parks und Gr\u00fcnfl\u00e4chen in M\u00fcnchen laden, zusammen mit den <em>Isarauen &#8211;<\/em> zur Entspannung und Erholung, ein. Auch Gastronomisch hat M\u00fcnchen, einiges zu bieten. Zahlreiche bayrische Spezialit\u00e4ten, wie, die Wei\u00dfwurst, der Leberk\u00e4s oder, das beliebte M\u00fcnchner Bier, verw\u00f6hnen die G\u00e4ste der Stadt M\u00fcnchen auch kulinarisch.<\/p>\n<p>&nbsp;<\/p>\n<h4>M\u00dcNCHNER UMGEBUNG<\/h4>\n<p>Zu den bekanntesten Gemeinden am Stadtrand von M\u00fcnchen z\u00e4hlen, unter anderem, Ismaning, Oberschlei\u00dfheim, <a href=\"https:\/\/www.mariostark.com\/de\/immobilien\/gruenwald\/\"><em>Gr\u00fcnwald<\/em><\/a> und Pullach. Die bekanntesten Landkreise im M\u00fcnchner Raum sind, der <a href=\"https:\/\/www.mariostark.com\/de\/immobilien\/landkreis-muenchen\/\">Landkreis M\u00fcnchen <\/a>und der <a href=\"https:\/\/www.mariostark.com\/de\/immobilien\/landkreis-starnberg\/\">Landkreis Starnberg<\/a>.<\/p>\n<p>&nbsp;<\/p>\n<h4>SEHENSW\u00dcRDIGKEITEN + KULTUR<\/h4>\n<p>Zu M\u00fcnchens Sehensw\u00fcrdigkeiten z\u00e4hlen, auch, die Museen der Stadt &#8211; wie das Deutsche Museum, das Bayrische Nationalmuseum oder, das Residenzmuseum in der M\u00fcnchner Altstadt. Die sch\u00f6nen M\u00fcnchner <a href=\"https:\/\/www.mariostark.com\/immobilien\/schloesser-herrenhaeuser\/\">Schl\u00f6sser<\/a> &#8211; <em>Nymphenburg<\/em> und <em>Schlei\u00dfheim &#8211;<\/em> sind ebenfalls sehr sehenswert! Die M\u00fcnchner Kultur kann man, unter anderem auch, im Nationaltheater, im Residenztheater oder dem Prinzregententheater, genie\u00dfen. Der bekannte Englische Garten in M\u00fcnchen, aber auch, der Hofgarten, der <em>Schlosspark Nymphenburg<\/em> oder der Olympiapark z\u00e4hlen, zu den weiteren Attraktionen der Stadt M\u00fcnchen.<\/p>\n<p>&nbsp;<\/p>\n<h4>INFRASTRUKTUR UND VERKEHR<\/h4>\n<p>Der Flughafen M\u00fcnchen ist, einer der gr\u00f6\u00dften Flugh\u00e4fen in Deutschland und Europa. Vom M\u00fcnchner Hauptbahnhof gibt es, viele nationale und internationale Direktverbindungen (bspw<em>.<\/em>: nach <a href=\"https:\/\/www.mariostark.com\/de\/immobilien\/berlin\/\">Berlin<\/a>, <a href=\"https:\/\/www.mariostark.com\/de\/immobilien\/frankfurt-am-main\/\">Frankfurt am Main<\/a>, <a href=\"https:\/\/www.mariostark.com\/de\/immobilien\/hamburg\/\">Hamburg<\/a>, <a href=\"https:\/\/www.mariostark.com\/de\/immobilien\/stuttgart\/\">Stuttgart<\/a>, <em>Paris <\/em>oder Z\u00fcrich). Viele wichtige deutsche Bundesstra\u00dfen und Autobahnen, wie beispielsweise &#8211; die A 8 und die A 9 &#8211; f\u00fchren von, \u00fcber, oder nach <em>M\u00fcnchen<\/em>.<\/p>\n<p>&nbsp;<\/p>\n<p>&nbsp;<\/p>\n<h3>WOHNEN IN <a href=\"#M\u00dcNCHEN\">#M\u00dcNCHEN<\/a> UND UMGEBUNG &#8211; MARIO STARK IMMOBILIEN &#8211; <span style=\"color: #333333;\"><a href=\"#MARIOSTARK\">#MARIOSTARK<\/a><\/span><\/h3>\n<p>&nbsp;<\/p>\n<h4>M\u00dcNCHEN: IMMOBILIEN KAUFEN &amp; VERKAUFEN<\/h4>\n<p>Gerne beraten wir Sie, bei Fragen, zum Immobilienverkauf, einer Immobilienbewertung oder der <a href=\"https:\/\/www.mariostark.com\/de\/immobilien\/immobilienbesichtigung\/\">Immobilienbesichtigung<\/a> von <a href=\"https:\/\/www.mariostark.com\/de\/immobilien\/einfamilienhaeuser\/\">Einfamilienh\u00e4usern<\/a>, <a href=\"https:\/\/www.mariostark.com\/de\/immobilien\/villen\/\">Villen<\/a> &amp; <a href=\"https:\/\/www.mariostark.com\/de\/immobilien\/eigentumswohnungen\/\">Eigentumswohnungen<\/a> in <em>M\u00fcnchen<\/em>.<\/p>\n<p>&nbsp;<\/p>\n<h4>&gt; <a href=\"https:\/\/www.mariostark.com\/de\/kontakt\/\"><em>Kontakt<\/em><\/a><\/h4>\n<p>&nbsp;<\/p>\n<h4>&gt; <a href=\"https:\/\/www.mariostark.com\/de\/immobilien\/immobilien-verkaufen\/\"><em>Immobilien verkaufen<\/em><\/a><\/h4>\n<p>&nbsp;<\/p>\n<h4>&gt; <a href=\"https:\/\/www.mariostark.com\/de\/immobilien\/immobilienbewertung\/\"><em>Immobilienbewertung<\/em><\/a><\/h4>\n<p>&nbsp;<\/p>\n<p>Weitere Informationen auf <a href=\"https:\/\/www.mariostark.com\/de\/immobilien\"><strong>mariostark.com\/de\/immobilien<\/strong><\/a>.<\/p>\n<p>&nbsp;<\/p>\n<p>&nbsp;<\/p>\n<p>&nbsp;<\/p>\n<p>&nbsp;<\/p>\n<h4 style=\"text-align: center;\"><span style=\"color: #999999;\">Mehr.<\/span><\/h4>\n<h6 style=\"text-align: center;\"><span style=\"color: #808080;\"><a style=\"color: #808080;\" href=\"https:\/\/www.facebook.com\/mariostarkofficial\">Facebook<\/a> \u00a0\u00a0 <a style=\"color: #808080;\" href=\"http:\/\/www.twitter.com\/mariostarkcom\">Twitter<\/a> \u00a0\u00a0 <a style=\"color: #808080;\" href=\"https:\/\/www.instagram.com\/mariostarkofficial\">Instagram<\/a>\u00a0\u00a0\u00a0 <a style=\"color: #808080;\" href=\"https:\/\/www.youtube.com\/c\/mariostarkofficial\">Youtube<\/a>\u00a0\u00a0\u00a0 <a style=\"color: #808080;\" href=\"http:\/\/www.pinterest.com\/mariostarkcom\">Pinterest<\/a><\/span><\/h6>\n<p>&nbsp;<\/p>","protected":false},"excerpt":{"rendered":"<p>IMMOBILIENMAKLER F\u00dcR M\u00dcNCHEN &amp; UMGEBUNG &#8211; IMMOBILIEN, VILLEN, H\u00c4USER &amp; WOHNUNGEN KAUFEN UND VERKAUFEN &#8211; MARIO STARK &nbsp; &nbsp; M\u00fcnchen (engl.: Munich) ist, die Landeshauptstadt und gleichzeitig gr\u00f6\u00dfte Stadt &#8211; des Freistaates Bayern. M\u00fcnchen ist, nach den Metropolen Berlin und &hellip; <a href=\"https:\/\/www.mariostark.com\/de\/immobilien\/muenchen\/\">Weiterlesen<\/a><\/p>\n","protected":false},"author":2,"featured_media":0,"parent":41,"menu_order":0,"comment_status":"closed","ping_status":"closed","template":"template-midsize.php","meta":{"footnotes":""},"class_list":["post-6372","page","type-page","status-publish","hentry"],"_links":{"self":[{"href":"https:\/\/www.mariostark.com\/de\/wp-json\/wp\/v2\/pages\/6372","targetHints":{"allow":["GET"]}}],"collection":[{"href":"https:\/\/www.mariostark.com\/de\/wp-json\/wp\/v2\/pages"}],"about":[{"href":"https:\/\/www.mariostark.com\/de\/wp-json\/wp\/v2\/types\/page"}],"author":[{"embeddable":true,"href":"https:\/\/www.mariostark.com\/de\/wp-json\/wp\/v2\/users\/2"}],"replies":[{"embeddable":true,"href":"https:\/\/www.mariostark.com\/de\/wp-json\/wp\/v2\/comments?post=6372"}],"version-history":[{"count":5,"href":"https:\/\/www.mariostark.com\/de\/wp-json\/wp\/v2\/pages\/6372\/revisions"}],"predecessor-version":[{"id":14865,"href":"https:\/\/www.mariostark.com\/de\/wp-json\/wp\/v2\/pages\/6372\/revisions\/14865"}],"up":[{"embeddable":true,"href":"https:\/\/www.mariostark.com\/de\/wp-json\/wp\/v2\/pages\/41"}],"wp:attachment":[{"href":"https:\/\/www.mariostark.com\/de\/wp-json\/wp\/v2\/media?parent=6372"}],"curies":[{"name":"wp","href":"https:\/\/api.w.org\/{rel}","templated":true}]}}