{"id":6352,"date":"2016-09-09T15:39:17","date_gmt":"2016-09-09T13:39:17","guid":{"rendered":"https:\/\/www.mariostark.com\/?page_id=6352"},"modified":"2019-04-13T12:05:47","modified_gmt":"2019-04-13T10:05:47","slug":"fischland-darss-zingst","status":"publish","type":"page","link":"https:\/\/www.mariostark.com\/de\/immobilien\/fischland-darss-zingst\/","title":{"rendered":"Immobilien auf Fischland-Dar\u00df-Zingst"},"content":{"rendered":"<h3>IMMOBILIENMAKLER F\u00dcR DIE HALBINSEL FISCHLAND-DARSS-ZINGST &#8211; IMMOBILIEN, VILLEN, H\u00c4USER &amp; WOHNUNGEN KAUFEN UND VERKAUFEN &#8211; MARIO STARK<\/h3>\n<p>&nbsp;<\/p>\n<p>&nbsp;<\/p>\n<p>Die<strong> Halbinsel Fischland-Dar\u00df-Zingst <\/strong>(&#8222;Fischland-Dar\u00df-Zingst&#8220;) liegt, an der deutschen <a href=\"https:\/\/www.mariostark.com\/de\/immobilien\/ostsee\/\">Ostseek\u00fcste<\/a>, im Norden des Bundeslandes <a href=\"https:\/\/www.mariostark.com\/de\/immobilien\/mecklenburg-vorpommern\/\">Mecklenburg-Vorpommern<\/a>, zwischen den Hansest\u00e4dten &#8211; <a href=\"https:\/\/www.mariostark.com\/de\/immobilien\/rostock\/\">Rostock<\/a> und <a href=\"https:\/\/www.mariostark.com\/de\/immobilien\/stralsund\/\">Stralsund<\/a>. Die Halbinseln Dar\u00df und Zingst, geh\u00f6ren heute zum <a href=\"https:\/\/www.mariostark.com\/de\/immobilien\/landkreis-vorpommern-ruegen\/\">Landkreis Vorpommern-R\u00fcgen<\/a>, der einer der gr\u00f6\u00dften Landkreise <a href=\"https:\/\/www.mariostark.com\/de\/immobilien\/deutschland\/\">Deutschlands<\/a> ist. Die Kurorte &#8211; <a href=\"https:\/\/www.mariostark.com\/de\/immobilien\/zingst\/\">Zingst<\/a> und <a href=\"https:\/\/www.mariostark.com\/de\/immobilien\/ahrenshoop\/\">Ahrenshoop<\/a> &#8211; gelten, als besonders begehrte Lage f\u00fcr Wohn- und Ferienimmobilien (&#8222;Immobilien&#8220;) &#8211; auf der Halbinsel Fischland-Dar\u00df-Zingst.<\/p>\n<p>&nbsp;<\/p>\n<h4>DAS FISCHLAND<\/h4>\n<p>Das <strong>Fischland<\/strong> ist, ein Teil der Halbinsel Fischland-Dar\u00df-Zingst. Der wohl bekannteste Ort auf dem Fischland ist, das <a href=\"https:\/\/www.mariostark.com\/de\/immobilien\/wustrow-fischland\/\">Ostseebad Wustrow<\/a> &#8211; zwischen der Mecklenburgischen Ostseek\u00fcste und dem sog. &#8222;Saaler Bodden&#8220;. Vor allem Ferien-H\u00e4user und Ferienwohnungen sind hier (bei Touristen) sehr beliebt.<\/p>\n<p>&nbsp;<\/p>\n<h4>DER DARSS<\/h4>\n<p>Zur Halbinsel <strong>Dar\u00df<\/strong> geh\u00f6ren, die bekannten Kurorte &#8211; <em>Born am Dar\u00df<\/em>, Wieck a. Dar\u00df, Prerow und <em>Ahrenshoop<\/em>. Gro\u00dfe Teile der Halbinsel Dar\u00df sind, vom weitl\u00e4ufigem &#8222;Dar\u00dfwald&#8220; bedeckt. Dieser ist, mit mehreren gut ausgebauten Wanderwegen, am besten zu Fu\u00df oder mit dem Fahrrad, zu entdecken. Die breiten, feinsandigen Str\u00e4nde der Halbinseln Dar\u00df &amp; Zingst sind, bei Urlaubern aus Nah und Fern, sehr beliebt. Der Tourismus ist daher, auf der gesamten Halbinsel, von gro\u00dfer wirtschaftlicher Bedeutung.\u00a0In den Kurorten der Halbinsel gibt es heute, viele attraktive\u00a0<a href=\"https:\/\/www.mariostark.com\/de\/immobilien\/ferienimmobilien\/\">Ferienimmobilien<\/a>, wie Ferienh\u00e4user und <em>Ferienwohnungen<\/em>, die \u00fcberwiegend im privaten Besitz sind. Desweiteren gibt es, zahlreiche Zelt- und Campingpl\u00e4tze, sowie mehrere kleine Hotels und private Pensionen, auf dem <em>Dar\u00df<\/em>.<\/p>\n<p>&nbsp;<\/p>\n<h4>DAS OSTSEEBAD ZINGST<\/h4>\n<p>Der Kurort <strong>Zingst<\/strong><em> &#8211;<\/em> auf der Halbinsel Zingst &#8211; ist, ein Seeheilbad und bekannt, f\u00fcr seine hervorragende Badewasserqualit\u00e4t. Die sch\u00f6ne lange <em>Seebr\u00fccke<\/em> in Zingst, ist immer gut besucht. Wie auch auf der Halbinsel Dar\u00df, ist der Tourismus, ein wichtiger wirtschaftlicher Faktor f\u00fcr die Halbinsel Zingst. Die zahlreichen Ferienh\u00e4user und <a href=\"https:\/\/www.mariostark.com\/de\/immobilien\/ferienwohnungen\/\">Ferienwohnungen<\/a> auf Zingst, werden immer gern gebucht. Wer es etwas komfortabler mag, findet im Ostseebad Zingst auch, einige hochwertige und luxuri\u00f6se Hotels, die keine W\u00fcnsche offen lassen. Der beliebte K\u00fcstenradweg l\u00e4dt, zu ausgiebigen Erkundungsfahrten \u00fcber die &#8222;Deiche&#8220; der Halbinsel ein. Diese wurden zum Schutz vor Hochwasser angelegt, da die Ortslage des Seeheilbades Zingst (Gemeinde Zingst), nur knapp oberhalb des Meeresspiegels liegt.<\/p>\n<p>&nbsp;<\/p>\n<h4>VERKEHR (ANFAHRT)<\/h4>\n<p>W\u00e4hrend der Sommersaison kann man, die Halbinseln Dar\u00df und Zingst, auch mit Fernbussen aus mehreren deutschen Gro\u00dfst\u00e4dten (z.B.: <a href=\"https:\/\/www.mariostark.com\/de\/immobilien\/hamburg\/\">Hamburg<\/a> oder <a href=\"https:\/\/www.mariostark.com\/de\/immobilien\/berlin\/\">Berlin<\/a>) erreichen. \u00dcber eine regelm\u00e4\u00dfige Bahnverbindung aus der <a href=\"https:\/\/www.mariostark.com\/de\/immobilien\/stralsund\/\">Hansestadt Stralsund<\/a>, erreicht man die Stadt<em> Barth<\/em>, von der aus, mit Bussen oder dem Auto &#8211; auf die Halbinsel Zingst gefahren werden kann.<\/p>\n<p>&nbsp;<\/p>\n<h4>IMMOBILIENPREISE AUF DEM DARSS &amp; ZINGST<\/h4>\n<p>Die Immobilienpreise auf der Halbinsel Fischland-Dar\u00df-Zingst f\u00fcr den Kauf von <a href=\"https:\/\/www.mariostark.com\/de\/immobilien\/grundstuecke\/\">Grundst\u00fccken<\/a>, <a href=\"https:\/\/www.mariostark.com\/de\/immobilien\/einfamilienhaeuser\/\">Einfamilienh\u00e4usern<\/a> oder <a href=\"https:\/\/www.mariostark.com\/de\/immobilien\/eigentumswohnungen\/\">Eigentumswohnungen<\/a>, erreichen gerade in den beliebten Seeb\u00e4dern &#8211; entlang der sch\u00f6nen Ostseek\u00fcste &#8211; ein \u00fcberdurchschnittlich hohes Niveau.<\/p>\n<p>&nbsp;<\/p>\n<p>&nbsp;<\/p>\n<h3>FERIENIMMOBILIEN AUF DEM <a href=\"#DARSS\">#DARSS<\/a> UND <a href=\"#ZINGST\">#ZINGST<\/a> &#8211; MARIO STARK IMMOBILIEN &#8211; <span style=\"color: #333333;\"><a href=\"#MARIOSTARK\">#MARIOSTARK<\/a><\/span><\/h3>\n<p>&nbsp;<\/p>\n<h4>FISCHLAND-DARSS-ZINGST: IMMOBILIEN KAUFEN &amp; VERKAUFEN<\/h4>\n<p>Gerne beraten wir Sie, bei Fragen, zum Immobilienkauf- und verkauf von <a href=\"https:\/\/www.mariostark.com\/de\/immobilien\/haeuser\/\">H\u00e4usern<\/a>, <a href=\"https:\/\/www.mariostark.com\/de\/immobilien\/wohnungen\/\">Wohnungen<\/a> oder Ferienwohnungen, sowie, der <a href=\"https:\/\/www.mariostark.com\/de\/immobilienfinanzierung\/\">Immobilienfinanzierung<\/a>, einer Immobilienbewertung oder <a href=\"https:\/\/www.mariostark.com\/de\/immobilien\/immobilienbesichtigung\/\">Immobilienbesichtigung<\/a> auf der Halbinsel <em>Fischland-Dar\u00df-Zingst<\/em>.<\/p>\n<p>&nbsp;<\/p>\n<h4>&gt; <a href=\"https:\/\/www.mariostark.com\/de\/kontakt\/\"><em>Kontakt<\/em><\/a><\/h4>\n<p>&nbsp;<\/p>\n<h4>&gt; <a href=\"https:\/\/www.mariostark.com\/de\/immobilien\/immobilien-verkaufen\/\"><em>Immobilien verkaufen<\/em><\/a><\/h4>\n<p>&nbsp;<\/p>\n<h4>&gt; <a href=\"https:\/\/www.mariostark.com\/de\/immobilien\/immobilienbewertung\/\"><em>Immobilienbewertung<\/em><\/a><\/h4>\n<p>&nbsp;<\/p>\n<p>Weitere Informationen auf <a href=\"https:\/\/www.mariostark.com\/de\/immobilien\"><strong>mariostark.com\/de\/immobilien<\/strong><\/a>.<\/p>\n<p>&nbsp;<\/p>\n<p>&nbsp;<\/p>\n<p>&nbsp;<\/p>\n<p>&nbsp;<\/p>\n<h4 style=\"text-align: center;\"><span style=\"color: #999999;\">Mehr.<\/span><\/h4>\n<h6 style=\"text-align: center;\"><span style=\"color: #808080;\"><a style=\"color: #808080;\" href=\"https:\/\/www.facebook.com\/mariostarkofficial\">Facebook<\/a> \u00a0\u00a0 <a style=\"color: #808080;\" href=\"http:\/\/www.twitter.com\/mariostarkcom\">Twitter<\/a> \u00a0\u00a0 <a style=\"color: #808080;\" href=\"https:\/\/www.instagram.com\/mariostarkofficial\">Instagram<\/a>\u00a0\u00a0\u00a0 <a style=\"color: #808080;\" href=\"https:\/\/www.youtube.com\/c\/mariostarkofficial\">Youtube<\/a>\u00a0\u00a0\u00a0 <a style=\"color: #808080;\" href=\"http:\/\/www.pinterest.com\/mariostarkcom\">Pinterest<\/a><\/span><\/h6>\n<p>&nbsp;<\/p>\n<p>&nbsp;<\/p>","protected":false},"excerpt":{"rendered":"<p>IMMOBILIENMAKLER F\u00dcR DIE HALBINSEL FISCHLAND-DARSS-ZINGST &#8211; IMMOBILIEN, VILLEN, H\u00c4USER &amp; WOHNUNGEN KAUFEN UND VERKAUFEN &#8211; MARIO STARK &nbsp; &nbsp; Die Halbinsel Fischland-Dar\u00df-Zingst (&#8222;Fischland-Dar\u00df-Zingst&#8220;) liegt, an der deutschen Ostseek\u00fcste, im Norden des Bundeslandes Mecklenburg-Vorpommern, zwischen den Hansest\u00e4dten &#8211; Rostock und Stralsund. &hellip; <a href=\"https:\/\/www.mariostark.com\/de\/immobilien\/fischland-darss-zingst\/\">Weiterlesen<\/a><\/p>\n","protected":false},"author":2,"featured_media":0,"parent":41,"menu_order":0,"comment_status":"closed","ping_status":"closed","template":"template-midsize.php","meta":{"footnotes":""},"class_list":["post-6352","page","type-page","status-publish","hentry"],"_links":{"self":[{"href":"https:\/\/www.mariostark.com\/de\/wp-json\/wp\/v2\/pages\/6352","targetHints":{"allow":["GET"]}}],"collection":[{"href":"https:\/\/www.mariostark.com\/de\/wp-json\/wp\/v2\/pages"}],"about":[{"href":"https:\/\/www.mariostark.com\/de\/wp-json\/wp\/v2\/types\/page"}],"author":[{"embeddable":true,"href":"https:\/\/www.mariostark.com\/de\/wp-json\/wp\/v2\/users\/2"}],"replies":[{"embeddable":true,"href":"https:\/\/www.mariostark.com\/de\/wp-json\/wp\/v2\/comments?post=6352"}],"version-history":[{"count":6,"href":"https:\/\/www.mariostark.com\/de\/wp-json\/wp\/v2\/pages\/6352\/revisions"}],"predecessor-version":[{"id":14809,"href":"https:\/\/www.mariostark.com\/de\/wp-json\/wp\/v2\/pages\/6352\/revisions\/14809"}],"up":[{"embeddable":true,"href":"https:\/\/www.mariostark.com\/de\/wp-json\/wp\/v2\/pages\/41"}],"wp:attachment":[{"href":"https:\/\/www.mariostark.com\/de\/wp-json\/wp\/v2\/media?parent=6352"}],"curies":[{"name":"wp","href":"https:\/\/api.w.org\/{rel}","templated":true}]}}