{"id":6248,"date":"2016-09-06T15:28:30","date_gmt":"2016-09-06T13:28:30","guid":{"rendered":"https:\/\/www.mariostark.com\/?page_id=6248"},"modified":"2019-04-13T12:06:40","modified_gmt":"2019-04-13T10:06:40","slug":"ruegen","status":"publish","type":"page","link":"https:\/\/www.mariostark.com\/de\/immobilien\/ruegen\/","title":{"rendered":"Immobilien auf R\u00fcgen"},"content":{"rendered":"<h3>IMMOBILIENMAKLER F\u00dcR DIE INSEL R\u00dcGEN &#8211; IMMOBILIEN, VILLEN, H\u00c4USER &amp; WOHNUNGEN KAUFEN UND VERKAUFEN &#8211; MARIO STARK<\/h3>\n<p>&nbsp;<\/p>\n<p>&nbsp;<\/p>\n<p>Die<strong> Insel R\u00fcgen<\/strong> (&#8222;R\u00fcgen&#8220;) ist, die gr\u00f6\u00dfte Insel <a href=\"https:\/\/www.mariostark.com\/de\/immobilien\/deutschland\/\">Deutschlands<\/a>. Die Insel R\u00fcgen geh\u00f6rt, zum Bundesland <a href=\"https:\/\/www.mariostark.com\/de\/immobilien\/mecklenburg-vorpommern\/\">Mecklenburg-Vorpommern<\/a> (MV) und liegt, an der deutschen Ostseek\u00fcste. R\u00fcgen ist au\u00dferdem, eine der beliebtesten deutschen Urlaubsinseln. Die imposante &#8222;R\u00fcgenbr\u00fccke&#8220; in der <a href=\"https:\/\/www.mariostark.com\/de\/immobilien\/stralsund\/\">Hansestadt Stralsund<\/a> verbindet, die Insel R\u00fcgen, mit dem Festland. R\u00fcgen geh\u00f6rt heute, zum <a href=\"https:\/\/www.mariostark.com\/de\/immobilien\/landkreis-vorpommern-ruegen\/\">Landkreis Vorpommern-R\u00fcgen<\/a>. Der Mittelpunkt der Insel R\u00fcgen ist, die Stadt <a href=\"https:\/\/www.mariostark.com\/de\/immobilien\/bergen-auf-ruegen\/\">Bergen auf R\u00fcgen<\/a>. Die bekanntesten Bade- und Kurorte auf R\u00fcgen sind: Binz, Sellin, G\u00f6hren und <em>Sa\u00dfnitz<\/em>. Die Insel R\u00fcgen geh\u00f6rt heute, zu den begehrtesten Lagen f\u00fcr Wohn- und Ferienimmobilien (&#8222;Immobilien&#8220;) &#8211; in der gesamten deutschen <a href=\"https:\/\/www.mariostark.com\/de\/immobilien\/ostsee\/\"><em>Ostseeregion<\/em><\/a>.<\/p>\n<p>&nbsp;<\/p>\n<h4>DIE INSEL R\u00dcGEN<\/h4>\n<p><em>R\u00fcgen<\/em> ist, wegen der reizvollen Landschaft, der mond\u00e4nen B\u00e4derarchitektur und dem breiten, feinen Sandstrand, eines der beliebtesten deutschen Urlaubsziele. Fast alle Orte der Insel sind, von touristischer Bedeutung, besonders in Ostseen\u00e4he, oder bei Sehensw\u00fcrdigkeiten wie, dem Kap Arkona, oder Kulturveranstaltungen wie &#8211; in Ralswiek. Auf R\u00fcgen findet man, viele traditionelle <em>Reetdachh\u00e4user<\/em>, sowie, klassische Backsteinfassaden und nat\u00fcrlich die sch\u00f6ne <em>B\u00e4derarchitektur<\/em>, wie auch in den anderen bekannten Ostseeb\u00e4dern &#8211; Heiligendamm und <a href=\"https:\/\/www.mariostark.com\/de\/immobilien\/kuehlungsborn\/\">K\u00fchlungsborn<\/a> &#8211; auf dem Festland. Die Kreide &#8211; das so genannte &#8222;W<em>ei\u00dfe Gold von R\u00fcgen&#8220;<\/em> ist, ein wichtiges R\u00fcgener Exportgut und findet sich, in vielen Wellnessprodukten auf der Insel R\u00fcgen, wieder. Bekannte St\u00e4dte auf R\u00fcgen sind &#8211; <em>Sa\u00dfnitz<\/em>, Bergen und Putbus, sowie, die Ostseeb\u00e4der &#8211; <a href=\"https:\/\/www.mariostark.com\/de\/immobilien\/binz\/\">Binz<\/a>, Sellin, <em>Baabe<\/em> und <a href=\"https:\/\/www.mariostark.com\/de\/immobilien\/goehren\/\">G\u00f6hren<\/a>.<\/p>\n<p>&nbsp;<\/p>\n<h4>SEHENSW\u00dcRDIGKEITEN<\/h4>\n<p>Zu den vielen Sehensw\u00fcrdigkeiten der Insel R\u00fcgen geh\u00f6ren, unter anderem, der Jasmund-Nationalpark, mit dem Wahrzeichen der Insel R\u00fcgen &#8211; dem ber\u00fchmten &#8222;Kreidefelsen K\u00f6nigsstuhl&#8220; oder, dem im Norden der Insel R\u00fcgen gelegenen &#8211; Kap Arkona. Sehenswert sind auch, das beliebte Jagdschloss Granitz &#8211; in der N\u00e4he des Seebades Binz, sowie, die sch\u00f6nen <em>Seebr\u00fccken<\/em> in Binz und <a href=\"https:\/\/www.mariostark.com\/de\/immobilien\/sellin\/\">Sellin<\/a>.<\/p>\n<p>&nbsp;<\/p>\n<h4>KULTURELLES<\/h4>\n<p>Auch Kulturell hat die Insel R\u00fcgen, einiges zu bieten. Die bekannten <em>St\u00f6rtebeker-Festspiele<\/em> in Ralswiek sind, eine der erfolgreichsten Freilicht-Theatervorstellungen Deutschlands. Gerade in den Sommermonaten gibt es in den Seeb\u00e4dern, <a href=\"https:\/\/www.mariostark.com\/de\/immobilien\/schloesser-herrenhaeuser\/\">Schl\u00f6ssern<\/a> und Kirchen der Insel R\u00fcgen, viele weitere interessante Kulturveranstaltungen und Konzerte. Auch Film- und Fernsehproduktionen finden regelm\u00e4\u00dfig, auf R\u00fcgen statt.<\/p>\n<p>&nbsp;<\/p>\n<h4>INFRASTRUKTUR UND VERKEHR<\/h4>\n<p>Mit der Bahn erreicht man die Insel R\u00fcgen, aus vielen deutschen St\u00e4dten (bspw<em>.<\/em>: <a href=\"https:\/\/www.mariostark.com\/de\/immobilien\/berlin\/\">Berlin<\/a>, <a href=\"https:\/\/www.mariostark.com\/de\/immobilien\/hamburg\/\">Hamburg<\/a>, <a href=\"https:\/\/www.mariostark.com\/de\/immobilien\/stuttgart\/\">Stuttgart<\/a> oder <a href=\"https:\/\/www.mariostark.com\/de\/immobilien\/muenchen\/\">M\u00fcnchen<\/a>). Ein Radrundweg um die Insel R\u00fcgen l\u00e4dt, zu ausgiebigen Erkundungsfahrten ein. Vom F\u00e4hrhafen in Sa\u00dfnitz gibt es, F\u00e4hrverbindungen nach D\u00e4nemark, Schweden oder in das Baltikum. Mit Ausflugsdampfern kann man au\u00dferdem, von den Seeb\u00e4dern der Insel R\u00fcgen &#8211; bis nach Peenem\u00fcnde, auf der <a href=\"https:\/\/www.mariostark.com\/de\/immobilien\/usedom\/\">Insel Usedom<\/a> fahren. Mit dem Auto erreicht man, \u00fcber die Bundesstra\u00dfe B 96, von Sa\u00dfnitz \u00fcber Bergen auch, die Hansest\u00e4dte &#8211; Stralsund und <a href=\"https:\/\/www.mariostark.com\/de\/immobilien\/rostock\/\">Rostock<\/a> &#8211; auf dem Festland. Autofrei sind dagegen, Sehensw\u00fcrdigkeiten wie das Kap Arkona, das <em>Jagdschloss Granitz<\/em>, der Kreidefelsen K\u00f6nigsstuhl sowie, die vorgelagerte Insel Hiddensee. Diese touristischen Attraktionen sind aber, mit \u00f6ffentlichen Verkehrsmitteln, gut zu erreichen.<\/p>\n<p>&nbsp;<\/p>\n<h4>IMMOBILIEN AUF R\u00dcGEN<\/h4>\n<p>Die Insel R\u00fcgen ist heute, besonders, f\u00fcr attraktive <a href=\"https:\/\/www.mariostark.com\/de\/immobilien\/ferienimmobilien\/\">Ferienimmobilien<\/a>, bekannt. R\u00fcgen gilt au\u00dferdem, als sehr begehrte Lage, f\u00fcr <a href=\"https:\/\/www.mariostark.com\/de\/immobilien\/immobilien-kaufen-verkaufen\/\">Immobilien<\/a> wie, <a href=\"https:\/\/www.mariostark.com\/de\/immobilien\/einfamilienhaeuser\/\">Einfamilienh\u00e4user<\/a>, <a href=\"https:\/\/www.mariostark.com\/de\/immobilien\/villen\/\">Villen<\/a> &amp; <a href=\"https:\/\/www.mariostark.com\/de\/immobilien\/eigentumswohnungen\/\">Eigentumswohnungen<\/a>.<\/p>\n<p>&nbsp;<\/p>\n<p>&nbsp;<\/p>\n<h3>FERIENIMMOBILIEN AUF DER INSEL <a href=\"#R\u00dcGEN\">#R\u00dcGEN<\/a> &#8211; MARIO STARK IMMOBILIEN &#8211; <span style=\"color: #333333;\"><a href=\"#MARIOSTARK\">#MARIOSTARK<\/a><\/span><\/h3>\n<p>&nbsp;<\/p>\n<h4>R\u00dcGEN: IMMOBILIEN KAUFEN &amp; VERKAUFEN<\/h4>\n<p>Gerne beraten wir Sie, bei Fragen, zum Immobilienverkauf, einer Immobilienbewertung oder einer <a href=\"https:\/\/www.mariostark.com\/de\/immobilien\/immobilienbesichtigung\/\">Immobilienbesichtigung<\/a>\u00a0auf der Insel R\u00fcgen.<\/p>\n<p>&nbsp;<\/p>\n<h4>&gt; <a href=\"https:\/\/www.mariostark.com\/de\/kontakt\/\"><em>Kontakt<\/em><\/a><\/h4>\n<p>&nbsp;<\/p>\n<h4>&gt; <a href=\"https:\/\/www.mariostark.com\/de\/immobilien\/immobilien-verkaufen\/\"><em>Immobilien verkaufen<\/em><\/a><\/h4>\n<p>&nbsp;<\/p>\n<h4>&gt; <a href=\"https:\/\/www.mariostark.com\/de\/immobilien\/immobilienbewertung\/\"><em>Immobilienbewertung<\/em><\/a><\/h4>\n<p>&nbsp;<\/p>\n<p>Weitere Informationen auf <a href=\"https:\/\/www.mariostark.com\/de\/immobilien\"><strong>mariostark.com\/de\/immobilien<\/strong><\/a>.<\/p>\n<p>&nbsp;<\/p>\n<p>&nbsp;<\/p>\n<p>&nbsp;<\/p>\n<p>&nbsp;<\/p>\n<h4 style=\"text-align: center;\"><span style=\"color: #999999;\">Mehr.<\/span><\/h4>\n<h6 style=\"text-align: center;\"><span style=\"color: #808080;\"><a style=\"color: #808080;\" href=\"https:\/\/www.facebook.com\/mariostarkofficial\">Facebook<\/a> \u00a0\u00a0 <a style=\"color: #808080;\" href=\"http:\/\/www.twitter.com\/mariostarkcom\">Twitter<\/a> \u00a0\u00a0 <a style=\"color: #808080;\" href=\"https:\/\/www.instagram.com\/mariostarkofficial\">Instagram<\/a>\u00a0\u00a0\u00a0 <a style=\"color: #808080;\" href=\"https:\/\/www.youtube.com\/c\/mariostarkofficial\">Youtube<\/a>\u00a0\u00a0\u00a0 <a style=\"color: #808080;\" href=\"http:\/\/www.pinterest.com\/mariostarkcom\">Pinterest<\/a><\/span><\/h6>\n<p>&nbsp;<\/p>","protected":false},"excerpt":{"rendered":"<p>IMMOBILIENMAKLER F\u00dcR DIE INSEL R\u00dcGEN &#8211; IMMOBILIEN, VILLEN, H\u00c4USER &amp; WOHNUNGEN KAUFEN UND VERKAUFEN &#8211; MARIO STARK &nbsp; &nbsp; Die Insel R\u00fcgen (&#8222;R\u00fcgen&#8220;) ist, die gr\u00f6\u00dfte Insel Deutschlands. Die Insel R\u00fcgen geh\u00f6rt, zum Bundesland Mecklenburg-Vorpommern (MV) und liegt, an der &hellip; <a href=\"https:\/\/www.mariostark.com\/de\/immobilien\/ruegen\/\">Weiterlesen<\/a><\/p>\n","protected":false},"author":2,"featured_media":0,"parent":41,"menu_order":0,"comment_status":"closed","ping_status":"closed","template":"template-midsize.php","meta":{"footnotes":""},"class_list":["post-6248","page","type-page","status-publish","hentry"],"_links":{"self":[{"href":"https:\/\/www.mariostark.com\/de\/wp-json\/wp\/v2\/pages\/6248","targetHints":{"allow":["GET"]}}],"collection":[{"href":"https:\/\/www.mariostark.com\/de\/wp-json\/wp\/v2\/pages"}],"about":[{"href":"https:\/\/www.mariostark.com\/de\/wp-json\/wp\/v2\/types\/page"}],"author":[{"embeddable":true,"href":"https:\/\/www.mariostark.com\/de\/wp-json\/wp\/v2\/users\/2"}],"replies":[{"embeddable":true,"href":"https:\/\/www.mariostark.com\/de\/wp-json\/wp\/v2\/comments?post=6248"}],"version-history":[{"count":5,"href":"https:\/\/www.mariostark.com\/de\/wp-json\/wp\/v2\/pages\/6248\/revisions"}],"predecessor-version":[{"id":14811,"href":"https:\/\/www.mariostark.com\/de\/wp-json\/wp\/v2\/pages\/6248\/revisions\/14811"}],"up":[{"embeddable":true,"href":"https:\/\/www.mariostark.com\/de\/wp-json\/wp\/v2\/pages\/41"}],"wp:attachment":[{"href":"https:\/\/www.mariostark.com\/de\/wp-json\/wp\/v2\/media?parent=6248"}],"curies":[{"name":"wp","href":"https:\/\/api.w.org\/{rel}","templated":true}]}}