{"id":51,"date":"2013-12-05T11:48:55","date_gmt":"2013-12-05T09:48:55","guid":{"rendered":"http:\/\/starkint.com\/?page_id=51"},"modified":"2019-04-13T12:53:21","modified_gmt":"2019-04-13T10:53:21","slug":"karriere","status":"publish","type":"page","link":"https:\/\/www.mariostark.com\/de\/karriere\/","title":{"rendered":"Karriere"},"content":{"rendered":"<h3>WERDEN SIE MARIO STARK IMMOBILIENPARTNER!<\/h3>\n<p>&nbsp;<\/p>\n<p>An ausgew\u00e4hlten Standorten k\u00f6nnen Sie, <a href=\"https:\/\/www.mariostark.com\/de\/partner\/\">Partner<\/a> unseres Erfolges werden. Als Immobilienpartner unterst\u00fctzen wir Sie, mit IT und Know-how, f\u00fcr eine erfolgreiche Immobilienvermittlung. Ebenso profitieren Sie, von unseren umfassenden Public Relations und Marketingma\u00dfnahmen. Der Vorteil unseres Partnerprogramms ist, dass Sie keine Einstiegsgeb\u00fchr und keine laufenden Geb\u00fchren zahlen m\u00fcssen. Au\u00dferdem bleiben Sie frei, in Ihren unternehmerischen Entscheidungen und genie\u00dfen, als offizieller &#8211; <a href=\"https:\/\/www.mariostark.com\/de\/\">MARIO STARK<\/a> Immobilienpartner &#8211; einen \u00fcberdurchschnittlich hohen Umsatzanteil, sowie, umfangreichen Gebietsschutz.<\/p>\n<p>Gerne informieren wir Sie, bei Fragen zu unserem Partnerprogramm, unter Telefon 49-38204-74160 oder unter E-Mail <a href=\"mailto:career@mariostark.com\">career@mariostark.com<\/a>.<\/p>\n<p>&nbsp;<\/p>\n<h4 style=\"text-align: left;\">&gt; <a href=\"https:\/\/www.mariostark.com\/de\/karriere\/immobilienpartner\/\"><em>Immobilienpartner werden<\/em><\/a><span style=\"color: #999999;\"><br \/>\n<\/span><\/h4>\n<p>&nbsp;<\/p>\n<p>&nbsp;<\/p>\n<p>&nbsp;<\/p>\n<p>&nbsp;<\/p>\n<h6 style=\"text-align: center;\"><span style=\"color: #808080;\"><a style=\"color: #808080;\" href=\"https:\/\/www.facebook.com\/mariostarkofficial\">Facebook<\/a> \u00a0\u00a0 <a style=\"color: #808080;\" href=\"http:\/\/www.twitter.com\/mariostarkcom\">Twitter<\/a> \u00a0\u00a0 <a style=\"color: #808080;\" href=\"https:\/\/www.instagram.com\/mariostarkofficial\">Instagram<\/a>\u00a0\u00a0\u00a0 <a style=\"color: #808080;\" href=\"https:\/\/www.youtube.com\/c\/mariostarkofficial\">Youtube<\/a>\u00a0\u00a0\u00a0 <a style=\"color: #808080;\" href=\"http:\/\/www.pinterest.com\/mariostarkcom\">Pinterest<\/a><\/span><\/h6>\n<p>&nbsp;<\/p>","protected":false},"excerpt":{"rendered":"<p>WERDEN SIE MARIO STARK IMMOBILIENPARTNER! &nbsp; An ausgew\u00e4hlten Standorten k\u00f6nnen Sie, Partner unseres Erfolges werden. Als Immobilienpartner unterst\u00fctzen wir Sie, mit IT und Know-how, f\u00fcr eine erfolgreiche Immobilienvermittlung. Ebenso profitieren Sie, von unseren umfassenden Public Relations und Marketingma\u00dfnahmen. Der Vorteil &hellip; <a href=\"https:\/\/www.mariostark.com\/de\/karriere\/\">Weiterlesen<\/a><\/p>\n","protected":false},"author":3,"featured_media":14298,"parent":0,"menu_order":0,"comment_status":"open","ping_status":"open","template":"template-midsize.php","meta":{"footnotes":""},"class_list":["post-51","page","type-page","status-publish","has-post-thumbnail","hentry"],"_links":{"self":[{"href":"https:\/\/www.mariostark.com\/de\/wp-json\/wp\/v2\/pages\/51","targetHints":{"allow":["GET"]}}],"collection":[{"href":"https:\/\/www.mariostark.com\/de\/wp-json\/wp\/v2\/pages"}],"about":[{"href":"https:\/\/www.mariostark.com\/de\/wp-json\/wp\/v2\/types\/page"}],"author":[{"embeddable":true,"href":"https:\/\/www.mariostark.com\/de\/wp-json\/wp\/v2\/users\/3"}],"replies":[{"embeddable":true,"href":"https:\/\/www.mariostark.com\/de\/wp-json\/wp\/v2\/comments?post=51"}],"version-history":[{"count":5,"href":"https:\/\/www.mariostark.com\/de\/wp-json\/wp\/v2\/pages\/51\/revisions"}],"predecessor-version":[{"id":14904,"href":"https:\/\/www.mariostark.com\/de\/wp-json\/wp\/v2\/pages\/51\/revisions\/14904"}],"wp:featuredmedia":[{"embeddable":true,"href":"https:\/\/www.mariostark.com\/de\/wp-json\/wp\/v2\/media\/14298"}],"wp:attachment":[{"href":"https:\/\/www.mariostark.com\/de\/wp-json\/wp\/v2\/media?parent=51"}],"curies":[{"name":"wp","href":"https:\/\/api.w.org\/{rel}","templated":true}]}}