{"id":3392,"date":"2016-12-26T18:26:27","date_gmt":"2016-12-26T16:26:27","guid":{"rendered":"http:\/\/www.mariostark.com\/?page_id=3392"},"modified":"2019-04-13T12:50:19","modified_gmt":"2019-04-13T10:50:19","slug":"immobilienanfragen","status":"publish","type":"page","link":"https:\/\/www.mariostark.com\/de\/immobilienanfragen\/","title":{"rendered":"Immobilienanfragen"},"content":{"rendered":"<h3 style=\"text-align: center;\">WIR SUCHEN AUF KUNDENWUNSCH<\/h3>\n<p>&nbsp;<\/p>\n<p>&nbsp;<\/p>\n<h4>FERIENWOHNUNG ODER FERIENHAUS IN DER OSTSEEREGION<\/h4>\n<h6><span style=\"color: #808080;\">Februar 2019<\/span><\/h6>\n<p>Wir suchen im Kundenauftrag, ein Ferienhaus- oder wohnung in der <a href=\"https:\/\/www.mariostark.com\/de\/immobilien\/ostsee\/\">Ostseeregion<\/a>. Folgende Punkte sind unserem Kunden wichtig:<\/p>\n<ul>\n<li>unverbaubarer Ostseeblick, alternativ auch Boddenblick<\/li>\n<li>Wohnfl\u00e4che mindestens 80 qm<\/li>\n<li>Terrasse \/ Balkon<\/li>\n<li>mindestens 2 Schlafzimmer<\/li>\n<li>mindestens 1 Bad + G\u00e4stetoilette<\/li>\n<li>Telefon und Internetanschluss<\/li>\n<li>PKW-Stellplatz<\/li>\n<li>Kaminanschluss, w\u00fcnschenswert<\/li>\n<\/ul>\n<p>Die Investitionssumme kann bis zu 350.000 EUR betragen. Wir bitten um Angebote von Privat oder Gesch\u00e4ftlich &#8211; auch wenn der Kundenwunsch nicht vollst\u00e4ndig erf\u00fcllt werden kann.<\/p>\n<p>\u2192 <a href=\"https:\/\/www.mariostark.com\/de\/kontakt\/\">Kontakt<\/a><\/p>\n<p>&nbsp;<\/p>\n<p>&nbsp;<\/p>\n<h4>EINFAMILIENH\u00c4USER, EIGENTUMSWOHNUNGEN &amp; VILLEN<\/h4>\n<p><a href=\"https:\/\/www.mariostark.com\/de\/\">MARIO STARK<\/a> <a href=\"https:\/\/www.mariostark.com\/de\/immobilien\/immobilien-kaufen-verkaufen\/\">IMMOBILIEN<\/a> sucht (im Kundenauftrag) regelm\u00e4\u00dfig nach &#8211; hochwertigen <a href=\"https:\/\/www.mariostark.com\/de\/immobilien\/einfamilienhaeuser\/\">Einfamilienh\u00e4usern<\/a>, <a href=\"https:\/\/www.mariostark.com\/de\/immobilien\/eigentumswohnungen\/\">Eigentumswohnungen<\/a> und <a href=\"https:\/\/www.mariostark.com\/de\/immobilien\/villen\/\">Villen<\/a> &#8211; in guten bis sehr guten Wohnlagen. Weitere Informationen erhalten Sie, unter Telefon Deutschland +49 (0) 38204 7416-0 oder <a href=\"mailto:info@mariostark.com\">info@mariostark.com<\/a>.<\/p>\n<p>&nbsp;<\/p>\n<p>&nbsp;<\/p>\n<h4>FERIENIMMOBILIEN IN DER &#8222;OSTSEE-REGION&#8220;<\/h4>\n<p>Wir suchen, auf Kundenwunsch, hochwertige <a href=\"https:\/\/www.mariostark.com\/de\/immobilien\/ferienwohnungen\/\">Ferienwohnungen<\/a> oder, <a href=\"https:\/\/www.mariostark.com\/de\/immobilien\/grundstuecke\/\">Grundst\u00fccke<\/a> (zum Neubau von <a href=\"https:\/\/www.mariostark.com\/de\/immobilien\/ferienimmobilien\/\">Ferienimmobilien<\/a>) &#8211; in der <a href=\"https:\/\/www.mariostark.com\/de\/immobilien\/ostsee\/\">Ostseeregion<\/a>. Vorzugsweise in Ostseen\u00e4he &#8211; auf der <a href=\"https:\/\/www.mariostark.com\/de\/immobilien\/fischland-darss-zingst\/\">Halbinsel Fischland-Dar\u00df-Zingst<\/a>, der <a href=\"https:\/\/www.mariostark.com\/de\/immobilien\/ruegen\/\">Insel R\u00fcgen<\/a>, dem <a href=\"https:\/\/www.mariostark.com\/de\/immobilien\/warnemuende\/\">Ostseebad Warnem\u00fcnde<\/a>, sowie, dem <a href=\"https:\/\/www.mariostark.com\/de\/immobilien\/heringsdorf\/\">Ostseebad Heringsdorf<\/a> auf der <a href=\"https:\/\/www.mariostark.com\/de\/immobilien\/usedom\/\">Insel Usedom<\/a>. N\u00e4here Informationen erhalten Sie unter <a href=\"mailto:info@mariostark.com\">info@mariostark.com<\/a>.<\/p>\n<p>&nbsp;<\/p>\n<p>&nbsp;<\/p>\n<h4>&gt; <a href=\"https:\/\/www.mariostark.com\/de\/kontakt\/\"><em>Kontakt<\/em><\/a><\/h4>\n<p>&nbsp;<\/p>\n<h4>&gt; <a href=\"https:\/\/www.mariostark.com\/de\/immobilien\/immobilien-suchen\/\"><em>Immobilien suchen<\/em><\/a><\/h4>\n<p>&nbsp;<\/p>\n<h4><em>&gt; <a href=\"https:\/\/www.mariostark.com\/de\/immobilien\/immobilien-anbieten\/\">Immobilien anbieten<\/a><\/em><\/h4>\n<p>&nbsp;<\/p>\n<p>Weitere Informationen auf <a href=\"https:\/\/www.mariostark.com\/de\/immobilien\/\"><strong>mariostark.com\/de\/immobilien<\/strong><\/a>.<\/p>\n<p>&nbsp;<\/p>\n<p>&nbsp;<\/p>\n<p>&nbsp;<\/p>\n<p>&nbsp;<\/p>\n<h4 style=\"text-align: center;\"><span style=\"color: #999999;\">Mehr.<\/span><\/h4>\n<h6 style=\"text-align: center;\"><span style=\"color: #808080;\"><a style=\"color: #808080;\" href=\"https:\/\/www.facebook.com\/mariostarkofficial\">Facebook<\/a> \u00a0\u00a0 <a style=\"color: #808080;\" href=\"http:\/\/www.twitter.com\/mariostarkcom\">Twitter<\/a> \u00a0\u00a0 <a style=\"color: #808080;\" href=\"https:\/\/www.instagram.com\/mariostarkofficial\">Instagram<\/a>\u00a0\u00a0\u00a0 <a style=\"color: #808080;\" href=\"https:\/\/www.youtube.com\/c\/mariostarkofficial\">Youtube<\/a>\u00a0\u00a0\u00a0 <a style=\"color: #808080;\" href=\"http:\/\/www.pinterest.com\/mariostarkcom\">Pinterest<\/a><\/span><\/h6>\n<p>&nbsp;<\/p>","protected":false},"excerpt":{"rendered":"<p>WIR SUCHEN AUF KUNDENWUNSCH &nbsp; &nbsp; FERIENWOHNUNG ODER FERIENHAUS IN DER OSTSEEREGION Februar 2019 Wir suchen im Kundenauftrag, ein Ferienhaus- oder wohnung in der Ostseeregion. Folgende Punkte sind unserem Kunden wichtig: unverbaubarer Ostseeblick, alternativ auch Boddenblick Wohnfl\u00e4che mindestens 80 qm &hellip; <a href=\"https:\/\/www.mariostark.com\/de\/immobilienanfragen\/\">Weiterlesen<\/a><\/p>\n","protected":false},"author":2,"featured_media":0,"parent":0,"menu_order":0,"comment_status":"closed","ping_status":"closed","template":"template-midsize.php","meta":{"footnotes":""},"class_list":["post-3392","page","type-page","status-publish","hentry"],"_links":{"self":[{"href":"https:\/\/www.mariostark.com\/de\/wp-json\/wp\/v2\/pages\/3392","targetHints":{"allow":["GET"]}}],"collection":[{"href":"https:\/\/www.mariostark.com\/de\/wp-json\/wp\/v2\/pages"}],"about":[{"href":"https:\/\/www.mariostark.com\/de\/wp-json\/wp\/v2\/types\/page"}],"author":[{"embeddable":true,"href":"https:\/\/www.mariostark.com\/de\/wp-json\/wp\/v2\/users\/2"}],"replies":[{"embeddable":true,"href":"https:\/\/www.mariostark.com\/de\/wp-json\/wp\/v2\/comments?post=3392"}],"version-history":[{"count":5,"href":"https:\/\/www.mariostark.com\/de\/wp-json\/wp\/v2\/pages\/3392\/revisions"}],"predecessor-version":[{"id":14900,"href":"https:\/\/www.mariostark.com\/de\/wp-json\/wp\/v2\/pages\/3392\/revisions\/14900"}],"wp:attachment":[{"href":"https:\/\/www.mariostark.com\/de\/wp-json\/wp\/v2\/media?parent=3392"}],"curies":[{"name":"wp","href":"https:\/\/api.w.org\/{rel}","templated":true}]}}