{"id":3214,"date":"2016-05-18T15:08:57","date_gmt":"2016-05-18T13:08:57","guid":{"rendered":"http:\/\/www.mariostark.com\/?page_id=3214"},"modified":"2026-05-01T15:23:46","modified_gmt":"2026-05-01T13:23:46","slug":"unternehmen","status":"publish","type":"page","link":"https:\/\/www.mariostark.com\/de\/unternehmen\/","title":{"rendered":"Unternehmen"},"content":{"rendered":"<h3>MARIO STARK &#8211; PROFESSIONELLE IMMOBILIENVERMITTLUNG.<\/h3>\n<p>&nbsp;<\/p>\n<p><a href=\"https:\/\/www.mariostark.com\/de\/\">MARIO STARK<\/a> <a href=\"https:\/\/www.mariostark.com\/de\/immobilien\/immobilien-kaufen-verkaufen\/\">IMMOBILIEN<\/a> (&#8222;MARIO STARK&#8220;) \u00fcbernimmt, die Vermarktung von <a href=\"https:\/\/www.mariostark.com\/de\/immobilienprojekte\/\">Immobilienprojekten<\/a> f\u00fcr Immobilieninvestoren, sowie, den Verkauf von klassischen <a href=\"https:\/\/www.mariostark.com\/de\/immobilien\">Immobilien<\/a>, f\u00fcr Privat- und Gesch\u00e4ftskunden. Unsere Immobilienberater verf\u00fcgen, \u00fcber umfangreiches Fachwissen und langj\u00e4hrige Berufserfahrungen und verkaufen, neben <a href=\"https:\/\/www.mariostark.com\/de\/immobilien\/einfamilienhaeuser\/\">H\u00e4usern<\/a>, <a href=\"https:\/\/www.mariostark.com\/de\/immobilien\/villen\/\">Villen<\/a> &amp; <a href=\"https:\/\/www.mariostark.com\/de\/immobilien\/eigentumswohnungen\/\">Eigentumswohnungen<\/a>, auch, internationale &#8222;<em>Premium-Immobilien&#8220;<\/em> und Kapitalanlagen &#8211; mit Top-Renditen. Zu unseren Kunden geh\u00f6ren, neben Privaten Haushalten und der \u00f6ffentlichen Hand, auch Gesch\u00e4ftskunden, wie beispielsweise, Immobilieninvestoren, Unternehmer und Unternehmensgesellschaften. Im Gesch\u00e4ftsfeld der Immobilienprojektvermarktung arbeitet, MARIO STARK, mit &#8211; Bauunternehmen, Bautr\u00e4gergesellschaften und Projektentwicklern &#8211; zusammen. Langj\u00e4hrige Erfahrungen garantieren, unseren Kunden, dabei beste Vermarktungschanchen.<\/p>\n<p>&nbsp;<\/p>\n<p>&nbsp;<\/p>\n<p>&nbsp;<\/p>\n<p>&nbsp;<\/p>\n<h6 style=\"text-align: center;\"><span style=\"color: #808080;\"><a style=\"color: #808080;\" href=\"https:\/\/www.facebook.com\/mariostarkofficial\">Facebook<\/a> \u00a0\u00a0 <a style=\"color: #808080;\" href=\"http:\/\/www.twitter.com\/mariostarkcom\">Twitter<\/a> \u00a0\u00a0 <a style=\"color: #808080;\" href=\"https:\/\/www.instagram.com\/mariostarkofficial\">Instagram<\/a>\u00a0\u00a0\u00a0 <a style=\"color: #808080;\" href=\"https:\/\/www.youtube.com\/c\/mariostarkofficial\">Youtube<\/a>\u00a0\u00a0\u00a0 <a style=\"color: #808080;\" href=\"http:\/\/www.pinterest.com\/mariostarkcom\">Pinterest<\/a><\/span><\/h6>\n<p>&nbsp;<\/p>","protected":false},"excerpt":{"rendered":"<p>MARIO STARK &#8211; PROFESSIONELLE IMMOBILIENVERMITTLUNG. &nbsp; MARIO STARK IMMOBILIEN (&#8222;MARIO STARK&#8220;) \u00fcbernimmt, die Vermarktung von Immobilienprojekten f\u00fcr Immobilieninvestoren, sowie, den Verkauf von klassischen Immobilien, f\u00fcr Privat- und Gesch\u00e4ftskunden. Unsere Immobilienberater verf\u00fcgen, \u00fcber umfangreiches Fachwissen und langj\u00e4hrige Berufserfahrungen und verkaufen, neben &hellip; <a href=\"https:\/\/www.mariostark.com\/de\/unternehmen\/\">Weiterlesen<\/a><\/p>\n","protected":false},"author":2,"featured_media":14264,"parent":0,"menu_order":0,"comment_status":"closed","ping_status":"closed","template":"template-midsize.php","meta":{"footnotes":""},"class_list":["post-3214","page","type-page","status-publish","has-post-thumbnail","hentry"],"_links":{"self":[{"href":"https:\/\/www.mariostark.com\/de\/wp-json\/wp\/v2\/pages\/3214","targetHints":{"allow":["GET"]}}],"collection":[{"href":"https:\/\/www.mariostark.com\/de\/wp-json\/wp\/v2\/pages"}],"about":[{"href":"https:\/\/www.mariostark.com\/de\/wp-json\/wp\/v2\/types\/page"}],"author":[{"embeddable":true,"href":"https:\/\/www.mariostark.com\/de\/wp-json\/wp\/v2\/users\/2"}],"replies":[{"embeddable":true,"href":"https:\/\/www.mariostark.com\/de\/wp-json\/wp\/v2\/comments?post=3214"}],"version-history":[{"count":5,"href":"https:\/\/www.mariostark.com\/de\/wp-json\/wp\/v2\/pages\/3214\/revisions"}],"predecessor-version":[{"id":14917,"href":"https:\/\/www.mariostark.com\/de\/wp-json\/wp\/v2\/pages\/3214\/revisions\/14917"}],"wp:featuredmedia":[{"embeddable":true,"href":"https:\/\/www.mariostark.com\/de\/wp-json\/wp\/v2\/media\/14264"}],"wp:attachment":[{"href":"https:\/\/www.mariostark.com\/de\/wp-json\/wp\/v2\/media?parent=3214"}],"curies":[{"name":"wp","href":"https:\/\/api.w.org\/{rel}","templated":true}]}}