{"id":2030,"date":"2016-04-03T14:45:01","date_gmt":"2016-04-03T12:45:01","guid":{"rendered":"http:\/\/www.mariostark.com\/?page_id=2030"},"modified":"2019-04-13T12:50:51","modified_gmt":"2019-04-13T10:50:51","slug":"immobilienfinanzierung","status":"publish","type":"page","link":"https:\/\/www.mariostark.com\/de\/immobilienfinanzierung\/","title":{"rendered":"Immobilienfinanzierung"},"content":{"rendered":"<h3>MARIO STARK Financial Services<\/h3>\n<p>&nbsp;<\/p>\n<p>Als langj\u00e4hriger, unabh\u00e4ngiger Finanzierungspartner namhafter Kreditinstitute bieten wir, unseren Kunden, auch die passenden <em>Immobilienfinanzierungen<\/em> f\u00fcr den Kauf, Neubau oder die Modernisierung, Ihrer <a href=\"https:\/\/www.mariostark.com\/de\/immobilien\/immobilien-kaufen\/\">Immobilien<\/a>, an. Zudem k\u00f6nnen wir, unseren Privat- und Gesch\u00e4ftskunden, Neu- oder Erstfinanzierungen, Anschlussfinanzierungen, sowie, Umschuldungen oder, sog. &#8222;<em>Forward-Darlehen&#8220;<\/em> &#8211; f\u00fcr bestehende Immobilienkredite anbieten. Bautr\u00e4gerfinanzierungen f\u00fcr den <a href=\"https:\/\/www.mariostark.com\/de\/hausbau\/\">Neubau<\/a> oder die Sanierung von <a href=\"https:\/\/www.mariostark.com\/de\/immobilien\">Immobilien<\/a> &amp; <a href=\"https:\/\/www.mariostark.com\/de\/immobilienprojekte\/\">Immobilienprojekten<\/a> realisiert &#8211; <a href=\"https:\/\/www.mariostark.com\/de\/\">MARIO STARK<\/a> Financial Services &#8211; \u00fcber renommierte Landes- und Hypothekenbanken.<\/p>\n<p>&nbsp;<\/p>\n<p>&nbsp;<\/p>\n<h4>IMMOBILIENFINANZIERUNGEN: HAUS &amp; WOHNUNG FINANZIEREN!<\/h4>\n<p>Gerne schicken wir Ihnen, ein unverbindliches Finanzierungsangebot oder beraten Sie, unter Telefon Deutschland +49 (0) 38204 7416-0 und unter E-Mail: <a href=\"mailto:info@mariostark.com\">info@mariostark.com<\/a><a href=\"mailto:info@mariostark.com\">.<\/a><\/p>\n<p>&nbsp;<\/p>\n<p>&nbsp;<\/p>\n<h4>&gt; <span style=\"color: #333333;\"><em>Neufinanzierungen<\/em><\/span><\/h4>\n<p>&nbsp;<\/p>\n<h4>&gt; <span style=\"color: #333333;\"><em>Anschlussfinanzierungen<\/em><\/span><\/h4>\n<p>&nbsp;<\/p>\n<h4>&gt; <span style=\"color: #333333;\"><em>Forward-Darlehen<\/em><\/span><\/h4>\n<p>&nbsp;<\/p>\n<h4>&gt; <a href=\"https:\/\/www.mariostark.com\/de\/kontakt\/\"><em>Kontakt<\/em><\/a><\/h4>\n<p>&nbsp;<\/p>\n<p>&nbsp;<\/p>\n<p>&nbsp;<\/p>\n<p>&nbsp;<\/p>\n<h4 style=\"text-align: center;\"><span style=\"color: #999999;\">Mehr.<\/span><\/h4>\n<h6 style=\"text-align: center;\"><span style=\"color: #808080;\"><a style=\"color: #808080;\" href=\"https:\/\/www.facebook.com\/mariostarkofficial\">Facebook<\/a> \u00a0\u00a0 <a style=\"color: #808080;\" href=\"http:\/\/www.twitter.com\/mariostarkcom\">Twitter<\/a> \u00a0\u00a0 <a style=\"color: #808080;\" href=\"https:\/\/www.instagram.com\/mariostarkofficial\">Instagram<\/a>\u00a0\u00a0\u00a0 <a style=\"color: #808080;\" href=\"https:\/\/www.youtube.com\/c\/mariostarkofficial\">Youtube<\/a>\u00a0\u00a0\u00a0 <a style=\"color: #808080;\" href=\"http:\/\/www.pinterest.com\/mariostarkcom\">Pinterest<\/a><\/span><\/h6>\n<p>&nbsp;<\/p>","protected":false},"excerpt":{"rendered":"<p>MARIO STARK Financial Services &nbsp; Als langj\u00e4hriger, unabh\u00e4ngiger Finanzierungspartner namhafter Kreditinstitute bieten wir, unseren Kunden, auch die passenden Immobilienfinanzierungen f\u00fcr den Kauf, Neubau oder die Modernisierung, Ihrer Immobilien, an. Zudem k\u00f6nnen wir, unseren Privat- und Gesch\u00e4ftskunden, Neu- oder Erstfinanzierungen, Anschlussfinanzierungen, &hellip; <a href=\"https:\/\/www.mariostark.com\/de\/immobilienfinanzierung\/\">Weiterlesen<\/a><\/p>\n","protected":false},"author":2,"featured_media":0,"parent":0,"menu_order":0,"comment_status":"closed","ping_status":"closed","template":"template-midsize.php","meta":{"footnotes":""},"class_list":["post-2030","page","type-page","status-publish","hentry"],"_links":{"self":[{"href":"https:\/\/www.mariostark.com\/de\/wp-json\/wp\/v2\/pages\/2030","targetHints":{"allow":["GET"]}}],"collection":[{"href":"https:\/\/www.mariostark.com\/de\/wp-json\/wp\/v2\/pages"}],"about":[{"href":"https:\/\/www.mariostark.com\/de\/wp-json\/wp\/v2\/types\/page"}],"author":[{"embeddable":true,"href":"https:\/\/www.mariostark.com\/de\/wp-json\/wp\/v2\/users\/2"}],"replies":[{"embeddable":true,"href":"https:\/\/www.mariostark.com\/de\/wp-json\/wp\/v2\/comments?post=2030"}],"version-history":[{"count":6,"href":"https:\/\/www.mariostark.com\/de\/wp-json\/wp\/v2\/pages\/2030\/revisions"}],"predecessor-version":[{"id":14901,"href":"https:\/\/www.mariostark.com\/de\/wp-json\/wp\/v2\/pages\/2030\/revisions\/14901"}],"wp:attachment":[{"href":"https:\/\/www.mariostark.com\/de\/wp-json\/wp\/v2\/media?parent=2030"}],"curies":[{"name":"wp","href":"https:\/\/api.w.org\/{rel}","templated":true}]}}