{"id":13431,"date":"2017-10-24T20:45:44","date_gmt":"2017-10-24T18:45:44","guid":{"rendered":"https:\/\/www.mariostark.com\/de\/?page_id=13431"},"modified":"2019-04-13T12:55:29","modified_gmt":"2019-04-13T10:55:29","slug":"luxus","status":"publish","type":"page","link":"https:\/\/www.mariostark.com\/de\/luxus\/","title":{"rendered":"Luxus"},"content":{"rendered":"<p><strong>Luxus<\/strong> (<em>engl.:<\/em> luxury) bezeichnet, in der Regel &#8211; Sachg\u00fcter, Wertgegenst\u00e4nde, Ausstattungen oder Verhaltensarten &#8211; die den allgemeinen bzw. \u00fcblichen Lebensstandard oder das &#8222;normale&#8220; gesellschaftliche Ma\u00df \u00fcbersteigen. Luxus bzw. Luxusg\u00fcter gelten daher oft, als besonders erstrebenswert, da sie i.d.R. zu h\u00f6heren Preisen erworben werden m\u00fcssen und man ihnen dadurch h\u00e4ufig, eine h\u00f6here Wertigkeit (&#8222;Exklusivit\u00e4t&#8220;) zuspricht. Allgemein unterscheidet man, zwischen dem materiellen und dem immateriellen Luxus.<\/p>\n<p>&nbsp;<\/p>\n<h4>Luxus (&#8222;materiell&#8220;)<\/h4>\n<p>Der materielle <em>Luxus<\/em> bezeichnet, in der Regel, die Lebensweise (auch: <em>Lifestyle<\/em>) von bestimmten gesellschaftlichen Schichten, der sich von \u00fcblichen &#8222;normalen&#8220; Lebensweisen abhebt und oft, auch repr\u00e4sentativ gepr\u00e4gt ist. Ein luxuri\u00f6ser &#8222;Lifestyle&#8220; \u00e4u\u00dfert sich zum Beispiel, durch den Besitz bzw. Gebrauch von teuren <a href=\"https:\/\/www.mariostark.com\/de\/immobilien\/premium-immobilien\/\">Immobilien<\/a>, Luxusautos, Luxus-Yachten, Luxuskleidung oder exklusiven Wertgegenst\u00e4nden &#8211; wie Schmuck oder Luxus-Uhren.<\/p>\n<p>&nbsp;<\/p>\n<h4>Luxus (&#8222;immateriell&#8220;)<\/h4>\n<p>Der immaterielle Luxus beschreibt, in der Regel, den so genannten &#8222;Konsum&#8220; von Luxusprodukten, Luxusg\u00fctern oder luxuri\u00f6sen Dienstleistungen &#8211; die haupts\u00e4chlich den eigenen Bed\u00fcrfnissen und W\u00fcnschen, und nicht unbedingt, zu &#8222;\u00e4u\u00dferen&#8220; repr\u00e4sentativen Zwecken, dienen (<em>z.B.<\/em>: pers\u00f6nlicher Genuss, Selbstbelohnung). Beispiele f\u00fcr den immateriellen Luxus sind, zum Beispiel: Luxusreisen, Luxushotels oder luxuri\u00f6se Genussmittel &#8211; wie <em>Champagner<\/em>. Der immaterielle Luxus wird h\u00e4ufig selbst, als gehobener Lebensstandard wahrgenommen.<\/p>\n<p>&nbsp;<\/p>\n<p>Materieller oder immaterieller Luxus wird, in bestimmten gesellschaftlichen Schichten h\u00e4ufig, als &#8222;verschwenderisch&#8220; und \u00fcberfl\u00fcssig angesehen &#8211; symbolisiert aber oft, finanzielle oder gesellschaftliche Unabh\u00e4ngigkeit und Macht.<\/p>\n<p>&nbsp;<\/p>\n<p>&nbsp;<\/p>\n<h4>MARIO STARK Luxury<\/h4>\n<p><a href=\"https:\/\/www.mariostark.com\/de\/\">MARIO STARK<\/a> ist, als international t\u00e4tiges Maklerhaus auch, im so genannten &#8222;Luxussegment&#8220; <a href=\"https:\/\/www.mariostark.com\/de\/zu-hause\/\">zu Hause<\/a>. Wir vermitteln und verkaufen hier, ausgesuchte <a href=\"https:\/\/www.mariostark.com\/de\/immobilien\/luxusimmobilien\/\"><strong>Luxusimmobilien<\/strong><\/a><strong> &#8211;<\/strong> wie <a href=\"https:\/\/www.mariostark.com\/de\/immobilien\/villen\/\">Luxus-Villen<\/a> oder gr\u00f6\u00dfere Anwesen &#8211; im internationalen Immobilienmarkt. Unsere Immobilienexperten beraten Sie gern!<\/p>\n<p>&nbsp;<\/p>\n<p>&nbsp;<\/p>\n<p>&nbsp;<\/p>\n<p>&nbsp;<\/p>\n<p>&nbsp;<\/p>\n<h6 style=\"text-align: center;\"><span style=\"color: #808080;\"><a style=\"color: #808080;\" href=\"https:\/\/www.facebook.com\/mariostarkofficial\">Facebook<\/a> \u00a0\u00a0 <a style=\"color: #808080;\" href=\"http:\/\/www.twitter.com\/mariostarkcom\">Twitter<\/a> \u00a0\u00a0 <a style=\"color: #808080;\" href=\"https:\/\/www.instagram.com\/mariostarkofficial\">Instagram<\/a>\u00a0\u00a0\u00a0 <a style=\"color: #808080;\" href=\"https:\/\/www.youtube.com\/c\/mariostarkofficial\">Youtube<\/a>\u00a0\u00a0\u00a0 <a style=\"color: #808080;\" href=\"http:\/\/www.pinterest.com\/mariostarkcom\">Pinterest<\/a><\/span><\/h6>\n<p>&nbsp;<\/p>\n<p>&nbsp;<\/p>\n<h6 style=\"text-align: center;\"><span style=\"color: #808080;\">English<\/span><\/h6>\n<p>&nbsp;<\/p>\n<p>&nbsp;<\/p>","protected":false},"excerpt":{"rendered":"<p>Luxus (engl.: luxury) bezeichnet, in der Regel &#8211; Sachg\u00fcter, Wertgegenst\u00e4nde, Ausstattungen oder Verhaltensarten &#8211; die den allgemeinen bzw. \u00fcblichen Lebensstandard oder das &#8222;normale&#8220; gesellschaftliche Ma\u00df \u00fcbersteigen. Luxus bzw. Luxusg\u00fcter gelten daher oft, als besonders erstrebenswert, da sie i.d.R. zu h\u00f6heren &hellip; <a href=\"https:\/\/www.mariostark.com\/de\/luxus\/\">Weiterlesen<\/a><\/p>\n","protected":false},"author":2,"featured_media":12052,"parent":0,"menu_order":0,"comment_status":"closed","ping_status":"closed","template":"template-midsize.php","meta":{"footnotes":""},"class_list":["post-13431","page","type-page","status-publish","has-post-thumbnail","hentry"],"_links":{"self":[{"href":"https:\/\/www.mariostark.com\/de\/wp-json\/wp\/v2\/pages\/13431","targetHints":{"allow":["GET"]}}],"collection":[{"href":"https:\/\/www.mariostark.com\/de\/wp-json\/wp\/v2\/pages"}],"about":[{"href":"https:\/\/www.mariostark.com\/de\/wp-json\/wp\/v2\/types\/page"}],"author":[{"embeddable":true,"href":"https:\/\/www.mariostark.com\/de\/wp-json\/wp\/v2\/users\/2"}],"replies":[{"embeddable":true,"href":"https:\/\/www.mariostark.com\/de\/wp-json\/wp\/v2\/comments?post=13431"}],"version-history":[{"count":5,"href":"https:\/\/www.mariostark.com\/de\/wp-json\/wp\/v2\/pages\/13431\/revisions"}],"predecessor-version":[{"id":14908,"href":"https:\/\/www.mariostark.com\/de\/wp-json\/wp\/v2\/pages\/13431\/revisions\/14908"}],"wp:featuredmedia":[{"embeddable":true,"href":"https:\/\/www.mariostark.com\/de\/wp-json\/wp\/v2\/media\/12052"}],"wp:attachment":[{"href":"https:\/\/www.mariostark.com\/de\/wp-json\/wp\/v2\/media?parent=13431"}],"curies":[{"name":"wp","href":"https:\/\/api.w.org\/{rel}","templated":true}]}}