{"id":13024,"date":"2017-06-22T15:19:20","date_gmt":"2017-06-22T13:19:20","guid":{"rendered":"https:\/\/www.mariostark.com\/de\/?page_id=13024"},"modified":"2019-04-13T12:27:42","modified_gmt":"2019-04-13T10:27:42","slug":"luebeck-travemuende","status":"publish","type":"page","link":"https:\/\/www.mariostark.com\/de\/immobilien\/luebeck-travemuende\/","title":{"rendered":"Immobilien in L\u00fcbeck-Travem\u00fcnde"},"content":{"rendered":"<h3>IMMOBILIENMAKLER F\u00dcR DAS SEEBAD TRAVEM\u00dcNDE &amp; UMGEBUNG &#8211; IMMOBILIEN, VILLEN, H\u00c4USER &amp; WOHNUNGEN ZUM KAUF &#8211; MARIO STARK<\/h3>\n<p>&nbsp;<\/p>\n<p>&nbsp;<\/p>\n<p><strong>L\u00fcbeck-Travem\u00fcnde<\/strong> (&#8222;Travem\u00fcnde&#8220;) liegt, direkt an der sch\u00f6nen Ostsee (sog. <em>L\u00fcbecker Bucht<\/em>) und ist, ein Stadtteil der <a href=\"https:\/\/www.mariostark.com\/de\/immobilien\/luebeck\/\">Hansestadt L\u00fcbeck<\/a> &#8211; im norddeutschen <a href=\"https:\/\/www.mariostark.com\/de\/immobilien\/schleswig-holstein\/\">Bundesland Schleswig-Holstein<\/a>. Travem\u00fcnde grenzt, unter anderem, an den Kreis Ostholstein und geh\u00f6rt heute, zu den bevorzugten Lagen beim Kauf von <a href=\"https:\/\/www.mariostark.com\/de\/immobilien\/immobilien-anbieten\/\">Immobilien<\/a> (&#8222;Immobilien&#8220;) wie, <a href=\"https:\/\/www.mariostark.com\/de\/immobilien\/einfamilienhaeuser\/\">Einfamilienh\u00e4usern<\/a>, <a href=\"https:\/\/www.mariostark.com\/de\/immobilien\/villen\/\">Villen<\/a> oder <a href=\"https:\/\/www.mariostark.com\/de\/immobilien\/eigentumswohnungen\/\">Eigentumswohnungen<\/a> &#8211; in der Region L\u00fcbeck und der Schleswig-Holsteinischen <a href=\"https:\/\/www.mariostark.com\/de\/immobilien\/ostsee\/\">Ostseek\u00fcste<\/a>.<\/p>\n<p>&nbsp;<\/p>\n<h4>OSTSEEBAD TRAVEM\u00dcNDE<\/h4>\n<p>Das <em>Ostseebad Travem\u00fcnde<\/em> geh\u00f6rt, zu den beliebten Reisezielen &#8211; von regionalen und \u00fcberregionalen Tagesg\u00e4sten und Touristen &#8211; an der deutschen Ostseek\u00fcste. Zahlreiche (z.T. Exklusive) Hotellerie- und Gastronomieangebote stehen daher, den G\u00e4sten des sch\u00f6nen Seebades zur Verf\u00fcgung. Als L\u00fcbecker Stadtteil verf\u00fcgt Travem\u00fcnde, \u00fcber eine hervorragende Infrastruktur, mit Stra\u00dfen-, Bahn- und Busverbindungen in die Stadt und die Region L\u00fcbeck. Travem\u00fcnde liegt, an der M\u00fcndung der <em>Trave<\/em> in die Ostsee und gilt, als einer der wichtigsten deutschen F\u00e4hrh\u00e4fen &#8211; mit vielen F\u00e4hrverbindungen nach Skandinavien und das Baltikum. Besonders beliebt sind (nicht nur &#8211; w\u00e4hrend der Sommersaison) &#8211; die Travem\u00fcnder Strandpromenade und der breite, feinsandige Ostseestrand. Sehenswert sind beispielsweise auch: die Travem\u00fcnder Altsstadt, der Alte Travem\u00fcnder Leuchtturm, das ehemalige Casino Travem\u00fcnde (heute; ein Hotel) oder, als sehr beliebte allj\u00e4hrliche Segelsportveranstaltung &#8211; die <em>Travem\u00fcnder Woche<\/em>.<\/p>\n<p>&nbsp;<\/p>\n<p>&nbsp;<\/p>\n<h3><a href=\"https:\/\/www.mariostark.com\/de\/immobilien\/wohnimmobilien\/\">WOHNIMMOBILIEN<\/a> IM SEEBAD <a href=\"#TRAVEM\u00dcNDE\">#TRAVEM\u00dcNDE<\/a> &#8211; MARIO STARK IMMOBILIEN &#8211; <span style=\"color: #333333;\"><a href=\"#MARIOSTARK\">#MARIOSTARK<\/a><\/span><\/h3>\n<p>&nbsp;<\/p>\n<h4>TRAVEM\u00dcNDE: IMMOBILIEN KAUFEN &amp; VERKAUFEN<\/h4>\n<p>Ihre kompetenten Immobilienpartner f\u00fcr den Immobilienkauf und Immobilienverkauf von &#8211; Einfamilienh\u00e4usern, Eigentumswohnungen &amp; <a href=\"https:\/\/www.mariostark.com\/de\/immobilien\/ferienimmobilien\/\">Ferienimmobilien<\/a>. Gerne beraten wir Sie auch, bei Immobilienbewertungen oder <a href=\"https:\/\/www.mariostark.com\/de\/immobilien\/immobilienbesichtigung\/\">Immobilienbesichtigungen<\/a> in L\u00fcbeck-Travem\u00fcnde.<\/p>\n<p>&nbsp;<\/p>\n<h4>&gt; <a href=\"https:\/\/www.mariostark.com\/de\/kontakt\/\"><em>Kontakt<\/em><\/a><\/h4>\n<p>&nbsp;<\/p>\n<h4>&gt; <a href=\"https:\/\/www.mariostark.com\/de\/immobilien\/immobilien-verkaufen\/\"><em>Immobilien verkaufen<\/em><\/a><\/h4>\n<p>&nbsp;<\/p>\n<h4>&gt; <a href=\"https:\/\/www.mariostark.com\/de\/immobilien\/immobilienbewertung\/\"><em>Immobilienbewertung<\/em><\/a><\/h4>\n<p>&nbsp;<\/p>\n<p>Weitere Informationen auf <a href=\"https:\/\/www.mariostark.com\/de\/immobilien\"><strong>mariostark.com\/de\/immobilien<\/strong><\/a>.<\/p>\n<p>&nbsp;<\/p>\n<p>&nbsp;<\/p>\n<p>&nbsp;<\/p>\n<p>&nbsp;<\/p>\n<h4 style=\"text-align: center;\"><span style=\"color: #999999;\">Mehr.<\/span><\/h4>\n<h6 style=\"text-align: center;\"><span style=\"color: #808080;\"><a style=\"color: #808080;\" href=\"https:\/\/www.facebook.com\/mariostarkofficial\">Facebook<\/a> \u00a0\u00a0 <a style=\"color: #808080;\" href=\"http:\/\/www.twitter.com\/mariostarkcom\">Twitter<\/a> \u00a0\u00a0 <a style=\"color: #808080;\" href=\"https:\/\/www.instagram.com\/mariostarkofficial\">Instagram<\/a>\u00a0\u00a0\u00a0 <a style=\"color: #808080;\" href=\"https:\/\/www.youtube.com\/c\/mariostarkofficial\">Youtube<\/a>\u00a0\u00a0\u00a0 <a style=\"color: #808080;\" href=\"http:\/\/www.pinterest.com\/mariostarkcom\">Pinterest<\/a><\/span><\/h6>\n<p>&nbsp;<\/p>","protected":false},"excerpt":{"rendered":"<p>IMMOBILIENMAKLER F\u00dcR DAS SEEBAD TRAVEM\u00dcNDE &amp; UMGEBUNG &#8211; IMMOBILIEN, VILLEN, H\u00c4USER &amp; WOHNUNGEN ZUM KAUF &#8211; MARIO STARK &nbsp; &nbsp; L\u00fcbeck-Travem\u00fcnde (&#8222;Travem\u00fcnde&#8220;) liegt, direkt an der sch\u00f6nen Ostsee (sog. L\u00fcbecker Bucht) und ist, ein Stadtteil der Hansestadt L\u00fcbeck &#8211; im &hellip; <a href=\"https:\/\/www.mariostark.com\/de\/immobilien\/luebeck-travemuende\/\">Weiterlesen<\/a><\/p>\n","protected":false},"author":2,"featured_media":0,"parent":41,"menu_order":0,"comment_status":"closed","ping_status":"closed","template":"template-midsize.php","meta":{"footnotes":""},"class_list":["post-13024","page","type-page","status-publish","hentry"],"_links":{"self":[{"href":"https:\/\/www.mariostark.com\/de\/wp-json\/wp\/v2\/pages\/13024","targetHints":{"allow":["GET"]}}],"collection":[{"href":"https:\/\/www.mariostark.com\/de\/wp-json\/wp\/v2\/pages"}],"about":[{"href":"https:\/\/www.mariostark.com\/de\/wp-json\/wp\/v2\/types\/page"}],"author":[{"embeddable":true,"href":"https:\/\/www.mariostark.com\/de\/wp-json\/wp\/v2\/users\/2"}],"replies":[{"embeddable":true,"href":"https:\/\/www.mariostark.com\/de\/wp-json\/wp\/v2\/comments?post=13024"}],"version-history":[{"count":5,"href":"https:\/\/www.mariostark.com\/de\/wp-json\/wp\/v2\/pages\/13024\/revisions"}],"predecessor-version":[{"id":14862,"href":"https:\/\/www.mariostark.com\/de\/wp-json\/wp\/v2\/pages\/13024\/revisions\/14862"}],"up":[{"embeddable":true,"href":"https:\/\/www.mariostark.com\/de\/wp-json\/wp\/v2\/pages\/41"}],"wp:attachment":[{"href":"https:\/\/www.mariostark.com\/de\/wp-json\/wp\/v2\/media?parent=13024"}],"curies":[{"name":"wp","href":"https:\/\/api.w.org\/{rel}","templated":true}]}}