{"id":12864,"date":"2017-04-12T10:26:53","date_gmt":"2017-04-12T08:26:53","guid":{"rendered":"https:\/\/www.mariostark.com\/de\/?page_id=12864"},"modified":"2019-04-13T12:20:45","modified_gmt":"2019-04-13T10:20:45","slug":"goehren","status":"publish","type":"page","link":"https:\/\/www.mariostark.com\/de\/immobilien\/goehren\/","title":{"rendered":"Immobilien in G\u00f6hren"},"content":{"rendered":"<h3>IMMOBILIENMAKLER F\u00dcR DAS OSTSEEBAD G\u00d6HREN &amp; UMGEBUNG &#8211; (FERIEN) IMMOBILIEN, VILLEN, H\u00c4USER UND WOHNUNGEN ZUM KAUF &#8211; MARIO STARK<\/h3>\n<p>&nbsp;<\/p>\n<p>&nbsp;<\/p>\n<p><strong>G\u00f6hren<\/strong> ist, ein bekanntes Ostseebad auf der gr\u00f6\u00dften deutschen Insel &#8211; R\u00fcgen &#8211; in <a href=\"https:\/\/www.mariostark.com\/de\/immobilien\/mecklenburg-vorpommern\/\">Mecklenburg-Vorpommern<\/a>. Das Ostseebad G\u00f6hren liegt, im <a href=\"https:\/\/www.mariostark.com\/de\/immobilien\/landkreis-vorpommern-ruegen\/\">Landkreis Vorpommern-R\u00fcgen<\/a> und gilt, als begehrte <em>Wohnlage<\/em> und Standort f\u00fcr <a href=\"https:\/\/www.mariostark.com\/de\/immobilien\/ferienimmobilien\/\">Ferienimmobilien<\/a> (<a href=\"https:\/\/www.mariostark.com\/de\/immobilien\/immobilien-kaufen-verkaufen\/\">Immobilien<\/a>) &#8211; an der deutschen <a href=\"https:\/\/www.mariostark.com\/de\/immobilien\/ostsee\/\">Ostseek\u00fcste<\/a>.<\/p>\n<p>&nbsp;<\/p>\n<h4>GEOGRAFISCHE LAGE<\/h4>\n<p>Das Ostseebad G\u00f6hren liegt, direkt an der sch\u00f6nen Ostsee (auf der Halbinsel M\u00f6nchgut) &#8211; im S\u00fcd-Osten der beliebten Urlaubsinsel R\u00fcgen. N\u00f6rdlich von G\u00f6hren liegt, das ebenfalls sehr bekannte Ostseebad Sellin. Der n\u00e4chstgr\u00f6\u00dfere Ort auf der Insel ist: <a href=\"https:\/\/www.mariostark.com\/de\/immobilien\/bergen-auf-ruegen\/\">Bergen auf R\u00fcgen<\/a>.<\/p>\n<p>&nbsp;<\/p>\n<h4>OSTSEEBAD G\u00d6HREN<\/h4>\n<p><em>G\u00f6hren<\/em> geh\u00f6rt, neben den Ostseeb\u00e4dern <a href=\"https:\/\/www.mariostark.com\/de\/immobilien\/binz\/\">Binz<\/a> &amp; <a href=\"https:\/\/www.mariostark.com\/de\/immobilien\/sellin\/\">Sellin<\/a> &#8211; zu den beliebtesten Ferien- und Badeorten auf der <a href=\"https:\/\/www.mariostark.com\/de\/immobilien\/ruegen\/\">Insel R\u00fcgen<\/a>. Der Tourismus ist daher, auch, von wesentlicher wirtschaftlicher Bedeutung f\u00fcr das Seebad. J\u00e4hrlich besuchen viele G\u00e4ste, aus der Region und ganz <a href=\"https:\/\/www.mariostark.com\/de\/immobilien\/deutschland\/\">Deutschland<\/a>, das Ostseebad G\u00f6hren. Es geh\u00f6rt somit, zu den beliebtesten Seeb\u00e4dern des deutschen Bundeslandes Mecklenburg-Vorpommern. Entsprechend gro\u00df ist, das Angebot an Gastronomie, Pensionen und <a href=\"https:\/\/www.mariostark.com\/de\/immobilien\/ferienwohnungen\/\">Ferienwohnungen<\/a> im Ort. Besonders beliebt sind, der sog. Nordstrand (ein sch\u00f6ner, breiter und feinsandiger Badestrand) mit der Strandpromenade und der langen G\u00f6hrener Seebr\u00fccke, sowie, das sehenswerte &#8222;Kap Nordperd&#8220; (R\u00fcgens; \u00f6stlichster Standort) &#8211; zwischen dem Nord- und dem S\u00fcdstrand in G\u00f6hren.<\/p>\n<p>&nbsp;<\/p>\n<h4>VERKEHR<\/h4>\n<p>G\u00f6hren erreicht man mit dem Auto, am besten \u00fcber die Bundesstra\u00dfe B 96 &#8211; aus der <a href=\"https:\/\/www.mariostark.com\/de\/immobilien\/stralsund\/\">Hansestadt Stralsund<\/a> zum sog. R\u00fcgener Hauptort Bergen auf R\u00fcgen &#8211; und die Bundesstra\u00dfe B 196 &#8211; die Bergen auf R\u00fcgen mit den beliebten Ostseeb\u00e4dern &#8211; Sellin, <em>Baabe<\/em> und G\u00f6hren verbindet. Der &#8222;Rasende Roland&#8220; (eine Schmalspurbahn auf R\u00fcgen) verbindet die Ostseeb\u00e4der &#8211; G\u00f6hren, Sellin und Binz und endet, im ebenfalls sehr attraktiven <em>Putbus<\/em> auf R\u00fcgen. Au\u00dferdem kann man, mit regelm\u00e4\u00dfigen Busverbindungen andere R\u00fcgener Orte, wie Binz oder <em>Sa\u00dfnitz<\/em>, erreichen.<\/p>\n<p>&nbsp;<\/p>\n<p>&nbsp;<\/p>\n<h3>FERIENIMMOBILIEN IM OSTSEEBAD <a href=\"#G\u00d6HREN\">#G\u00d6HREN<\/a> &#8211; MARIO STARK IMMOBILIEN &#8211; <span style=\"color: #333333;\"><a href=\"#MARIOSTARK\">#MARIOSTARK<\/a><\/span><\/h3>\n<p>&nbsp;<\/p>\n<h4>G\u00d6HREN: IMMOBILIEN KAUFEN &amp; VERKAUFEN<\/h4>\n<p>Gerne beraten wir Sie, bei Fragen, zum Immobilienkauf- und verkauf, einer Immobilienbewertung oder einer <a href=\"https:\/\/www.mariostark.com\/de\/immobilien\/immobilienbesichtigung\/\">Immobilienbesichtigung<\/a> im<em> Ostseebad G\u00f6hren<\/em>.<\/p>\n<p>&nbsp;<\/p>\n<h4>&gt; <a href=\"https:\/\/www.mariostark.com\/de\/kontakt\/\"><em>Kontakt<\/em><\/a><\/h4>\n<p>&nbsp;<\/p>\n<h4>&gt; <a href=\"https:\/\/www.mariostark.com\/de\/immobilien\/immobilien-verkaufen\/\"><em>Immobilien verkaufen<\/em><\/a><\/h4>\n<p>&nbsp;<\/p>\n<h4>&gt; <a href=\"https:\/\/www.mariostark.com\/de\/immobilien\/immobilienbewertung\/\"><em>Immobilienbewertung<\/em><\/a><\/h4>\n<p>&nbsp;<\/p>\n<p>Weitere Informationen auf <a href=\"https:\/\/www.mariostark.com\/de\/immobilien\"><strong>mariostark.com\/de\/immobilien<\/strong><\/a>.<\/p>\n<p>&nbsp;<\/p>\n<p>&nbsp;<\/p>\n<p>&nbsp;<\/p>\n<p>&nbsp;<\/p>\n<h4 style=\"text-align: center;\"><span style=\"color: #999999;\">Mehr.<\/span><\/h4>\n<h6 style=\"text-align: center;\"><span style=\"color: #808080;\"><a style=\"color: #808080;\" href=\"https:\/\/www.facebook.com\/mariostarkofficial\">Facebook<\/a> \u00a0\u00a0 <a style=\"color: #808080;\" href=\"http:\/\/www.twitter.com\/mariostarkcom\">Twitter<\/a> \u00a0\u00a0 <a style=\"color: #808080;\" href=\"https:\/\/www.instagram.com\/mariostarkofficial\">Instagram<\/a>\u00a0\u00a0\u00a0 <a style=\"color: #808080;\" href=\"https:\/\/www.youtube.com\/c\/mariostarkofficial\">Youtube<\/a>\u00a0\u00a0\u00a0 <a style=\"color: #808080;\" href=\"http:\/\/www.pinterest.com\/mariostarkcom\">Pinterest<\/a><\/span><\/h6>\n<p>&nbsp;<\/p>","protected":false},"excerpt":{"rendered":"<p>IMMOBILIENMAKLER F\u00dcR DAS OSTSEEBAD G\u00d6HREN &amp; UMGEBUNG &#8211; (FERIEN) IMMOBILIEN, VILLEN, H\u00c4USER UND WOHNUNGEN ZUM KAUF &#8211; MARIO STARK &nbsp; &nbsp; G\u00f6hren ist, ein bekanntes Ostseebad auf der gr\u00f6\u00dften deutschen Insel &#8211; R\u00fcgen &#8211; in Mecklenburg-Vorpommern. Das Ostseebad G\u00f6hren liegt, &hellip; <a href=\"https:\/\/www.mariostark.com\/de\/immobilien\/goehren\/\">Weiterlesen<\/a><\/p>\n","protected":false},"author":2,"featured_media":0,"parent":41,"menu_order":0,"comment_status":"closed","ping_status":"closed","template":"template-midsize.php","meta":{"footnotes":""},"class_list":["post-12864","page","type-page","status-publish","hentry"],"_links":{"self":[{"href":"https:\/\/www.mariostark.com\/de\/wp-json\/wp\/v2\/pages\/12864","targetHints":{"allow":["GET"]}}],"collection":[{"href":"https:\/\/www.mariostark.com\/de\/wp-json\/wp\/v2\/pages"}],"about":[{"href":"https:\/\/www.mariostark.com\/de\/wp-json\/wp\/v2\/types\/page"}],"author":[{"embeddable":true,"href":"https:\/\/www.mariostark.com\/de\/wp-json\/wp\/v2\/users\/2"}],"replies":[{"embeddable":true,"href":"https:\/\/www.mariostark.com\/de\/wp-json\/wp\/v2\/comments?post=12864"}],"version-history":[{"count":5,"href":"https:\/\/www.mariostark.com\/de\/wp-json\/wp\/v2\/pages\/12864\/revisions"}],"predecessor-version":[{"id":14845,"href":"https:\/\/www.mariostark.com\/de\/wp-json\/wp\/v2\/pages\/12864\/revisions\/14845"}],"up":[{"embeddable":true,"href":"https:\/\/www.mariostark.com\/de\/wp-json\/wp\/v2\/pages\/41"}],"wp:attachment":[{"href":"https:\/\/www.mariostark.com\/de\/wp-json\/wp\/v2\/media?parent=12864"}],"curies":[{"name":"wp","href":"https:\/\/api.w.org\/{rel}","templated":true}]}}