{"id":12851,"date":"2017-04-11T09:07:22","date_gmt":"2017-04-11T07:07:22","guid":{"rendered":"https:\/\/www.mariostark.com\/de\/?page_id=12851"},"modified":"2019-04-13T12:37:44","modified_gmt":"2019-04-13T10:37:44","slug":"zinnowitz","status":"publish","type":"page","link":"https:\/\/www.mariostark.com\/de\/immobilien\/zinnowitz\/","title":{"rendered":"Immobilien in Zinnowitz"},"content":{"rendered":"<h3>IMMOBILIENMAKLER F\u00dcR DAS OSTSEEBAD ZINNOWITZ &amp; UMGEBUNG &#8211; (FERIEN) IMMOBILIEN, VILLEN, H\u00c4USER UND WOHNUNGEN ZUM KAUF &#8211; MARIO STARK<\/h3>\n<p>&nbsp;<\/p>\n<p>&nbsp;<\/p>\n<p>Das<strong> Ostseebad Zinnowitz<\/strong> (&#8222;Zinnowitz&#8220;) ist, ein bekannter Urlaubs- und Badeort auf der zweitgr\u00f6\u00dften deutschen Insel &#8211; Usedom &#8211; und z\u00e4hlt, zu den sonnenreichsten Orten <a href=\"https:\/\/www.mariostark.com\/de\/immobilien\/deutschland\/\">Deutschlands<\/a>. Zinnowitz liegt heute, im <a href=\"https:\/\/www.mariostark.com\/de\/immobilien\/landkreis-vorpommern-greifswald\/\">Landkreis Vorpommern-Greifswald<\/a> &#8211; im Osten des Bundeslandes <a href=\"https:\/\/www.mariostark.com\/de\/immobilien\/mecklenburg-vorpommern\/\">Mecklenburg-Vorpommern<\/a> und geh\u00f6rt, zu den begehrten Lagen f\u00fcr <a href=\"https:\/\/www.mariostark.com\/de\/immobilien\/wohnimmobilien\/\">Wohnimmobilien<\/a> &amp; <a href=\"https:\/\/www.mariostark.com\/de\/immobilien\/ferienimmobilien\/\">Ferienimmobilien<\/a> &#8211; auf der <a href=\"https:\/\/www.mariostark.com\/de\/immobilien\/usedom\/\">Insel Usedom<\/a>.<\/p>\n<p>&nbsp;<\/p>\n<h4>LAGE<\/h4>\n<p><em>Zinnowitz<\/em> liegt, direkt an der <a href=\"https:\/\/www.mariostark.com\/de\/immobilien\/ostsee\/\">Ostseek\u00fcste<\/a> &#8211; im Nordosten der beliebten Urlaubsinsel Usedom. Das Ostseebad Zinnowitz grenzt, unter anderem, an die Usedomer Gemeinden: <em>Trassenheide<\/em>, Krummin und Zempin. Die n\u00e4chstgr\u00f6\u00dfere Stadt ist, westlich gelegen, die Hansestadt Wolgast.<\/p>\n<p>&nbsp;<\/p>\n<h4>OSTSEEBAD ZINNOWITZ<\/h4>\n<p>Zinnowitz geh\u00f6rt, zu den beliebtesten und meistbesuchten Ferienorten der Insel Usedom und ist, nach dem <a href=\"https:\/\/www.mariostark.com\/de\/immobilien\/heringsdorf\/\">Ostseebad Heringsdorf<\/a> (<em>sog.<\/em>: drei Kaiserb\u00e4der) &#8211; der zweitgr\u00f6\u00dfte Ort, auf der deutschen Seite, der Insel Usedom. Im ganzen Ort findet man, die typische &#8222;B\u00e4derarchitektur&#8220; &#8211; mit schicken <a href=\"https:\/\/www.mariostark.com\/de\/immobilien\/villen\/\">Villen<\/a> und <a href=\"https:\/\/www.mariostark.com\/de\/immobilien\/haeuser\/\">H\u00e4usern<\/a> (z.B. in der Neuen Strandstra\u00dfe). Die <em>Zinnowitzer Seebr\u00fccke<\/em> &#8211; mit Tauchgondel &#8211; geh\u00f6rt, neben der sch\u00f6nen Zinnowitzer Strandpromenade und der Zinnowitzer Freilichtb\u00fchne (&gt; hier finden die allj\u00e4hrlichen <em>Vineta-Festspiele<\/em> statt), zu den beliebtesten Touristenattraktionen des Seebades.<\/p>\n<p>&nbsp;<\/p>\n<h4>ANFAHRT<\/h4>\n<p>Das Ostseebad Zinnowitz erreicht man mit dem Auto, beispielsweise, \u00fcber die deutsche Bundesstra\u00dfe B 111 &#8211; \u00fcber die Peenebr\u00fccke &#8211; aus der Richtung der Hansestadt Wolgast. \u00dcber Bahnverbindungen erreicht man ebenfalls die Hansestadt Wolgast (auf dem Festland), sowie, die Usedomer Orte &#8211; Ahlbeck und Peenem\u00fcnde.<\/p>\n<p>&nbsp;<\/p>\n<p>&nbsp;<\/p>\n<h3>WOHNEN IM OSTSEEBAD <a href=\"#ZINNOWITZ\">#ZINNOWITZ<\/a> &#8211; MARIO STARK IMMOBILIEN &#8211; <span style=\"color: #333333;\"><a href=\"#MARIOSTARK\">#MARIOSTARK<\/a><\/span><\/h3>\n<p>&nbsp;<\/p>\n<h4>ZINNOWITZ: IMMOBILIEN KAUFEN &amp; VERKAUFEN<\/h4>\n<p>Gerne beraten wir Sie, bei Fragen, zum Immobilienverkauf, einer Immobilienbewertung oder einer <a href=\"https:\/\/www.mariostark.com\/de\/immobilien\/immobilienbesichtigung\/\">Immobilienbesichtigung<\/a> im Ostseebad Zinnowitz auf Usedom.<\/p>\n<p>&nbsp;<\/p>\n<h4>&gt; <a href=\"https:\/\/www.mariostark.com\/de\/kontakt\/\"><em>Kontakt<\/em><\/a><\/h4>\n<p>&nbsp;<\/p>\n<h4>&gt; <a href=\"https:\/\/www.mariostark.com\/de\/immobilien\/immobilien-verkaufen\/\"><em>Immobilien verkaufen<\/em><\/a><\/h4>\n<p>&nbsp;<\/p>\n<h4>&gt; <a href=\"https:\/\/www.mariostark.com\/de\/immobilien\/immobilienbewertung\/\"><em>Immobilienbewertung<\/em><\/a><\/h4>\n<p>&nbsp;<\/p>\n<p>Weitere Informationen auf <a href=\"https:\/\/www.mariostark.com\/de\/immobilien\"><strong>mariostark.com\/de\/immobilien<\/strong><\/a>.<\/p>\n<p>&nbsp;<\/p>\n<p>&nbsp;<\/p>\n<p>&nbsp;<\/p>\n<p>&nbsp;<\/p>\n<h4 style=\"text-align: center;\"><span style=\"color: #999999;\">Mehr.<\/span><\/h4>\n<h6 style=\"text-align: center;\"><span style=\"color: #808080;\"><a style=\"color: #808080;\" href=\"https:\/\/www.facebook.com\/mariostarkofficial\">Facebook<\/a> \u00a0\u00a0 <a style=\"color: #808080;\" href=\"http:\/\/www.twitter.com\/mariostarkcom\">Twitter<\/a> \u00a0\u00a0 <a style=\"color: #808080;\" href=\"https:\/\/www.instagram.com\/mariostarkofficial\">Instagram<\/a>\u00a0\u00a0\u00a0 <a style=\"color: #808080;\" href=\"https:\/\/www.youtube.com\/c\/mariostarkofficial\">Youtube<\/a>\u00a0\u00a0\u00a0 <a style=\"color: #808080;\" href=\"http:\/\/www.pinterest.com\/mariostarkcom\">Pinterest<\/a><\/span><\/h6>\n<p>&nbsp;<\/p>","protected":false},"excerpt":{"rendered":"<p>IMMOBILIENMAKLER F\u00dcR DAS OSTSEEBAD ZINNOWITZ &amp; UMGEBUNG &#8211; (FERIEN) IMMOBILIEN, VILLEN, H\u00c4USER UND WOHNUNGEN ZUM KAUF &#8211; MARIO STARK &nbsp; &nbsp; Das Ostseebad Zinnowitz (&#8222;Zinnowitz&#8220;) ist, ein bekannter Urlaubs- und Badeort auf der zweitgr\u00f6\u00dften deutschen Insel &#8211; Usedom &#8211; und &hellip; <a href=\"https:\/\/www.mariostark.com\/de\/immobilien\/zinnowitz\/\">Weiterlesen<\/a><\/p>\n","protected":false},"author":2,"featured_media":0,"parent":41,"menu_order":0,"comment_status":"closed","ping_status":"closed","template":"template-midsize.php","meta":{"footnotes":""},"class_list":["post-12851","page","type-page","status-publish","hentry"],"_links":{"self":[{"href":"https:\/\/www.mariostark.com\/de\/wp-json\/wp\/v2\/pages\/12851","targetHints":{"allow":["GET"]}}],"collection":[{"href":"https:\/\/www.mariostark.com\/de\/wp-json\/wp\/v2\/pages"}],"about":[{"href":"https:\/\/www.mariostark.com\/de\/wp-json\/wp\/v2\/types\/page"}],"author":[{"embeddable":true,"href":"https:\/\/www.mariostark.com\/de\/wp-json\/wp\/v2\/users\/2"}],"replies":[{"embeddable":true,"href":"https:\/\/www.mariostark.com\/de\/wp-json\/wp\/v2\/comments?post=12851"}],"version-history":[{"count":5,"href":"https:\/\/www.mariostark.com\/de\/wp-json\/wp\/v2\/pages\/12851\/revisions"}],"predecessor-version":[{"id":14885,"href":"https:\/\/www.mariostark.com\/de\/wp-json\/wp\/v2\/pages\/12851\/revisions\/14885"}],"up":[{"embeddable":true,"href":"https:\/\/www.mariostark.com\/de\/wp-json\/wp\/v2\/pages\/41"}],"wp:attachment":[{"href":"https:\/\/www.mariostark.com\/de\/wp-json\/wp\/v2\/media?parent=12851"}],"curies":[{"name":"wp","href":"https:\/\/api.w.org\/{rel}","templated":true}]}}