{"id":12802,"date":"2017-04-09T15:23:16","date_gmt":"2017-04-09T13:23:16","guid":{"rendered":"https:\/\/www.mariostark.com\/de\/?page_id=12802"},"modified":"2019-04-13T12:15:39","modified_gmt":"2019-04-13T10:15:39","slug":"baden-baden","status":"publish","type":"page","link":"https:\/\/www.mariostark.com\/de\/immobilien\/baden-baden\/","title":{"rendered":"Immobilien in Baden-Baden"},"content":{"rendered":"<h3>IMMOBILIENMAKLER F\u00dcR BADEN-BADEN &amp; UMGEBUNG &#8211; IMMOBILIEN, VILLEN, H\u00c4USER UND WOHNUNGEN KAUFEN &amp; VERKAUFEN &#8211; MARIO STARK<\/h3>\n<p>&nbsp;<\/p>\n<p>&nbsp;<\/p>\n<p><strong>Baden-Baden<\/strong> (&#8222;Baden-Baden&#8220;) ist, ein international bekannter Kurort &#8211; im Westen des deutschen Bundeslandes <a href=\"https:\/\/www.mariostark.com\/de\/immobilien\/baden-wuerttemberg\/\">Baden-W\u00fcrttemberg<\/a>. Baden-Baden ist &#8211; noch heute &#8211; ein Treffpunkt des internationalen Adels und der gehobenen Gesellschaft und gilt, als einer der begehrtesten Immobilienstandorte f\u00fcr <a href=\"https:\/\/www.mariostark.com\/de\/immobilien\/wohnimmobilien\/\">Wohnimmobilien<\/a> (<em><a href=\"https:\/\/www.mariostark.com\/de\/immobilien\/immobilien-kaufen-verkaufen\/\">Immobilien<\/a><\/em>) &#8211; in Baden-W\u00fcrttemberg und <a href=\"https:\/\/www.mariostark.com\/de\/immobilien\/deutschland\/\">Deutschland<\/a>.<\/p>\n<p>&nbsp;<\/p>\n<h4>LAGE<\/h4>\n<p>Baden-Baden liegt, am Rand des bekannten &#8222;Schwarzwaldes&#8220; &#8211; im Westen des deutschen Bundeslandes Baden-W\u00fcrttemberg. Als kleinster Stadtkreis Baden-W\u00fcrttembergs wird Baden-Baden ganz, vom ebenfalls Baden-W\u00fcrttembergischen Landkreis Rastatt umgeben. N\u00e4chstgr\u00f6\u00dfere St\u00e4dte sind: die Baden-W\u00fcrttembergische <a href=\"https:\/\/www.mariostark.com\/de\/immobilien\/stuttgart\/\">Landeshauptstadt Stuttgart<\/a> (\u00f6stlich, von Baden-Baden) und die n\u00f6rdlich gelegene Stadt Karlsruhe.<\/p>\n<p>&nbsp;<\/p>\n<h4>BADEN-BADEN<\/h4>\n<p><em>Baden-Baden<\/em> gilt, als einer der sch\u00f6nsten und beliebtesten Kurorte S\u00fcddeutschlands. Baden-Baden ist, aufgrund der zahlreichen Thermalheilquellen auch &#8211; eine bekannte B\u00e4derstadt, sowie, ein international bedeutender Festspielort. Durch die bekannte <em>Spielbank Baden-Baden<\/em> und beliebte Pferdesportveranstaltungen in der N\u00e4he (Galopprennbahn Iffezheim (Landkreis Rastatt)) ist Baden-Baden, ein beliebter Treffpunkt des Adels und den sog. &#8222;Sch\u00f6nen und Reichen&#8220; aus ganz Europa. Baden-Baden unterteilt sich, in verschiedene Stadtteile wie, beispielsweise &#8211; Balg, Lichtental und Steinbach, oder, Neuweier und Ebersteinburg. Durch den relativ gro\u00dfen Stadtwald, sowie, vielen G\u00e4rten und Parks ist Baden-Baden, auch eine sehr gr\u00fcne Stadt.<\/p>\n<p>&nbsp;<\/p>\n<h4>SEHENSW\u00dcRDIGKEITEN + KULTUR<\/h4>\n<p>Zu den vielen sch\u00f6nen Sehensw\u00fcrdigkeiten der Kurstadt Baden-Baden geh\u00f6ren, neben dem Baden-Badener Marktplatz und dem <em>Kurhaus Baden-Baden<\/em>, unter anderem, auch das Theater Baden-Baden und das international bekannte Festspielhaus Baden-Baden &#8211; mit vielen Opern- und Konzertveranstaltungen. Bedeutende Museen Baden-Badens sind, zum Beispiel, das Stadtmuseum Baden-Baden oder die Staatliche Kunsthalle Baden-Baden. Das weltbekannte Kurhaus in Baden-Baden (mit dem sch\u00f6nen Spielcasino) ist, ein wichtiger gesellschaftlicher Treffpunkt in der Stadt und gilt, als ein Wahrzeichen der Stadt Baden-Baden. Auch die sch\u00f6ne Altstadt in Baden-Baden ist, sehr sehenswert!<\/p>\n<p>&nbsp;<\/p>\n<h4>ANFAHRT (VERKEHR)<\/h4>\n<p>Baden-Baden ist, an die wichtige deutsche Bundesautobahn A 5 (zwischen: Karlsruhe und Basel) angeschlossen. Die bekannte B 500 (<em>sog.<\/em>: Schwarzwaldhochstra\u00dfe) f\u00fchrt von Baden-Baden bis nach Freudenstadt. \u00dcber den Bahnhof Baden-Baden hat man Anschlu\u00df, an viele innerdeutsche oder Baden-W\u00fcrttembergische St\u00e4dte (bspw.: Karlsruhe, Mannheim oder Konstanz). Vom Flughafen Karlsruhe\/ Baden-Baden (westlich von Baden-Baden) werden, viele nationale und europ\u00e4ische Flugverbindungen angeboten.<\/p>\n<p>&nbsp;<\/p>\n<h4>IMMOBILIEN IN BADEN-BADEN<\/h4>\n<p>Die Kurstadt Baden-Baden gilt, als einer der begehrtesten Immobilienstandorte S\u00fcddeutschlands. Die Kaufpreise f\u00fcr <a href=\"https:\/\/www.mariostark.com\/de\/immobilien\/premium-immobilien\/\">Premium-Immobilien<\/a> (bspw. <a href=\"https:\/\/www.mariostark.com\/de\/immobilien\/villen\/\">Villen<\/a> oder hochwertige <a href=\"https:\/\/www.mariostark.com\/de\/immobilien\/einfamilienhaeuser\/\">Einfamilienh\u00e4user<\/a>) erreichen &#8211; in Baden-Baden &#8211; ein hohes Niveau.<\/p>\n<p>&nbsp;<\/p>\n<p>&nbsp;<\/p>\n<h3>WOHNEN IN <a href=\"#BADEN_BADEN\">#BADEN_BADEN<\/a> &amp; UMGEBUNG &#8211; MARIO STARK IMMOBILIEN &#8211; <span style=\"color: #333333;\"><a href=\"#MARIOSTARK\">#MARIOSTARK<\/a><\/span><\/h3>\n<p>&nbsp;<\/p>\n<h4>BADEN-BADEN: IMMOBILIEN KAUFEN &amp; VERKAUFEN<\/h4>\n<p>Gerne beraten wir Sie, bei Fragen, zum Immobilienkauf- oder verkauf, einer Immobilienbewertung oder einer <a href=\"https:\/\/www.mariostark.com\/de\/immobilien\/immobilienbesichtigung\/\">Immobilienbesichtigung<\/a> in<em> Baden-Baden<\/em>.<\/p>\n<p>&nbsp;<\/p>\n<h4>&gt; <a href=\"https:\/\/www.mariostark.com\/de\/kontakt\/\"><em>Kontakt<\/em><\/a><\/h4>\n<p>&nbsp;<\/p>\n<h4>&gt; <a href=\"https:\/\/www.mariostark.com\/de\/immobilien\/immobilien-verkaufen\/\"><em>Immobilien verkaufen<\/em><\/a><\/h4>\n<p>&nbsp;<\/p>\n<h4>&gt; <a href=\"https:\/\/www.mariostark.com\/de\/immobilien\/immobilienbewertung\/\"><em>Immobilienbewertung<\/em><\/a><\/h4>\n<p>&nbsp;<\/p>\n<p>Weitere Informationen auf <a href=\"https:\/\/www.mariostark.com\/de\/immobilien\"><strong>mariostark.com\/de\/immobilien<\/strong><\/a>.<\/p>\n<p>&nbsp;<\/p>\n<p>&nbsp;<\/p>\n<p>&nbsp;<\/p>\n<p>&nbsp;<\/p>\n<h4 style=\"text-align: center;\"><span style=\"color: #999999;\">Mehr.<\/span><\/h4>\n<h6 style=\"text-align: center;\"><span style=\"color: #808080;\"><a style=\"color: #808080;\" href=\"https:\/\/www.facebook.com\/mariostarkofficial\">Facebook<\/a> \u00a0\u00a0 <a style=\"color: #808080;\" href=\"http:\/\/www.twitter.com\/mariostarkcom\">Twitter<\/a> \u00a0\u00a0 <a style=\"color: #808080;\" href=\"https:\/\/www.instagram.com\/mariostarkofficial\">Instagram<\/a>\u00a0\u00a0\u00a0 <a style=\"color: #808080;\" href=\"https:\/\/www.youtube.com\/c\/mariostarkofficial\">Youtube<\/a>\u00a0\u00a0\u00a0 <a style=\"color: #808080;\" href=\"http:\/\/www.pinterest.com\/mariostarkcom\">Pinterest<\/a><\/span><\/h6>\n<p>&nbsp;<\/p>","protected":false},"excerpt":{"rendered":"<p>IMMOBILIENMAKLER F\u00dcR BADEN-BADEN &amp; UMGEBUNG &#8211; IMMOBILIEN, VILLEN, H\u00c4USER UND WOHNUNGEN KAUFEN &amp; VERKAUFEN &#8211; MARIO STARK &nbsp; &nbsp; Baden-Baden (&#8222;Baden-Baden&#8220;) ist, ein international bekannter Kurort &#8211; im Westen des deutschen Bundeslandes Baden-W\u00fcrttemberg. Baden-Baden ist &#8211; noch heute &#8211; ein &hellip; <a href=\"https:\/\/www.mariostark.com\/de\/immobilien\/baden-baden\/\">Weiterlesen<\/a><\/p>\n","protected":false},"author":2,"featured_media":0,"parent":41,"menu_order":0,"comment_status":"closed","ping_status":"closed","template":"template-midsize.php","meta":{"footnotes":""},"class_list":["post-12802","page","type-page","status-publish","hentry"],"_links":{"self":[{"href":"https:\/\/www.mariostark.com\/de\/wp-json\/wp\/v2\/pages\/12802","targetHints":{"allow":["GET"]}}],"collection":[{"href":"https:\/\/www.mariostark.com\/de\/wp-json\/wp\/v2\/pages"}],"about":[{"href":"https:\/\/www.mariostark.com\/de\/wp-json\/wp\/v2\/types\/page"}],"author":[{"embeddable":true,"href":"https:\/\/www.mariostark.com\/de\/wp-json\/wp\/v2\/users\/2"}],"replies":[{"embeddable":true,"href":"https:\/\/www.mariostark.com\/de\/wp-json\/wp\/v2\/comments?post=12802"}],"version-history":[{"count":5,"href":"https:\/\/www.mariostark.com\/de\/wp-json\/wp\/v2\/pages\/12802\/revisions"}],"predecessor-version":[{"id":14832,"href":"https:\/\/www.mariostark.com\/de\/wp-json\/wp\/v2\/pages\/12802\/revisions\/14832"}],"up":[{"embeddable":true,"href":"https:\/\/www.mariostark.com\/de\/wp-json\/wp\/v2\/pages\/41"}],"wp:attachment":[{"href":"https:\/\/www.mariostark.com\/de\/wp-json\/wp\/v2\/media?parent=12802"}],"curies":[{"name":"wp","href":"https:\/\/api.w.org\/{rel}","templated":true}]}}