{"id":12690,"date":"2017-03-28T15:29:37","date_gmt":"2017-03-28T13:29:37","guid":{"rendered":"https:\/\/www.mariostark.com\/de\/?page_id=12690"},"modified":"2019-04-13T12:37:17","modified_gmt":"2019-04-13T10:37:17","slug":"zingst","status":"publish","type":"page","link":"https:\/\/www.mariostark.com\/de\/immobilien\/zingst\/","title":{"rendered":"Immobilien in Zingst"},"content":{"rendered":"<h3>IMMOBILIENMAKLER F\u00dcR DAS OSTSEEBAD ZINGST &amp; UMGEBUNG &#8211; IMMOBILIEN, VILLEN, H\u00c4USER UND WOHNUNGEN KAUFEN &amp; VERKAUFEN &#8211; MARIO STARK!<\/h3>\n<p>&nbsp;<\/p>\n<p>&nbsp;<\/p>\n<p>Das<strong> Ostseebad Zingst<\/strong> (&#8222;Zingst&#8220;) ist, ein bekannter Urlaubsort auf der Halbinsel <a href=\"https:\/\/www.mariostark.com\/de\/immobilien\/fischland-darss-zingst\/\">Fischland-Dar\u00df-Zingst<\/a>, im Norden des deutschen Bundeslandes <a href=\"https:\/\/www.mariostark.com\/de\/immobilien\/mecklenburg-vorpommern\/\">Mecklenburg-Vorpommern<\/a>. Das Seeheilbad Zingst geh\u00f6rt, zu den begehrtesten Lagen f\u00fcr <a href=\"https:\/\/www.mariostark.com\/de\/immobilien\/wohnimmobilien\/\">Wohnimmobilien<\/a> und <a href=\"https:\/\/www.mariostark.com\/de\/immobilien\/ferienimmobilien\/\">Ferienimmobilien<\/a> (&#8222;Immobilien&#8220;) an der deutschen <a href=\"https:\/\/www.mariostark.com\/de\/immobilien\/ostsee\/\">Ostseek\u00fcste<\/a>.<\/p>\n<p>&nbsp;<\/p>\n<h4>LAGE<\/h4>\n<p><em>Zingst<\/em> liegt, direkt an der beliebten Ostseek\u00fcste, im Nordosten der Halbinsel Fischland-Dar\u00df-Zingst und geh\u00f6rt heute, zum <a href=\"https:\/\/www.mariostark.com\/de\/immobilien\/landkreis-vorpommern-ruegen\/\">Landkreis Vorpommern-R\u00fcgen<\/a>. Im Norden wird Zingst durch die Ostsee &#8211; im S\u00fcden, unter anderem, durch den so genannten &#8222;Barther Bodden&#8220; begrenzt. N\u00e4chstgr\u00f6\u00dfere St\u00e4dte sind, beispielsweise, Barth und Ribnitz-Damgarten auf dem Festland, sowie, die <a href=\"https:\/\/www.mariostark.com\/de\/immobilien\/rostock\/\">Hansestadt Rostock<\/a> &#8211; im Westen der Halbinsel Fischland-Dar\u00df-Zingst.<\/p>\n<p>&nbsp;<\/p>\n<h4>OSTSEEBAD ZINGST<\/h4>\n<p>Das Ostseebad Zingst geh\u00f6rt, zu den beliebtesten Ferien- und Wohnorten, auf der Halbinsel Fischland-Dar\u00df-Zingst. Der Tourismus ist daher, zu einem wichtigen Wirtschaftszweig geworden. Zahlreiche (auch exklusive) Hotels, Ferienh\u00e4user und <a href=\"https:\/\/www.mariostark.com\/de\/immobilien\/ferienwohnungen\/\">Ferienwohnungen<\/a> stehen, den Urlaubsg\u00e4sten, zur Verf\u00fcgung. Der feinsandige Ostseestrand in Zingst ist besonders, bei den vielen Touristen und Tagesg\u00e4sten, beliebt. Auch die zahlreichen Fahrradrouten \u00fcber die Deiche &#8211; die das Seebad Zingst zum Schutz vor Hochwasser umgeben &#8211; werden sehr gern genutzt. Ganz in der N\u00e4he liegt, der auf der Halbinsel Fischland-Dar\u00df-Zingst bekannte &#8222;Osterwald&#8220;. Die lange <em>Zingster Seebr\u00fccke<\/em> (neben dem Zingster Kurhaus) ist, bei Einheimischen, Urlaubern und Tagesg\u00e4sten gleicherma\u00dfen beliebt. Sehenswert ist ebenfalls, der gesamte Zingster Ortskern &#8211; mit liebevoll restaurierten Fischer- und Kapit\u00e4nsh\u00e4usern. Auch der kleine Zingster Hafen wird, gern besucht. Hier findet, das allj\u00e4hrlich beliebte Zingster Hafenfest statt. Zur Gemeinde Zingst geh\u00f6rt auch, der Ortsteil M\u00fcggenburg.<\/p>\n<p>&nbsp;<\/p>\n<h4>IMMOBILIEN IM OSTSEEBAD ZINGST<\/h4>\n<p>Zingst gilt, als begehrter Immobilienstandort auf der Halbinsel Fischland-Dar\u00df-Zingst. Zahlreiche neue exklusive Wohnprojekte (<em>sog.<\/em>: <a href=\"https:\/\/www.mariostark.com\/de\/immobilienprojekte\/\">Immobilienprojekte<\/a>) wurden, in den vergangenen Jahren, in Zingst realisiert. Die Immobilienpreise f\u00fcr den Kauf von Wohneigentum (bspw.: <a href=\"https:\/\/www.mariostark.com\/de\/immobilien\/eigentumswohnungen\/\">Eigentumswohnungen<\/a>) erreichen &#8211; in Zingst &#8211; ein \u00fcberdurchschnittlich hohes Niveau.<\/p>\n<p>&nbsp;<\/p>\n<p>&nbsp;<\/p>\n<h3>WOHNEN IM OSTSEEBAD <a href=\"#ZINGST\">#ZINGST<\/a> &#8211; MARIO STARK IMMOBILIEN &#8211; <span style=\"color: #333333;\"><a href=\"#MARIOSTARK\">#MARIOSTARK<\/a><\/span><\/h3>\n<p>&nbsp;<\/p>\n<h4>ZINGST: IMMOBILIEN KAUFEN &amp; VERKAUFEN<\/h4>\n<p>Gerne beraten wir Sie, bei Fragen, zum Immobilienkauf- oder verkauf, einer Immobilienbewertung oder einer <a href=\"https:\/\/www.mariostark.com\/de\/immobilien\/immobilienbesichtigung\/\">Immobilienbesichtigung<\/a> im<em> Ostseebad Zingst<\/em>.<\/p>\n<p>&nbsp;<\/p>\n<h4>&gt; <a href=\"https:\/\/www.mariostark.com\/de\/kontakt\/\"><em>Kontakt<\/em><\/a><\/h4>\n<p>&nbsp;<\/p>\n<h4>&gt; <a href=\"https:\/\/www.mariostark.com\/de\/immobilien\/immobilien-verkaufen\/\"><em>Immobilien verkaufen<\/em><\/a><\/h4>\n<p>&nbsp;<\/p>\n<h4>&gt; <a href=\"https:\/\/www.mariostark.com\/de\/immobilien\/immobilienbewertung\/\"><em>Immobilienbewertung<\/em><\/a><\/h4>\n<p>&nbsp;<\/p>\n<p>Weitere Informationen auf <a href=\"https:\/\/www.mariostark.com\/de\/immobilien\"><strong>mariostark.com\/de\/immobilien<\/strong><\/a>.<\/p>\n<p>&nbsp;<\/p>\n<p>&nbsp;<\/p>\n<p>&nbsp;<\/p>\n<p>&nbsp;<\/p>\n<h4 style=\"text-align: center;\"><span style=\"color: #999999;\">Mehr.<\/span><\/h4>\n<h6 style=\"text-align: center;\"><span style=\"color: #808080;\"><a style=\"color: #808080;\" href=\"https:\/\/www.facebook.com\/mariostarkofficial\">Facebook<\/a> \u00a0\u00a0 <a style=\"color: #808080;\" href=\"http:\/\/www.twitter.com\/mariostarkcom\">Twitter<\/a> \u00a0\u00a0 <a style=\"color: #808080;\" href=\"https:\/\/www.instagram.com\/mariostarkofficial\">Instagram<\/a>\u00a0\u00a0\u00a0 <a style=\"color: #808080;\" href=\"https:\/\/www.youtube.com\/c\/mariostarkofficial\">Youtube<\/a>\u00a0\u00a0\u00a0 <a style=\"color: #808080;\" href=\"http:\/\/www.pinterest.com\/mariostarkcom\">Pinterest<\/a><\/span><\/h6>\n<p>&nbsp;<\/p>","protected":false},"excerpt":{"rendered":"<p>IMMOBILIENMAKLER F\u00dcR DAS OSTSEEBAD ZINGST &amp; UMGEBUNG &#8211; IMMOBILIEN, VILLEN, H\u00c4USER UND WOHNUNGEN KAUFEN &amp; VERKAUFEN &#8211; MARIO STARK! &nbsp; &nbsp; Das Ostseebad Zingst (&#8222;Zingst&#8220;) ist, ein bekannter Urlaubsort auf der Halbinsel Fischland-Dar\u00df-Zingst, im Norden des deutschen Bundeslandes Mecklenburg-Vorpommern. Das &hellip; <a href=\"https:\/\/www.mariostark.com\/de\/immobilien\/zingst\/\">Weiterlesen<\/a><\/p>\n","protected":false},"author":2,"featured_media":0,"parent":41,"menu_order":0,"comment_status":"closed","ping_status":"closed","template":"template-midsize.php","meta":{"footnotes":""},"class_list":["post-12690","page","type-page","status-publish","hentry"],"_links":{"self":[{"href":"https:\/\/www.mariostark.com\/de\/wp-json\/wp\/v2\/pages\/12690","targetHints":{"allow":["GET"]}}],"collection":[{"href":"https:\/\/www.mariostark.com\/de\/wp-json\/wp\/v2\/pages"}],"about":[{"href":"https:\/\/www.mariostark.com\/de\/wp-json\/wp\/v2\/types\/page"}],"author":[{"embeddable":true,"href":"https:\/\/www.mariostark.com\/de\/wp-json\/wp\/v2\/users\/2"}],"replies":[{"embeddable":true,"href":"https:\/\/www.mariostark.com\/de\/wp-json\/wp\/v2\/comments?post=12690"}],"version-history":[{"count":5,"href":"https:\/\/www.mariostark.com\/de\/wp-json\/wp\/v2\/pages\/12690\/revisions"}],"predecessor-version":[{"id":14884,"href":"https:\/\/www.mariostark.com\/de\/wp-json\/wp\/v2\/pages\/12690\/revisions\/14884"}],"up":[{"embeddable":true,"href":"https:\/\/www.mariostark.com\/de\/wp-json\/wp\/v2\/pages\/41"}],"wp:attachment":[{"href":"https:\/\/www.mariostark.com\/de\/wp-json\/wp\/v2\/media?parent=12690"}],"curies":[{"name":"wp","href":"https:\/\/api.w.org\/{rel}","templated":true}]}}