{"id":12673,"date":"2017-03-28T11:03:04","date_gmt":"2017-03-28T09:03:04","guid":{"rendered":"https:\/\/www.mariostark.com\/de\/?page_id=12673"},"modified":"2019-04-13T12:14:30","modified_gmt":"2019-04-13T10:14:30","slug":"ahrenshoop","status":"publish","type":"page","link":"https:\/\/www.mariostark.com\/de\/immobilien\/ahrenshoop\/","title":{"rendered":"Immobilien in Ahrenshoop"},"content":{"rendered":"<h3>IMMOBILIENMAKLER F\u00dcR DAS OSTSEEBAD AHRENSHOOP &amp; UMGEBUNG &#8211; IMMOBILIEN, VILLEN, H\u00c4USER UND WOHNUNGEN KAUFEN &amp; VERKAUFEN &#8211; MARIO STARK<\/h3>\n<p>&nbsp;<\/p>\n<p>&nbsp;<\/p>\n<p>Das<strong> Ostseebad Ahrenshoop<\/strong> (&#8222;Ahrenshoop&#8220;) ist, ein beliebter Ferienort auf der Halbinsel <a href=\"https:\/\/www.mariostark.com\/de\/immobilien\/fischland-darss-zingst\/\">Fischland-Dar\u00df-Zingst<\/a>, im Norden des deutschen Bundeslandes <a href=\"https:\/\/www.mariostark.com\/de\/immobilien\/mecklenburg-vorpommern\/\">Mecklenburg-Vorpommern<\/a>. Ahrenshoop gilt heute, als begehrter <a href=\"https:\/\/www.mariostark.com\/de\/immobilien\/immobilien-kaufen-verkaufen\/\">Immobilien<\/a>-Standort f\u00fcr <a href=\"https:\/\/www.mariostark.com\/de\/immobilien\/ferienwohnungen\/\">Ferienwohnungen<\/a> &amp; Ferienh\u00e4user (<a href=\"https:\/\/www.mariostark.com\/de\/immobilien\/ferienimmobilien\/\">Ferienimmobilien<\/a>) an der <a href=\"https:\/\/www.mariostark.com\/de\/immobilien\/ostsee\/\">Ostsee<\/a>.<\/p>\n<p>&nbsp;<\/p>\n<h4>LAGE<\/h4>\n<p><em>Ahrenshoop<\/em> liegt, direkt an der sch\u00f6nen Ostseek\u00fcste der Halbinsel Fischland-Dar\u00df-Zingst, im <a href=\"https:\/\/www.mariostark.com\/de\/immobilien\/landkreis-vorpommern-ruegen\/\">Landkreis Vorpommern-R\u00fcgen<\/a>. Im Westen des Ostseebades liegt die sog. Mecklenburger Bucht (Ostsee) &#8211; im Osten der &#8222;Saaler Bodden&#8220;. N\u00e4chstgelegene St\u00e4dte sind &#8211; Barth und Ribnitz-Damgarten, sowie, die Gro\u00dfstadt Rostock &#8211; westlich der Halbinsel Fischland-Dar\u00df-Zingst.<\/p>\n<p>&nbsp;<\/p>\n<h4>OSTSEEBAD AHRENSHOOP<\/h4>\n<p>Das Ostseebad Ahrenshoop ist, einer der beliebtesten Ferienorte der Halbinsel Fischland-Dar\u00df-Zingst. Zahlreiche Hotel- und Gastronomieangebote ziehen jedes Jahr, viele \u00fcberregionale Touristen und Tagesg\u00e4ste in das Seebad Ahrenshoop. Zum Ostseebad Ahrenshoop geh\u00f6ren auch, die Ortsteile &#8211; Niehagen und Althagen. Besonders bekannt ist Ahrenshoop, f\u00fcr die so gennante &#8222;K\u00fcnstlerkolonie&#8220;. Viele bekannte K\u00fcnstler lebten oder arbeiteten in Ahrenshoop, oder verbrachten hier ihre Ferien. Beleg daf\u00fcr sind, die zahlreichen bekannten <em>K\u00fcnstlerh\u00e4user<\/em> in den Ahrenshooper Ortsteilen. Erinnerungen zeigt, unter anderem, auch das <em>Kunstmuseum Ahrenshoop<\/em> &#8211; als eine der beliebtesten Sehensw\u00fcrdigkeiten des Ostseebades. Zu den kulturellen Highligths in den Sommermonaten geh\u00f6ren, beispielsweise, die Lange Nacht der Kunst oder die Ahrenshooper Filmn\u00e4chte.<\/p>\n<p>&nbsp;<\/p>\n<h4>ANFAHRT<\/h4>\n<p>Das Ostseebad Ahrenshoop erreicht man am besten, \u00fcber Bundes- und Landesstra\u00dfen aus den Richtungen &#8211; Rostock und\/oder Ribnitz-Damgarten. Die bekannte Bundesstra\u00dfe B 105 (Rostock-Ribnitz-Damgarten-<a href=\"https:\/\/www.mariostark.com\/de\/immobilien\/stralsund\/\">Stralsund<\/a>) verl\u00e4uft s\u00fcdlich, der Halbinsel Fischland-Dar\u00df-Zingst. Ab der <a href=\"https:\/\/www.mariostark.com\/de\/immobilien\/rostock\/\">Hansestadt Rostock<\/a> ((s\u00fcd-) westlich von Ahrenshoop) hat man Anschlu\u00df, an die Bundesautobahnen A 19 und A 20 &#8211; in Richtung &#8211; <a href=\"https:\/\/www.mariostark.com\/de\/immobilien\/berlin\/\">Berlin<\/a> und <a href=\"https:\/\/www.mariostark.com\/de\/immobilien\/hamburg\/\">Hamburg<\/a>. Der n\u00e4chstgr\u00f6\u00dfere Flughafen befindet sich, in Rostock-Laage.<\/p>\n<p>&nbsp;<\/p>\n<p>&nbsp;<\/p>\n<h3>WOHNEN IM OSTSEEBAD <a href=\"#AHRENSHOOP\">#AHRENSHOOP<\/a> &#8211; MARIO STARK IMMOBILIEN &#8211; <span style=\"color: #333333;\"><a href=\"#MARIOSTARK\">#MARIOSTARK<\/a><\/span><\/h3>\n<p>&nbsp;<\/p>\n<h4>AHRENSHOOP: IMMOBILIEN KAUFEN &amp; VERKAUFEN<\/h4>\n<p>Gerne beraten wir Sie, bei Fragen, zum Immobilienverkauf, einer Immobilienbewertung oder einer <a href=\"https:\/\/www.mariostark.com\/de\/immobilien\/immobilienbesichtigung\/\">Immobilienbesichtigung<\/a> im<em> Ostseebad Ahrenshoop<\/em>.<\/p>\n<p>&nbsp;<\/p>\n<h4>&gt; <a href=\"https:\/\/www.mariostark.com\/de\/kontakt\/\"><em>Kontakt<\/em><\/a><\/h4>\n<p>&nbsp;<\/p>\n<h4>&gt; <a href=\"https:\/\/www.mariostark.com\/de\/immobilien\/immobilien-verkaufen\/\"><em>Immobilien verkaufen<\/em><\/a><\/h4>\n<p>&nbsp;<\/p>\n<h4>&gt; <a href=\"https:\/\/www.mariostark.com\/de\/immobilien\/immobilienbewertung\/\"><em>Immobilienbewertung<\/em><\/a><\/h4>\n<p>&nbsp;<\/p>\n<p>Weitere Informationen auf <a href=\"https:\/\/www.mariostark.com\/de\/immobilien\"><strong>mariostark.com\/de\/immobilien<\/strong><\/a>.<\/p>\n<p>&nbsp;<\/p>\n<p>&nbsp;<\/p>\n<p>&nbsp;<\/p>\n<p>&nbsp;<\/p>\n<p>&nbsp;<\/p>\n<h4 style=\"text-align: center;\"><span style=\"color: #999999;\">Mehr.<\/span><\/h4>\n<h6 style=\"text-align: center;\"><span style=\"color: #808080;\"><a style=\"color: #808080;\" href=\"https:\/\/www.facebook.com\/mariostarkofficial\">Facebook<\/a> \u00a0\u00a0 <a style=\"color: #808080;\" href=\"http:\/\/www.twitter.com\/mariostarkcom\">Twitter<\/a> \u00a0\u00a0 <a style=\"color: #808080;\" href=\"https:\/\/www.instagram.com\/mariostarkofficial\">Instagram<\/a>\u00a0\u00a0\u00a0 <a style=\"color: #808080;\" href=\"https:\/\/www.youtube.com\/c\/mariostarkofficial\">Youtube<\/a>\u00a0\u00a0\u00a0 <a style=\"color: #808080;\" href=\"http:\/\/www.pinterest.com\/mariostarkcom\">Pinterest<\/a><\/span><\/h6>\n<p>&nbsp;<\/p>","protected":false},"excerpt":{"rendered":"<p>IMMOBILIENMAKLER F\u00dcR DAS OSTSEEBAD AHRENSHOOP &amp; UMGEBUNG &#8211; IMMOBILIEN, VILLEN, H\u00c4USER UND WOHNUNGEN KAUFEN &amp; VERKAUFEN &#8211; MARIO STARK &nbsp; &nbsp; Das Ostseebad Ahrenshoop (&#8222;Ahrenshoop&#8220;) ist, ein beliebter Ferienort auf der Halbinsel Fischland-Dar\u00df-Zingst, im Norden des deutschen Bundeslandes Mecklenburg-Vorpommern. Ahrenshoop &hellip; <a href=\"https:\/\/www.mariostark.com\/de\/immobilien\/ahrenshoop\/\">Weiterlesen<\/a><\/p>\n","protected":false},"author":2,"featured_media":0,"parent":41,"menu_order":0,"comment_status":"closed","ping_status":"closed","template":"template-midsize.php","meta":{"footnotes":""},"class_list":["post-12673","page","type-page","status-publish","hentry"],"_links":{"self":[{"href":"https:\/\/www.mariostark.com\/de\/wp-json\/wp\/v2\/pages\/12673","targetHints":{"allow":["GET"]}}],"collection":[{"href":"https:\/\/www.mariostark.com\/de\/wp-json\/wp\/v2\/pages"}],"about":[{"href":"https:\/\/www.mariostark.com\/de\/wp-json\/wp\/v2\/types\/page"}],"author":[{"embeddable":true,"href":"https:\/\/www.mariostark.com\/de\/wp-json\/wp\/v2\/users\/2"}],"replies":[{"embeddable":true,"href":"https:\/\/www.mariostark.com\/de\/wp-json\/wp\/v2\/comments?post=12673"}],"version-history":[{"count":5,"href":"https:\/\/www.mariostark.com\/de\/wp-json\/wp\/v2\/pages\/12673\/revisions"}],"predecessor-version":[{"id":14829,"href":"https:\/\/www.mariostark.com\/de\/wp-json\/wp\/v2\/pages\/12673\/revisions\/14829"}],"up":[{"embeddable":true,"href":"https:\/\/www.mariostark.com\/de\/wp-json\/wp\/v2\/pages\/41"}],"wp:attachment":[{"href":"https:\/\/www.mariostark.com\/de\/wp-json\/wp\/v2\/media?parent=12673"}],"curies":[{"name":"wp","href":"https:\/\/api.w.org\/{rel}","templated":true}]}}