{"id":11925,"date":"2017-02-18T18:14:59","date_gmt":"2017-02-18T16:14:59","guid":{"rendered":"https:\/\/www.mariostark.com\/?page_id=11925"},"modified":"2019-04-13T12:36:51","modified_gmt":"2019-04-13T10:36:51","slug":"wustrow-fischland","status":"publish","type":"page","link":"https:\/\/www.mariostark.com\/de\/immobilien\/wustrow-fischland\/","title":{"rendered":"Immobilien in Wustrow (Fischland)"},"content":{"rendered":"<h3>IMMOBILIENMAKLER F\u00dcR DAS OSTSEEBAD WUSTROW &amp; UMGEBUNG &#8211; IMMOBILIEN, VILLEN, H\u00c4USER &amp; WOHNUNGEN KAUFEN UND VERKAUFEN &#8211; MARIO STARK<\/h3>\n<p>&nbsp;<\/p>\n<p>&nbsp;<\/p>\n<p>Das<strong> Seebad Wustrow<\/strong> (&#8222;Wustrow&#8220;) ist, ein beliebter Urlaubsort an der Ostseek\u00fcste, des deutschen Bundeslandes <a href=\"https:\/\/www.mariostark.com\/de\/immobilien\/mecklenburg-vorpommern\/\">Mecklenburg-Vorpommern<\/a>. Vor allem <a href=\"https:\/\/www.mariostark.com\/de\/immobilien\/ferienimmobilien\/\">Ferienimmobilien<\/a> sind, in dem attraktiven Ostseebad, sehr beliebt. Wustrow geh\u00f6rt heute, zu den bevorzugten Lagen, f\u00fcr Wohn- und Ferienimmobilien (&#8222;Immobilien&#8220;) &#8211; an der <a href=\"https:\/\/www.mariostark.com\/de\/immobilien\/ostsee\/\">Ostseek\u00fcste<\/a>.<\/p>\n<p>&nbsp;<\/p>\n<h4>LAGE<\/h4>\n<p><em>Wustrow<\/em> liegt, auf der Halbinsel <a href=\"https:\/\/www.mariostark.com\/de\/immobilien\/fischland-darss-zingst\/\">Fischland-Dar\u00df-Zingst<\/a>, speziell &#8211; auf dem Fischland &#8211; zwischen der Mecklenburgischen Ostseek\u00fcste und dem sog. &#8222;Saaler Bodden&#8220;. Wustrow geh\u00f6rt heute, zum Gebiet des Landkreises <a href=\"https:\/\/www.mariostark.com\/de\/immobilien\/landkreis-vorpommern-ruegen\/\">Vorpommern-R\u00fcgen<\/a>. Die n\u00e4chstgelegene gr\u00f6\u00dfere Stadt ist &#8211; Ribnitz-Damgarten &#8211; (\u00f6stlich) der Gro\u00dfstadt Rostock.<\/p>\n<p>&nbsp;<\/p>\n<h4>OSTSEEBAD WUSTROW<\/h4>\n<p>Das Ostseebad Wustrow ist, ein sehr beliebter Ferienort, auf der Halbinsel Fischland-Dar\u00df-Zingst. Der Tourismus ist, daher, einer der wichtigsten Wirtschaftszweige des Ortes. Zahlreiche Hotel- und Gastronomieangebote ziehen jedes Jahr, viele deutsche und (auch) ausl\u00e4ndische G\u00e4ste in das Seebad Wustrow. Die vielen Ferienh\u00e4user des Ortes sind, dabei, sehr beliebt. Sehenswert ist, neben dem sch\u00f6nen langen Ostseestrand in Wustrow, auch, der kleine Hafen am Bodden.<\/p>\n<p>&nbsp;<\/p>\n<h4>VERKEHR (ANFAHRT)<\/h4>\n<p>Wustrow (Fischland) erreicht man am besten, \u00fcber Bundes- und Landesstra\u00dfen aus den Richtungen &#8211; Rostock und Ribnitz-Damgarten bzw. <a href=\"https:\/\/www.mariostark.com\/de\/immobilien\/stralsund\/\">Stralsund<\/a>. Die deutsche Bundesstra\u00dfe B 105 (zwischen: Rostock-Ribnitz-Damgarten-Stralsund) verl\u00e4uft, nur wenige Kilometer s\u00fcdlich, des Seebades. Ab der <a href=\"https:\/\/www.mariostark.com\/de\/immobilien\/rostock\/\">Hansestadt Rostock<\/a> ((s\u00fcd-) westlich von Wustrow) hat man Anschlu\u00df, an die deutschen Bundesautobahnen &#8222;A 19&#8220; und &#8222;A 20&#8220; &#8211; in die Richtungen: <a href=\"https:\/\/www.mariostark.com\/de\/immobilien\/berlin\/\">Berlin<\/a> und <a href=\"https:\/\/www.mariostark.com\/de\/immobilien\/hamburg\/\">Hamburg<\/a>. Der n\u00e4chstgr\u00f6\u00dfere internationale Flughafen ist, in Rostock-Laage.<\/p>\n<p>&nbsp;<\/p>\n<h4>IMMOBILIEN IM OSTSEEBAD WUSTROW<\/h4>\n<p>Die sch\u00f6ne Ostseek\u00fcste, lange Sandstr\u00e4nde, sowie, vielf\u00e4ltige Gastronomie- und Hotellerieangebote machen das Seebad Wustrow, zu einer beliebten Wohnlage f\u00fcr <a href=\"https:\/\/www.mariostark.com\/de\/immobilien\/immobilien-kaufen-verkaufen\/\">Immobilien<\/a>, wie, <a href=\"https:\/\/www.mariostark.com\/de\/immobilien\/einfamilienhaeuser\/\">Einfamilienh\u00e4user<\/a>, <a href=\"https:\/\/www.mariostark.com\/de\/immobilien\/villen\/\">Villen<\/a>\u00a0und\u00a0<a href=\"https:\/\/www.mariostark.com\/de\/immobilien\/eigentumswohnungen\/\">Eigentumswohnungen<\/a> &#8211; auf der Halbinsel Fischland-Dar\u00df-Zingst.<\/p>\n<p>&nbsp;<\/p>\n<p>&nbsp;<\/p>\n<h3>WOHNEN IM OSTSEEBAD <a href=\"#WUSTROW\">#WUSTROW<\/a> &#8211; MARIO STARK IMMOBILIEN &#8211; <span style=\"color: #333333;\"><a href=\"#MARIOSTARK\">#MARIOSTARK<\/a><\/span><\/h3>\n<p>&nbsp;<\/p>\n<h4>WUSTROW: IMMOBILIEN KAUFEN &amp; VERKAUFEN<\/h4>\n<p>Gerne beraten wir Sie, bei Fragen, zum Immobilienverkauf, einer Immobilienbewertung oder einer <a href=\"https:\/\/www.mariostark.com\/de\/immobilien\/immobilienbesichtigung\/\">Immobilienbesichtigung<\/a> im<em> Ostseebad Wustrow<\/em>.<\/p>\n<p>&nbsp;<\/p>\n<h4>&gt; <a href=\"https:\/\/www.mariostark.com\/de\/kontakt\/\"><em>Kontakt<\/em><\/a><\/h4>\n<p>&nbsp;<\/p>\n<h4>&gt; <a href=\"https:\/\/www.mariostark.com\/de\/immobilien\/immobilien-verkaufen\/\"><em>Immobilien verkaufen<\/em><\/a><\/h4>\n<p>&nbsp;<\/p>\n<h4>&gt; <a href=\"https:\/\/www.mariostark.com\/de\/immobilien\/immobilienbewertung\/\"><em>Immobilienbewertung<\/em><\/a><\/h4>\n<p>&nbsp;<\/p>\n<p>Weitere Informationen auf <a href=\"https:\/\/www.mariostark.com\/de\/immobilien\"><strong>mariostark.com\/de\/immobilien<\/strong><\/a>.<\/p>\n<p>&nbsp;<\/p>\n<p>&nbsp;<\/p>\n<p>&nbsp;<\/p>\n<p>&nbsp;<\/p>\n<h4 style=\"text-align: center;\"><span style=\"color: #999999;\">Mehr.<\/span><\/h4>\n<h6 style=\"text-align: center;\"><span style=\"color: #808080;\"><a style=\"color: #808080;\" href=\"https:\/\/www.facebook.com\/mariostarkofficial\">Facebook<\/a> \u00a0\u00a0 <a style=\"color: #808080;\" href=\"http:\/\/www.twitter.com\/mariostarkcom\">Twitter<\/a> \u00a0\u00a0 <a style=\"color: #808080;\" href=\"https:\/\/www.instagram.com\/mariostarkofficial\">Instagram<\/a>\u00a0\u00a0\u00a0 <a style=\"color: #808080;\" href=\"https:\/\/www.youtube.com\/c\/mariostarkofficial\">Youtube<\/a>\u00a0\u00a0\u00a0 <a style=\"color: #808080;\" href=\"http:\/\/www.pinterest.com\/mariostarkcom\">Pinterest<\/a><\/span><\/h6>\n<p>&nbsp;<\/p>","protected":false},"excerpt":{"rendered":"<p>IMMOBILIENMAKLER F\u00dcR DAS OSTSEEBAD WUSTROW &amp; UMGEBUNG &#8211; IMMOBILIEN, VILLEN, H\u00c4USER &amp; WOHNUNGEN KAUFEN UND VERKAUFEN &#8211; MARIO STARK &nbsp; &nbsp; Das Seebad Wustrow (&#8222;Wustrow&#8220;) ist, ein beliebter Urlaubsort an der Ostseek\u00fcste, des deutschen Bundeslandes Mecklenburg-Vorpommern. Vor allem Ferienimmobilien sind, &hellip; <a href=\"https:\/\/www.mariostark.com\/de\/immobilien\/wustrow-fischland\/\">Weiterlesen<\/a><\/p>\n","protected":false},"author":2,"featured_media":0,"parent":41,"menu_order":0,"comment_status":"closed","ping_status":"closed","template":"template-midsize.php","meta":{"footnotes":""},"class_list":["post-11925","page","type-page","status-publish","hentry"],"_links":{"self":[{"href":"https:\/\/www.mariostark.com\/de\/wp-json\/wp\/v2\/pages\/11925","targetHints":{"allow":["GET"]}}],"collection":[{"href":"https:\/\/www.mariostark.com\/de\/wp-json\/wp\/v2\/pages"}],"about":[{"href":"https:\/\/www.mariostark.com\/de\/wp-json\/wp\/v2\/types\/page"}],"author":[{"embeddable":true,"href":"https:\/\/www.mariostark.com\/de\/wp-json\/wp\/v2\/users\/2"}],"replies":[{"embeddable":true,"href":"https:\/\/www.mariostark.com\/de\/wp-json\/wp\/v2\/comments?post=11925"}],"version-history":[{"count":5,"href":"https:\/\/www.mariostark.com\/de\/wp-json\/wp\/v2\/pages\/11925\/revisions"}],"predecessor-version":[{"id":14883,"href":"https:\/\/www.mariostark.com\/de\/wp-json\/wp\/v2\/pages\/11925\/revisions\/14883"}],"up":[{"embeddable":true,"href":"https:\/\/www.mariostark.com\/de\/wp-json\/wp\/v2\/pages\/41"}],"wp:attachment":[{"href":"https:\/\/www.mariostark.com\/de\/wp-json\/wp\/v2\/media?parent=11925"}],"curies":[{"name":"wp","href":"https:\/\/api.w.org\/{rel}","templated":true}]}}