{"id":11905,"date":"2017-02-17T17:00:26","date_gmt":"2017-02-17T15:00:26","guid":{"rendered":"https:\/\/www.mariostark.com\/?page_id=11905"},"modified":"2019-04-13T12:14:52","modified_gmt":"2019-04-13T10:14:52","slug":"bad-doberan","status":"publish","type":"page","link":"https:\/\/www.mariostark.com\/de\/immobilien\/bad-doberan\/","title":{"rendered":"Immobilien in Bad Doberan"},"content":{"rendered":"<h3>IMMOBILIENMAKLER F\u00dcR BAD DOBERAN &amp; HEILIGENDAMM &#8211; IMMOBILIEN, VILLEN, H\u00c4USER &amp; WOHNUNGEN KAUFEN UND VERKAUFEN &#8211; MARIO STARK<\/h3>\n<p>&nbsp;<\/p>\n<p>&nbsp;<\/p>\n<p>Die <strong>Stadt Bad Doberan<\/strong> (&#8222;Bad Doberan&#8220;) ist, eine Stadt im deutschen Bundesland <a href=\"https:\/\/www.mariostark.com\/de\/immobilien\/mecklenburg-vorpommern\/\">Mecklenburg-Vorpommern<\/a> und liegt, westlich der <a href=\"https:\/\/www.mariostark.com\/de\/immobilien\/rostock\/\">Hansestadt Rostock<\/a>. Der Bad Doberaner Stadtteil &#8222;Heiligendamm&#8220; gilt heute, als exklusive Wohnlage f\u00fcr <a href=\"https:\/\/www.mariostark.com\/de\/immobilien\/premium-immobilien\/\">Premium Immobilien<\/a> (&#8222;Immobilien&#8220;) &#8211; an der <a href=\"https:\/\/www.mariostark.com\/de\/immobilien\/ostsee\/\">Ostseek\u00fcste<\/a>.<\/p>\n<p>&nbsp;<\/p>\n<h4>BAD DOBERAN<\/h4>\n<p><em>Bad Doberan<\/em> liegt, im Osten der Gro\u00dfstadt Rostock, nur wenige Kilometer entfernt &#8211; vom beliebten Ostseestrand. Der Tourismus ist daher, auch, von wesentlicher wirtschaftlicher Bedeutung f\u00fcr die Stadt Bad Doberan und Umgebung. Die <em>Ostseek\u00fcste<\/em> in der Region Rostock &#8211; Bad Doberan ist, mit der reizvollen Landschaft, ber\u00fchmten Ostseeb\u00e4dern (wie z.B. K\u00fchlungsborn) und, dem sch\u00f6nen Ostseestrand &#8211; eines der beliebtesten deutschen Urlaubsziele.<\/p>\n<p>&nbsp;<\/p>\n<h4>HEILIGENDAMM &#8211; &#8222;WEISSE STADT AM MEER&#8220;<\/h4>\n<p>Der bekannte Doberaner Stadtteil Heiligendamm (<em>sog.<\/em> &#8222;Wei\u00dfe Stadt am Meer&#8220;) liegt direkt, an der sch\u00f6nen Ostseek\u00fcste und ist, einer der beliebtesten Urlaubsorte f\u00fcr nationale und internationale Urlaubsg\u00e4ste &#8211; in Mecklenburg-Vorpommern. Heiligendamm gilt heute, als \u00e4ltestes Seebad Deutschlands. Das dort ans\u00e4ssige Luxus-Hotel war schon Gastgeber, wichtiger internationaler Gesellschafts- und Politikveranstaltungen.<\/p>\n<p>&nbsp;<\/p>\n<h4>SEHENSW\u00dcRDIGKEITEN IN BAD DOBERAN &amp; UMGEBUNG<\/h4>\n<p>Zu den beliebtesten Sehensw\u00fcrdigkeiten Bad Doberan\u00b4s geh\u00f6ren, unter anderem, das sch\u00f6ne &#8222;Doberaner M\u00fcnster&#8220;, die Doberaner Altstadt &#8211; mit vielen bekannten Baudenkm\u00e4lern, der attraktive Ortsteil Heiligendamm &#8211; mit dem feinen Sandstrand, sowie, die bekannte <em>Ostseerennbahn<\/em> &#8211; als beliebter Veranstaltungsort, f\u00fcr exklusive Pferderennen oder Musikveranstaltungen. Die (bei vielen Touristen) beliebte B\u00e4derbahn &#8222;Molli&#8220; &#8211; mit Ihrer imposanten Dampflokomotive &#8211; verbindet Bad Doberan, mit dem Ortsteil Heiligendamm und dem nahe gelegenen <a href=\"https:\/\/www.mariostark.com\/de\/immobilien\/kuehlungsborn\/\">Ostseebad K\u00fchlungsborn<\/a>.<\/p>\n<p>&nbsp;<\/p>\n<h4>VERKEHR (ANFAHRT)<\/h4>\n<p>Bad Doberan ist, \u00fcber die deutsche Bundesstra\u00dfe B 105, mit der Gro\u00dfstadt Rostock (im Osten), und, der Hansestadt Wismar (im Westen), verbunden. Wenige Kilometer s\u00fcdlich der Stadt verl\u00e4uft, die sog. &#8222;Ostseeautobahn&#8220; A 20 &#8211; die sich entlang (fast) der gesamten Ostseeregion in Mecklenburg-Vorpommern erstreckt. \u00dcber den Bahnhof Bad Doberan erreicht man, den Hauptbahnhof (HBF) Rostock, oder, den Bahnhof in Wismar, recht schnell. Die beliebte B\u00e4derbahn Molli verbindet Bad Doberan, mit Heiligendamm und K\u00fchlungsborn und wird, auch, gern f\u00fcr den touristischen Verkehr genutzt. Der n\u00e4chstgelegene Internationale Flughafen ist, der Flughafen Rostock-Laage &#8211; s\u00fcdlich der Hansestadt Rostock.<\/p>\n<p>&nbsp;<\/p>\n<h4>IMMOBILIEN IN DER REGION BAD DOBERAN<\/h4>\n<p>Die reizvollen Landschaften entlang der Ostseek\u00fcste, feine Sandstr\u00e4nde, sowie, moderne Gastronomie- und Hotellerieangebote und die gut ausgebaute Verkehrsinfrastruktur machen, die Region Bad Doberan, zur beliebten Wohnlage f\u00fcr <a href=\"https:\/\/www.mariostark.com\/de\/immobilien\/immobilien-kaufen-verkaufen\/\">Immobilien<\/a>, wie, <a href=\"https:\/\/www.mariostark.com\/de\/immobilien\/einfamilienhaeuser\/\">Einfamilienh\u00e4user<\/a>, <a href=\"https:\/\/www.mariostark.com\/de\/immobilien\/villen\/\">Villen<\/a>\u00a0und\u00a0<a href=\"https:\/\/www.mariostark.com\/de\/immobilien\/eigentumswohnungen\/\">Eigentumswohnungen<\/a> &#8211; im Raum Rostock.<\/p>\n<p>&nbsp;<\/p>\n<p>&nbsp;<\/p>\n<h3>WOHNEN IN <a href=\"#BAD_DOBERAN\">#BAD_DOBERAN<\/a> UND <a href=\"#HEILIGENDAMM\">#HEILIGENDAMM<\/a> &#8211; MARIO STARK IMMOBILIEN &#8211; <span style=\"color: #333333;\"><a href=\"#MARIOSTARK\">#MARIOSTARK<\/a><\/span><\/h3>\n<p>&nbsp;<\/p>\n<h4>BAD DOBERAN: IMMOBILIEN KAUFEN &amp; VERKAUFEN<\/h4>\n<p>Gerne beraten wir Sie, bei Fragen, zum Immobilienverkauf, einer Immobilienbewertung oder einer <a href=\"https:\/\/www.mariostark.com\/de\/immobilien\/immobilienbesichtigung\/\">Immobilienbesichtigung<\/a> in <em>Bad Doberan &amp; Heiligendamm<\/em>.<\/p>\n<p>&nbsp;<\/p>\n<h4>&gt; <a href=\"https:\/\/www.mariostark.com\/de\/kontakt\/\"><em>Kontakt<\/em><\/a><\/h4>\n<p>&nbsp;<\/p>\n<h4>&gt; <a href=\"https:\/\/www.mariostark.com\/de\/immobilien\/immobilien-verkaufen\/\"><em>Immobilien verkaufen<\/em><\/a><\/h4>\n<p>&nbsp;<\/p>\n<h4>&gt; <a href=\"https:\/\/www.mariostark.com\/de\/immobilien\/immobilienbewertung\/\"><em>Immobilienbewertung<\/em><\/a><\/h4>\n<p>&nbsp;<\/p>\n<p>Weitere Informationen auf <a href=\"https:\/\/www.mariostark.com\/de\/immobilien\"><strong>mariostark.com\/de\/immobilien<\/strong><\/a>.<\/p>\n<p>&nbsp;<\/p>\n<p>&nbsp;<\/p>\n<p>&nbsp;<\/p>\n<p>&nbsp;<\/p>\n<h4 style=\"text-align: center;\"><span style=\"color: #999999;\">Mehr.<\/span><\/h4>\n<h6 style=\"text-align: center;\"><span style=\"color: #808080;\"><a style=\"color: #808080;\" href=\"https:\/\/www.facebook.com\/mariostarkofficial\">Facebook<\/a> \u00a0\u00a0 <a style=\"color: #808080;\" href=\"http:\/\/www.twitter.com\/mariostarkcom\">Twitter<\/a> \u00a0\u00a0 <a style=\"color: #808080;\" href=\"https:\/\/www.instagram.com\/mariostarkofficial\">Instagram<\/a>\u00a0\u00a0\u00a0 <a style=\"color: #808080;\" href=\"https:\/\/www.youtube.com\/c\/mariostarkofficial\">Youtube<\/a>\u00a0\u00a0\u00a0 <a style=\"color: #808080;\" href=\"http:\/\/www.pinterest.com\/mariostarkcom\">Pinterest<\/a><\/span><\/h6>\n<p>&nbsp;<\/p>","protected":false},"excerpt":{"rendered":"<p>IMMOBILIENMAKLER F\u00dcR BAD DOBERAN &amp; HEILIGENDAMM &#8211; IMMOBILIEN, VILLEN, H\u00c4USER &amp; WOHNUNGEN KAUFEN UND VERKAUFEN &#8211; MARIO STARK &nbsp; &nbsp; Die Stadt Bad Doberan (&#8222;Bad Doberan&#8220;) ist, eine Stadt im deutschen Bundesland Mecklenburg-Vorpommern und liegt, westlich der Hansestadt Rostock. Der &hellip; <a href=\"https:\/\/www.mariostark.com\/de\/immobilien\/bad-doberan\/\">Weiterlesen<\/a><\/p>\n","protected":false},"author":2,"featured_media":0,"parent":41,"menu_order":0,"comment_status":"closed","ping_status":"closed","template":"template-midsize.php","meta":{"footnotes":""},"class_list":["post-11905","page","type-page","status-publish","hentry"],"_links":{"self":[{"href":"https:\/\/www.mariostark.com\/de\/wp-json\/wp\/v2\/pages\/11905","targetHints":{"allow":["GET"]}}],"collection":[{"href":"https:\/\/www.mariostark.com\/de\/wp-json\/wp\/v2\/pages"}],"about":[{"href":"https:\/\/www.mariostark.com\/de\/wp-json\/wp\/v2\/types\/page"}],"author":[{"embeddable":true,"href":"https:\/\/www.mariostark.com\/de\/wp-json\/wp\/v2\/users\/2"}],"replies":[{"embeddable":true,"href":"https:\/\/www.mariostark.com\/de\/wp-json\/wp\/v2\/comments?post=11905"}],"version-history":[{"count":5,"href":"https:\/\/www.mariostark.com\/de\/wp-json\/wp\/v2\/pages\/11905\/revisions"}],"predecessor-version":[{"id":14830,"href":"https:\/\/www.mariostark.com\/de\/wp-json\/wp\/v2\/pages\/11905\/revisions\/14830"}],"up":[{"embeddable":true,"href":"https:\/\/www.mariostark.com\/de\/wp-json\/wp\/v2\/pages\/41"}],"wp:attachment":[{"href":"https:\/\/www.mariostark.com\/de\/wp-json\/wp\/v2\/media?parent=11905"}],"curies":[{"name":"wp","href":"https:\/\/api.w.org\/{rel}","templated":true}]}}