{"id":11883,"date":"2017-02-15T17:48:45","date_gmt":"2017-02-15T15:48:45","guid":{"rendered":"https:\/\/www.mariostark.com\/?page_id=11883"},"modified":"2019-04-13T12:26:29","modified_gmt":"2019-04-13T10:26:29","slug":"lech-vorarlberg","status":"publish","type":"page","link":"https:\/\/www.mariostark.com\/de\/immobilien\/lech-vorarlberg\/","title":{"rendered":"Immobilien in Lech (Vorarlberg)"},"content":{"rendered":"<h3>IMMOBILIENMAKLER F\u00dcR LECH AM ARLBERG &amp; UMGEBUNG &#8211; IMMOBILIEN, VILLEN, H\u00c4USER &amp; WOHNUNGEN ZUM KAUF &#8211; MARIO STARK<\/h3>\n<p>&nbsp;<\/p>\n<p>&nbsp;<\/p>\n<p>Die Gemeinde<strong> Lech am Arlberg<\/strong> (&#8222;Lech&#8220;) ist, ein \u00fcber die Landesgrenzen hinaus, bekannter und beliebter Wintersportort im Bundesland Vorarlberg (\u00d6sterreich). Lech am Arlberg z\u00e4hlt, zu den besonders begehrten Lagen &#8211; f\u00fcr <a href=\"https:\/\/www.mariostark.com\/de\/immobilien\/luxusimmobilien\/\">Luxusimmobilien<\/a> in \u00d6sterreich.<\/p>\n<p>&nbsp;<\/p>\n<h4>LAGE<\/h4>\n<p><em>Lech (Vorarlberg)<\/em> liegt, im \u00f6sterreichischen Bundesland &#8222;Vorarlberg&#8220;. Lech grenzt, unter anderem, an die Gemeinden &#8211; Warth, Steeg und Kaisers, sowie, St. Anton am Arlberg und Dalaas &#8211; in den Bundesl\u00e4ndern &#8211; Vorarlberg und Tirol.<\/p>\n<p>&nbsp;<\/p>\n<h4>LECH AM ARLBERG (\u00d6STERREICH)<\/h4>\n<p>Lech (Vorarlberg) gilt, als einer der beliebtesten und wohlhabendsten Wintersportorte in \u00d6sterreich. Der Tourismus ist, unter anderem, einer der wichtigsten Wirtschaftszweige in der Region Arlberg. Die vielen beliebten Skipisten &#8211; im &#8222;Skigebiet Arlberg&#8220;, sowie, die exklusiven Hotel- und Gastronomieangebote, ziehen jedes Jahr viele (zum Teil: Prominente) Urlauber in den Ort. Besonders sehenswert ist, das Ortszentrum von Lech &#8211; mit zahlreichen exklusiven Shoppingm\u00f6glichkeiten. Die Gemeinde Lech (Vorarlberg) verbindet heute eine Partnerschaft, mit dem ebenfalls international bekannten und exklusiven Kurort <a href=\"https:\/\/www.mariostark.com\/de\/immobilien\/kampen-sylt\/\">Kampen (Sylt)<\/a> auf der Insel Sylt &#8211; in Deutschland.<\/p>\n<p>&nbsp;<\/p>\n<h4>IMMOBILIEN IN LECH (VORARLBERG)<\/h4>\n<p><a href=\"https:\/\/www.mariostark.com\/de\/immobilien\/premium-immobilien\/\">Premium Immobilien<\/a> in Lech am Arlberg sind (International), sehr begehrt. Die Kaufpreise f\u00fcr hochwertige <a href=\"https:\/\/www.mariostark.com\/de\/immobilien\/immobilien-kaufen-verkaufen\/\">Immobilien<\/a> wie &#8211; <a href=\"https:\/\/www.mariostark.com\/de\/immobilien\/eigentumswohnungen\/\">Eigentumswohnungen<\/a> oder <a href=\"https:\/\/www.mariostark.com\/de\/immobilien\/villen\/\"><em>Villen<\/em><\/a>, erreichen in Lech &#8211; ein gehobenes Niveau.<\/p>\n<p>&nbsp;<\/p>\n<p>&nbsp;<\/p>\n<h3>WOHNEN IN <a href=\"#LECH_AM_ARLBERG\">#LECH_AM_ARLBERG<\/a> &#8211; MARIO STARK (LUXUS) IMMOBILIEN &#8211; <span style=\"color: #333333;\"><a href=\"#MARIOSTARK\">#MARIOSTARK<\/a><\/span><\/h3>\n<p>&nbsp;<\/p>\n<h4>LECH AM ARLBERG: IMMOBILIEN KAUFEN &amp; VERKAUFEN<\/h4>\n<p>Ihre Immobilienpartner f\u00fcr den Immobilienkauf und Immobilienverkauf von &#8211; <a href=\"https:\/\/www.mariostark.com\/de\/immobilien\/wohnimmobilien\/\">Wohnimmobilien<\/a> &amp; <a href=\"https:\/\/www.mariostark.com\/de\/immobilien\/ferienimmobilien\/\">Ferienimmobilien<\/a>. Gerne beraten wir Sie auch, bei Immobilienbewertungen oder <a href=\"https:\/\/www.mariostark.com\/de\/immobilien\/immobilienbesichtigung\/\">Immobilienbesichtigungen<\/a> in Lech am Arlberg.<\/p>\n<p>&nbsp;<\/p>\n<h4>&gt; <a href=\"https:\/\/www.mariostark.com\/de\/kontakt\/\"><em>Kontakt<\/em><\/a><\/h4>\n<p>&nbsp;<\/p>\n<h4>&gt; <a href=\"https:\/\/www.mariostark.com\/de\/immobilien\/immobilien-verkaufen\/\"><em>Immobilien verkaufen<\/em><\/a><\/h4>\n<p>&nbsp;<\/p>\n<h4>&gt; <a href=\"https:\/\/www.mariostark.com\/de\/immobilien\/immobilienbewertung\/\"><em>Immobilienbewertung<\/em><\/a><\/h4>\n<p>&nbsp;<\/p>\n<p>Weitere Informationen auf <a href=\"https:\/\/www.mariostark.com\/de\/immobilien\"><strong>mariostark.com\/de\/immobilien<\/strong><\/a>.<\/p>\n<p>&nbsp;<\/p>\n<p>&nbsp;<\/p>\n<p>&nbsp;<\/p>\n<p>&nbsp;<\/p>\n<h4 style=\"text-align: center;\"><span style=\"color: #999999;\">Mehr.<\/span><\/h4>\n<h6 style=\"text-align: center;\"><span style=\"color: #808080;\"><a style=\"color: #808080;\" href=\"https:\/\/www.facebook.com\/mariostarkofficial\">Facebook<\/a> \u00a0\u00a0 <a style=\"color: #808080;\" href=\"http:\/\/www.twitter.com\/mariostarkcom\">Twitter<\/a> \u00a0\u00a0 <a style=\"color: #808080;\" href=\"https:\/\/www.instagram.com\/mariostarkofficial\">Instagram<\/a>\u00a0\u00a0\u00a0 <a style=\"color: #808080;\" href=\"https:\/\/www.youtube.com\/c\/mariostarkofficial\">Youtube<\/a>\u00a0\u00a0\u00a0 <a style=\"color: #808080;\" href=\"http:\/\/www.pinterest.com\/mariostarkcom\">Pinterest<\/a><\/span><\/h6>\n<p>&nbsp;<\/p>","protected":false},"excerpt":{"rendered":"<p>IMMOBILIENMAKLER F\u00dcR LECH AM ARLBERG &amp; UMGEBUNG &#8211; IMMOBILIEN, VILLEN, H\u00c4USER &amp; WOHNUNGEN ZUM KAUF &#8211; MARIO STARK &nbsp; &nbsp; Die Gemeinde Lech am Arlberg (&#8222;Lech&#8220;) ist, ein \u00fcber die Landesgrenzen hinaus, bekannter und beliebter Wintersportort im Bundesland Vorarlberg (\u00d6sterreich). &hellip; <a href=\"https:\/\/www.mariostark.com\/de\/immobilien\/lech-vorarlberg\/\">Weiterlesen<\/a><\/p>\n","protected":false},"author":2,"featured_media":0,"parent":41,"menu_order":0,"comment_status":"closed","ping_status":"closed","template":"template-midsize.php","meta":{"footnotes":""},"class_list":["post-11883","page","type-page","status-publish","hentry"],"_links":{"self":[{"href":"https:\/\/www.mariostark.com\/de\/wp-json\/wp\/v2\/pages\/11883","targetHints":{"allow":["GET"]}}],"collection":[{"href":"https:\/\/www.mariostark.com\/de\/wp-json\/wp\/v2\/pages"}],"about":[{"href":"https:\/\/www.mariostark.com\/de\/wp-json\/wp\/v2\/types\/page"}],"author":[{"embeddable":true,"href":"https:\/\/www.mariostark.com\/de\/wp-json\/wp\/v2\/users\/2"}],"replies":[{"embeddable":true,"href":"https:\/\/www.mariostark.com\/de\/wp-json\/wp\/v2\/comments?post=11883"}],"version-history":[{"count":5,"href":"https:\/\/www.mariostark.com\/de\/wp-json\/wp\/v2\/pages\/11883\/revisions"}],"predecessor-version":[{"id":14859,"href":"https:\/\/www.mariostark.com\/de\/wp-json\/wp\/v2\/pages\/11883\/revisions\/14859"}],"up":[{"embeddable":true,"href":"https:\/\/www.mariostark.com\/de\/wp-json\/wp\/v2\/pages\/41"}],"wp:attachment":[{"href":"https:\/\/www.mariostark.com\/de\/wp-json\/wp\/v2\/media?parent=11883"}],"curies":[{"name":"wp","href":"https:\/\/api.w.org\/{rel}","templated":true}]}}