{"id":11874,"date":"2017-02-15T17:40:33","date_gmt":"2017-02-15T15:40:33","guid":{"rendered":"https:\/\/www.mariostark.com\/?page_id=11874"},"modified":"2019-04-13T12:24:26","modified_gmt":"2019-04-13T10:24:26","slug":"kitzbuehel","status":"publish","type":"page","link":"https:\/\/www.mariostark.com\/de\/immobilien\/kitzbuehel\/","title":{"rendered":"Immobilien in Kitzb\u00fchel"},"content":{"rendered":"<h3>IMMOBILIENMAKLER F\u00dcR KITZB\u00dcHEL UND UMGEBUNG &#8211; IMMOBILIEN, VILLEN, H\u00c4USER &amp; WOHNUNGEN ZUM KAUF &#8211; MARIO STARK<\/h3>\n<p>&nbsp;<\/p>\n<p>&nbsp;<\/p>\n<p>Die Stadt<strong> Kitzb\u00fchel<\/strong> (&#8222;Kitzb\u00fchel&#8220;) ist, ein international bekannter Wintersportort im Bundesland Tirol (\u00d6sterreich). Kitzb\u00fchel z\u00e4hlt, zu den besonders begehrten Lagen, f\u00fcr exklusive <a href=\"https:\/\/www.mariostark.com\/de\/immobilien\/wohnimmobilien\/\">Wohnimmobilien<\/a> und <a href=\"https:\/\/www.mariostark.com\/de\/immobilien\/ferienimmobilien\/\">Ferienimmobilien<\/a> &#8211; in \u00d6sterreich.<\/p>\n<p>&nbsp;<\/p>\n<h4>GEOGRAFISCHE LAGE<\/h4>\n<p><em>Kitzb\u00fchel<\/em> liegt, im Osten der Landeshauptstadt Innsbruck &#8211; inmitten der sch\u00f6nen Kitzb\u00fcheler Alpen. Die Stadt Kitzb\u00fchel grenzt, unter anderem, an die Gemeinden &#8211; Aurach b. Kitztb\u00fchel, Kirchberg in Tirol, Reith b. Kitzb\u00fchel und St. Johann in Tirol.<\/p>\n<p>&nbsp;<\/p>\n<h4>KITZB\u00dcHEL (\u00d6STERREICH)<\/h4>\n<p>Kitzb\u00fchel (Abk.: <em>KB<\/em>) ist, besonders bekannt, als prominenter und internationaler &#8222;Hotspot&#8220; f\u00fcr Wintersport-Begeisterte und gilt, damit, als einer der bedeutendsten Wintersportorte \u00d6sterreichs. Der Tourismus ist, unter anderem, einer der wichtigsten Wirtschaftszweige in Kitzb\u00fchel. Die zahlreichen Skipisten, in der Kitzb\u00fcheler Umgebung, ziehen jedes Jahr, viele nationale und internationale G\u00e4ste (Urlauber) in den beliebten Ort. Mehrere exklusive Golf- und Tennispl\u00e4tze erg\u00e4nzen, die &#8222;sportliche Attraktivit\u00e4t&#8220; der Stadt Kitzb\u00fchel ungemein.<\/p>\n<p>&nbsp;<\/p>\n<h4>SEHENSW\u00dcRDIGKEITEN + VERANSTALTUNGEN<\/h4>\n<p>Zu den Kitzb\u00fcheler Sehensw\u00fcrdigkeiten z\u00e4hlen, beispielsweise, die bekannte Katharinenkirche (im Ortszentrum), oder auch, das Museum Kitzb\u00fchel. Besonders ber\u00fchmt ist, beispielsweise, das sog. &#8222;Hahnenkammrennen&#8220;, als &#8211; einer der beliebtesten und anspruchvollsten Skiabfahrtsl\u00e4ufe &#8211; weltweit. Hier trifft sich gern, der internationale &#8222;Jetset&#8220;.<\/p>\n<p>&nbsp;<\/p>\n<h4>VERKEHR<\/h4>\n<p>\u00dcber den Bahnhof Kitzb\u00fchel erreicht man mit der Bahn, auch, gr\u00f6\u00dfere St\u00e4dte in \u00d6sterreich (z.B.: die Landeshauptstadt Innsbruck oder Graz).<\/p>\n<p>&nbsp;<\/p>\n<h4>IMMOBILIEN IN KITZB\u00dcHEL<\/h4>\n<p>Die Kaufpreise f\u00fcr <a href=\"https:\/\/www.mariostark.com\/de\/immobilien\/immobilien-kaufen-verkaufen\/\">Immobilien<\/a> wie &#8211; <a href=\"https:\/\/www.mariostark.com\/de\/immobilien\/eigentumswohnungen\/\">Eigentumswohnungen<\/a> oder <a href=\"https:\/\/www.mariostark.com\/de\/immobilien\/einfamilienhaeuser\/\">Einfamilienh\u00e4user<\/a> &amp; <a href=\"https:\/\/www.mariostark.com\/de\/immobilien\/villen\/\"><em>Villen<\/em><\/a>, erreichen besonders um das Kitzb\u00fcheler Ortszentrum &#8211; ein international gehobenes Niveau.<\/p>\n<p>&nbsp;<\/p>\n<p>&nbsp;<\/p>\n<h3>WOHNEN IN <a href=\"#KITZB\u00dcHEL\">#KITZB\u00dcHEL<\/a> &#8211; MARIO STARK (LUXUS) IMMOBILIEN &#8211; <span style=\"color: #333333;\"><a href=\"#MARIOSTARK\">#MARIOSTARK<\/a><\/span><\/h3>\n<p>&nbsp;<\/p>\n<h4>KITZB\u00dcHEL: IMMOBILIEN KAUFEN &amp; VERKAUFEN<\/h4>\n<p>Ihre kompetenten Immobilienpartner f\u00fcr den Immobilienkauf und Immobilienverkauf von &#8211; <a href=\"https:\/\/www.mariostark.com\/de\/immobilien\/einfamilienhaeuser\/\">Einfamilienh\u00e4usern<\/a>, Eigentumswohnungen &amp; Ferienimmobilien. Gerne beraten wir Sie auch, bei Immobilienbewertungen oder <a href=\"https:\/\/www.mariostark.com\/de\/immobilien\/immobilienbesichtigung\/\">Immobilienbesichtigungen<\/a> im Wintersportort Kitzb\u00fchel.<\/p>\n<p>&nbsp;<\/p>\n<h4>&gt; <a href=\"https:\/\/www.mariostark.com\/de\/kontakt\/\"><em>Kontakt<\/em><\/a><\/h4>\n<p>&nbsp;<\/p>\n<h4>&gt; <a href=\"https:\/\/www.mariostark.com\/de\/immobilien\/immobilien-verkaufen\/\"><em>Immobilien verkaufen<\/em><\/a><\/h4>\n<p>&nbsp;<\/p>\n<h4>&gt; <a href=\"https:\/\/www.mariostark.com\/de\/immobilien\/immobilienbewertung\/\"><em>Immobilienbewertung<\/em><\/a><\/h4>\n<p>&nbsp;<\/p>\n<p>Weitere Informationen auf <a href=\"https:\/\/www.mariostark.com\/de\/immobilien\"><strong>mariostark.com\/de\/immobilien<\/strong><\/a>.<\/p>\n<p>&nbsp;<\/p>\n<p>&nbsp;<\/p>\n<p>&nbsp;<\/p>\n<p>&nbsp;<\/p>\n<h4 style=\"text-align: center;\"><span style=\"color: #999999;\">Mehr.<\/span><\/h4>\n<h6 style=\"text-align: center;\"><span style=\"color: #808080;\"><a style=\"color: #808080;\" href=\"https:\/\/www.facebook.com\/mariostarkofficial\">Facebook<\/a> \u00a0\u00a0 <a style=\"color: #808080;\" href=\"http:\/\/www.twitter.com\/mariostarkcom\">Twitter<\/a> \u00a0\u00a0 <a style=\"color: #808080;\" href=\"https:\/\/www.instagram.com\/mariostarkofficial\">Instagram<\/a>\u00a0\u00a0\u00a0 <a style=\"color: #808080;\" href=\"https:\/\/www.youtube.com\/c\/mariostarkofficial\">Youtube<\/a>\u00a0\u00a0\u00a0 <a style=\"color: #808080;\" href=\"http:\/\/www.pinterest.com\/mariostarkcom\">Pinterest<\/a><\/span><\/h6>\n<p>&nbsp;<\/p>","protected":false},"excerpt":{"rendered":"<p>IMMOBILIENMAKLER F\u00dcR KITZB\u00dcHEL UND UMGEBUNG &#8211; IMMOBILIEN, VILLEN, H\u00c4USER &amp; WOHNUNGEN ZUM KAUF &#8211; MARIO STARK &nbsp; &nbsp; Die Stadt Kitzb\u00fchel (&#8222;Kitzb\u00fchel&#8220;) ist, ein international bekannter Wintersportort im Bundesland Tirol (\u00d6sterreich). Kitzb\u00fchel z\u00e4hlt, zu den besonders begehrten Lagen, f\u00fcr exklusive &hellip; <a href=\"https:\/\/www.mariostark.com\/de\/immobilien\/kitzbuehel\/\">Weiterlesen<\/a><\/p>\n","protected":false},"author":2,"featured_media":0,"parent":41,"menu_order":0,"comment_status":"closed","ping_status":"closed","template":"template-midsize.php","meta":{"footnotes":""},"class_list":["post-11874","page","type-page","status-publish","hentry"],"_links":{"self":[{"href":"https:\/\/www.mariostark.com\/de\/wp-json\/wp\/v2\/pages\/11874","targetHints":{"allow":["GET"]}}],"collection":[{"href":"https:\/\/www.mariostark.com\/de\/wp-json\/wp\/v2\/pages"}],"about":[{"href":"https:\/\/www.mariostark.com\/de\/wp-json\/wp\/v2\/types\/page"}],"author":[{"embeddable":true,"href":"https:\/\/www.mariostark.com\/de\/wp-json\/wp\/v2\/users\/2"}],"replies":[{"embeddable":true,"href":"https:\/\/www.mariostark.com\/de\/wp-json\/wp\/v2\/comments?post=11874"}],"version-history":[{"count":5,"href":"https:\/\/www.mariostark.com\/de\/wp-json\/wp\/v2\/pages\/11874\/revisions"}],"predecessor-version":[{"id":14854,"href":"https:\/\/www.mariostark.com\/de\/wp-json\/wp\/v2\/pages\/11874\/revisions\/14854"}],"up":[{"embeddable":true,"href":"https:\/\/www.mariostark.com\/de\/wp-json\/wp\/v2\/pages\/41"}],"wp:attachment":[{"href":"https:\/\/www.mariostark.com\/de\/wp-json\/wp\/v2\/media?parent=11874"}],"curies":[{"name":"wp","href":"https:\/\/api.w.org\/{rel}","templated":true}]}}