{"id":10866,"date":"2017-01-19T19:57:11","date_gmt":"2017-01-19T17:57:11","guid":{"rendered":"https:\/\/www.mariostark.com\/?page_id=10866"},"modified":"2019-04-13T12:04:26","modified_gmt":"2019-04-13T10:04:26","slug":"ostsee","status":"publish","type":"page","link":"https:\/\/www.mariostark.com\/de\/immobilien\/ostsee\/","title":{"rendered":"Immobilien an der Ostsee"},"content":{"rendered":"<h3>IMMOBILIENMAKLER F\u00dcR DIE OSTSEE-REGION &#8211; (FERIEN) IMMOBILIEN, VILLEN, H\u00c4USER &amp; WOHNUNGEN KAUFEN UND VERKAUFEN &#8211; MARIO STARK<\/h3>\n<p>&nbsp;<\/p>\n<p>&nbsp;<\/p>\n<p>Die <strong>Ostsee<\/strong> (&#8222;Ostsee&#8220;) und Ihre K\u00fcste geh\u00f6rt, zu den beliebtesten Urlaubsregionen in der <a href=\"https:\/\/www.mariostark.com\/de\/immobilien\/deutschland\/\">Bundesrepublik Deutschland<\/a>. Die beiden gr\u00f6\u00dften deutschen Inseln &#8211; <a href=\"https:\/\/www.mariostark.com\/de\/immobilien\/ruegen\/\">R\u00fcgen<\/a> &amp; <a href=\"https:\/\/www.mariostark.com\/de\/immobilien\/usedom\/\">Usedom<\/a> &#8211; liegen, im \u00f6stlichen Teil der deutschen Ostseek\u00fcste. Die Ostseek\u00fcste in Deutschland erstreckt sich, entlang der beiden Bundesl\u00e4nder &#8211; <a href=\"https:\/\/www.mariostark.com\/de\/immobilien\/schleswig-holstein\/\">Schleswig-Holstein<\/a> und <a href=\"https:\/\/www.mariostark.com\/de\/immobilien\/mecklenburg-vorpommern\/\">Mecklenburg-Vorpommern<\/a>. Die Ostseeregion geh\u00f6rt, zu den begehrten Lagen f\u00fcr <a href=\"https:\/\/www.mariostark.com\/de\/immobilien\/immobilien-kaufen-verkaufen\/\">Immobilien<\/a> (&#8222;Immobilien&#8220;) &#8211; in Deutschland.<\/p>\n<p>&nbsp;<\/p>\n<h4>DIE OSTSEEK\u00dcSTE<\/h4>\n<p>Die <em>Ostseek\u00fcste<\/em> ist, wegen der reizvollen Landschaft, den ber\u00fchmten Ostseeb\u00e4dern und dem, oft, breiten und feinen Sandstrand, eines der beliebtesten deutschen Urlaubsziele. Fast alle Orte an der Ostseek\u00fcste sind, von touristischer Bedeutung<em>. <\/em>Zu den bekanntesten Ostseeb\u00e4dern geh\u00f6ren, beispielsweise, <a href=\"https:\/\/www.mariostark.com\/de\/immobilien\/timmendorfer-strand\/\">Timmendorfer Strand<\/a>, <a href=\"https:\/\/www.mariostark.com\/de\/immobilien\/kuehlungsborn\/\">K\u00fchlungsborn<\/a> und Heiligendamm, <a href=\"https:\/\/www.mariostark.com\/de\/immobilien\/graal-mueritz\/\">Graal-M\u00fcritz<\/a>, <a href=\"https:\/\/www.mariostark.com\/de\/immobilien\/binz\/\">Binz<\/a> und Sellin auf R\u00fcgen, sowie, <a href=\"https:\/\/www.mariostark.com\/de\/immobilien\/heringsdorf\/\">Heringsdorf<\/a> auf der Insel Usedom. An der Ostseek\u00fcste findet man, unter anderem, auch viele traditionelle Reetdachh\u00e4user, sowie, klassische Backsteinfassaden und nat\u00fcrlich &#8211; die mond\u00e4ne <em>B\u00e4derarchitektur<\/em>. Zahlreiche Touristen, aus dem In- und Ausland, genie\u00dfen hier Ihren Urlaub.<\/p>\n<p>&nbsp;<\/p>\n<h4>SEHENSW\u00dcRDIGKEITEN AN DER OSTSEE<\/h4>\n<p>Zu den vielen Sehensw\u00fcrdigkeiten in der Ostsee-Region geh\u00f6ren, unter anderem, der Jasmund-Nationalpark &#8211; mit dem ber\u00fchmten Kreidefelsen K\u00f6nigsstuhl,<em>\u00a0<\/em>sowie<em>,<\/em>\u00a0das &#8222;<em>Kap Arkona&#8220;<\/em> auf der Insel R\u00fcgen. Sehenswert sind auch, das beliebte Jagdschloss Granitz, sowie, die sch\u00f6nen <em>Seebr\u00fccken<\/em> in &#8211; Binz, <a href=\"https:\/\/www.mariostark.com\/de\/immobilien\/sellin\/\">Sellin<\/a> und Heringsdorf. Mehrere attraktive Hansest\u00e4dte, wie beispielsweise, <a href=\"https:\/\/www.mariostark.com\/de\/immobilien\/luebeck\/\">L\u00fcbeck<\/a>, Wismar, <a href=\"https:\/\/www.mariostark.com\/de\/immobilien\/rostock\/\">Rostock<\/a> oder <a href=\"https:\/\/www.mariostark.com\/de\/immobilien\/stralsund\/\">Stralsund<\/a>, laden mit Ihren sch\u00f6nen historischen Stadtkernen und vielf\u00e4ltigen kulturellen Angeboten, zu ausgiebigen Erkundungsfahrten ein.<\/p>\n<p>&nbsp;<\/p>\n<h4>KULTURELLES IN DER OSTSEE-REGION<\/h4>\n<p>Gerade in den Sommermonaten gibt es, in den vielen Ostseeb\u00e4dern, <a href=\"https:\/\/www.mariostark.com\/de\/immobilien\/schloesser-herrenhaeuser\/\">Schl\u00f6ssern<\/a> und Kirchen, viele interessante Kulturveranstaltungen, Ausstellungen, Galerien und Konzerte. Die bekannten &#8222;St\u00f6rtebeker-Festspiele&#8220; in Ralswiek auf R\u00fcgen sind, beispielsweise, eine der erfolgreichsten Freilicht-Theatervorstellungen Deutschlands.<\/p>\n<p>&nbsp;<\/p>\n<h4>VERKEHR<\/h4>\n<p>Mit der Bahn erreicht man die Ostseek\u00fcste, aus vielen deutschen St\u00e4dten, wie beispielsweise,\u00a0<a href=\"https:\/\/www.mariostark.com\/de\/immobilien\/berlin\/\">Berlin<\/a>, <a href=\"https:\/\/www.mariostark.com\/de\/immobilien\/hamburg\/\">Hamburg<\/a>, <a href=\"https:\/\/www.mariostark.com\/de\/immobilien\/stuttgart\/\">Stuttgart<\/a> oder <a href=\"https:\/\/www.mariostark.com\/de\/immobilien\/muenchen\/\">M\u00fcnchen<\/a>. Wichtige deutsche Bundesautobahnen (bspw<em>.<\/em>: A 19, A 1 oder A 20) f\u00fchren in, oder, entlang der beliebten Ostseeregion.<\/p>\n<p>&nbsp;<\/p>\n<h4>IMMOBILIEN AN DER OSTSEE<\/h4>\n<p>Reizvolle Landschaften, breite Sandstr\u00e4nde, moderne Gastronomie- und Hotellerie, sowie, eine sehr gut ausgebaute Verkehrsinfrastruktur, machen die Ostseeregion, zu einer der beliebtesten Wohngegenden Deutschlands. Die Ostseek\u00fcste ist heute, besonders, f\u00fcr attraktive <a href=\"https:\/\/www.mariostark.com\/de\/immobilien\/ferienimmobilien\/\">Ferienimmobilien<\/a>\u00a0bekannt. Die Ostseeregion gilt, oft auch, als besonders begehrte Lage f\u00fcr <a href=\"https:\/\/www.mariostark.com\/de\/immobilien\/immobilien-anbieten\/\">Immobilien<\/a>, wie, <a href=\"https:\/\/www.mariostark.com\/de\/immobilien\/einfamilienhaeuser\/\">Einfamilienh\u00e4user<\/a>, <a href=\"https:\/\/www.mariostark.com\/de\/immobilien\/villen\/\">Villen<\/a>\u00a0und\u00a0<a href=\"https:\/\/www.mariostark.com\/de\/immobilien\/eigentumswohnungen\/\">Eigentumswohnungen<\/a>. Das Angebot und die Nachfrage nach Immobilien &#8211; in der Ostseeregion &#8211; erreicht, ein dem entsprechend hohes Niveau.<\/p>\n<p>&nbsp;<\/p>\n<p>&nbsp;<\/p>\n<h3>FERIENIMMOBILIEN AN DER <a href=\"#OSTSEE\">#OSTSEE<\/a> &#8211; MARIO STARK IMMOBILIEN &#8211; <span style=\"color: #333333;\"><a href=\"#MARIOSTARK\">#MARIOSTARK<\/a><\/span><\/h3>\n<p>&nbsp;<\/p>\n<h4>OSTSEE: IMMOBILIEN KAUFEN &amp; VERKAUFEN<\/h4>\n<p>Gerne beraten wir Sie, bei Fragen, zum Immobilienverkauf, einer Immobilienbewertung oder einer <a href=\"https:\/\/www.mariostark.com\/de\/immobilien\/immobilienbesichtigung\/\">Immobilienbesichtigung<\/a> in der <em>Ostseeregion<\/em>.<\/p>\n<p>&nbsp;<\/p>\n<h4>&gt; <a href=\"https:\/\/www.mariostark.com\/de\/kontakt\/\"><em>Kontakt<\/em><\/a><\/h4>\n<p>&nbsp;<\/p>\n<h4>&gt; <a href=\"https:\/\/www.mariostark.com\/de\/immobilien\/immobilien-verkaufen\/\"><em>Immobilien verkaufen<\/em><\/a><\/h4>\n<p>&nbsp;<\/p>\n<h4>&gt; <a href=\"https:\/\/www.mariostark.com\/de\/immobilien\/immobilienbewertung\/\"><em>Immobilienbewertung<\/em><\/a><\/h4>\n<p>&nbsp;<\/p>\n<p>Weitere Informationen auf <a href=\"https:\/\/www.mariostark.com\/de\/immobilien\"><strong>mariostark.com\/de\/immobilien<\/strong><\/a>.<\/p>\n<p>&nbsp;<\/p>\n<p>&nbsp;<\/p>\n<p>&nbsp;<\/p>\n<p>&nbsp;<\/p>\n<h4 style=\"text-align: center;\"><span style=\"color: #999999;\">Mehr.<\/span><\/h4>\n<h6 style=\"text-align: center;\"><span style=\"color: #808080;\"><a style=\"color: #808080;\" href=\"https:\/\/www.facebook.com\/mariostarkofficial\">Facebook<\/a> \u00a0\u00a0 <a style=\"color: #808080;\" href=\"http:\/\/www.twitter.com\/mariostarkcom\">Twitter<\/a> \u00a0\u00a0 <a style=\"color: #808080;\" href=\"https:\/\/www.instagram.com\/mariostarkofficial\">Instagram<\/a>\u00a0\u00a0\u00a0 <a style=\"color: #808080;\" href=\"https:\/\/www.youtube.com\/c\/mariostarkofficial\">Youtube<\/a>\u00a0\u00a0\u00a0 <a style=\"color: #808080;\" href=\"http:\/\/www.pinterest.com\/mariostarkcom\">Pinterest<\/a><\/span><\/h6>\n<p>&nbsp;<\/p>","protected":false},"excerpt":{"rendered":"<p>IMMOBILIENMAKLER F\u00dcR DIE OSTSEE-REGION &#8211; (FERIEN) IMMOBILIEN, VILLEN, H\u00c4USER &amp; WOHNUNGEN KAUFEN UND VERKAUFEN &#8211; MARIO STARK &nbsp; &nbsp; Die Ostsee (&#8222;Ostsee&#8220;) und Ihre K\u00fcste geh\u00f6rt, zu den beliebtesten Urlaubsregionen in der Bundesrepublik Deutschland. Die beiden gr\u00f6\u00dften deutschen Inseln &#8211; &hellip; <a href=\"https:\/\/www.mariostark.com\/de\/immobilien\/ostsee\/\">Weiterlesen<\/a><\/p>\n","protected":false},"author":2,"featured_media":0,"parent":41,"menu_order":0,"comment_status":"closed","ping_status":"closed","template":"template-midsize.php","meta":{"footnotes":""},"class_list":["post-10866","page","type-page","status-publish","hentry"],"_links":{"self":[{"href":"https:\/\/www.mariostark.com\/de\/wp-json\/wp\/v2\/pages\/10866","targetHints":{"allow":["GET"]}}],"collection":[{"href":"https:\/\/www.mariostark.com\/de\/wp-json\/wp\/v2\/pages"}],"about":[{"href":"https:\/\/www.mariostark.com\/de\/wp-json\/wp\/v2\/types\/page"}],"author":[{"embeddable":true,"href":"https:\/\/www.mariostark.com\/de\/wp-json\/wp\/v2\/users\/2"}],"replies":[{"embeddable":true,"href":"https:\/\/www.mariostark.com\/de\/wp-json\/wp\/v2\/comments?post=10866"}],"version-history":[{"count":5,"href":"https:\/\/www.mariostark.com\/de\/wp-json\/wp\/v2\/pages\/10866\/revisions"}],"predecessor-version":[{"id":14806,"href":"https:\/\/www.mariostark.com\/de\/wp-json\/wp\/v2\/pages\/10866\/revisions\/14806"}],"up":[{"embeddable":true,"href":"https:\/\/www.mariostark.com\/de\/wp-json\/wp\/v2\/pages\/41"}],"wp:attachment":[{"href":"https:\/\/www.mariostark.com\/de\/wp-json\/wp\/v2\/media?parent=10866"}],"curies":[{"name":"wp","href":"https:\/\/api.w.org\/{rel}","templated":true}]}}