{"id":10860,"date":"2017-01-20T10:05:05","date_gmt":"2017-01-20T08:05:05","guid":{"rendered":"https:\/\/www.mariostark.com\/?page_id=10860"},"modified":"2019-04-13T12:02:17","modified_gmt":"2019-04-13T10:02:17","slug":"ferienwohnungen","status":"publish","type":"page","link":"https:\/\/www.mariostark.com\/de\/immobilien\/ferienwohnungen\/","title":{"rendered":"Ferienwohnung kaufen &#038; verkaufen"},"content":{"rendered":"<h3>WOLLEN SIE EINE FERIENWOHNUNG KAUFEN ODER VERKAUFEN?<\/h3>\n<p>&nbsp;<\/p>\n<p>&nbsp;<\/p>\n<p>Eine <strong>Ferienwohnung<\/strong> (engl.: <em>holiday home<\/em>) zu kaufen oder zu verkaufen ist, oft, eine sehr individuelle und wichtige pers\u00f6nliche Entscheidung. Ob als &#8211; <em>Kapitalanlage<\/em> oder zur &#8222;Selbstnutzung&#8220; &#8211; <a href=\"https:\/\/www.mariostark.com\/de\/\">MARIO STARK<\/a> unterst\u00fctzt Sie, bei dem Kauf oder Verkauf einer Ferienwohnung oder eines Ferienhauses. Langj\u00e4hrige Erfahrungen im Immobilienverkauf, sowie ein gro\u00dfes Angebot an individuellen Leistungen, bieten Ihnen optimale Voraussetzungen, f\u00fcr den erfolgreichen Kauf oder Verkauf Ihrer <em>Ferienwohnung<\/em>.<\/p>\n<p>&nbsp;<\/p>\n<p>&nbsp;<\/p>\n<h4>FERIENWOHNUNGEN: KAUFEN &amp; VERKAUFEN<\/h4>\n<p><a href=\"https:\/\/www.mariostark.com\/de\/unternehmen\/\"><strong>MARIO STARK<\/strong><\/a> unterst\u00fctzt Sie, bei dem Kauf oder Verkauf von <em>Ferienwohnungen<\/em> und Ferienh\u00e4usern. Gerne beraten wir Sie, bei Fragen, zum Kauf und Verkauf von <a href=\"https:\/\/www.mariostark.com\/de\/immobilien\/ferienimmobilien\/\">Ferienimmobilien<\/a>, unter Telefon Deutschland +49 (0) 38204 7416-0 oder <a href=\"mailto:info@mariostark.com\">info@mariostark.com<\/a>.<\/p>\n<p>&nbsp;<\/p>\n<h4>&gt; <a href=\"https:\/\/www.mariostark.com\/de\/kontakt\/\"><em>Kontakt<\/em><\/a><\/h4>\n<p>&nbsp;<\/p>\n<h4>&gt; <a href=\"https:\/\/www.mariostark.com\/de\/immobilien\/immobilien-verkaufen\/\"><em>Immobilien verkaufen<\/em><\/a><\/h4>\n<p>&nbsp;<\/p>\n<h4>&gt; <a href=\"https:\/\/www.mariostark.com\/de\/immobilien\/immobilienbewertung\/\"><em>Immobilienbewertung<\/em><\/a><\/h4>\n<p>&nbsp;<\/p>\n<p>Weitere Informationen auf <a href=\"https:\/\/www.mariostark.com\/de\/immobilien\"><strong>mariostark.com\/de\/immobilien<\/strong><\/a>.<\/p>\n<p>&nbsp;<\/p>\n<p>&nbsp;<\/p>\n<p>&nbsp;<\/p>\n<p>&nbsp;<\/p>\n<h4 style=\"text-align: center;\"><span style=\"color: #999999;\">Mehr.<\/span><\/h4>\n<h6 style=\"text-align: center;\"><span style=\"color: #808080;\"><a style=\"color: #808080;\" href=\"https:\/\/www.facebook.com\/mariostarkofficial\">Facebook<\/a> \u00a0\u00a0 <a style=\"color: #808080;\" href=\"http:\/\/www.twitter.com\/mariostarkcom\">Twitter<\/a> \u00a0\u00a0 <a style=\"color: #808080;\" href=\"https:\/\/www.instagram.com\/mariostarkofficial\">Instagram<\/a>\u00a0\u00a0\u00a0 <a style=\"color: #808080;\" href=\"https:\/\/www.youtube.com\/c\/mariostarkofficial\">Youtube<\/a>\u00a0\u00a0\u00a0 <a style=\"color: #808080;\" href=\"http:\/\/www.pinterest.com\/mariostarkcom\">Pinterest<\/a><\/span><\/h6>\n<p>&nbsp;<\/p>","protected":false},"excerpt":{"rendered":"<p>WOLLEN SIE EINE FERIENWOHNUNG KAUFEN ODER VERKAUFEN? &nbsp; &nbsp; Eine Ferienwohnung (engl.: holiday home) zu kaufen oder zu verkaufen ist, oft, eine sehr individuelle und wichtige pers\u00f6nliche Entscheidung. Ob als &#8211; Kapitalanlage oder zur &#8222;Selbstnutzung&#8220; &#8211; MARIO STARK unterst\u00fctzt Sie, &hellip; <a href=\"https:\/\/www.mariostark.com\/de\/immobilien\/ferienwohnungen\/\">Weiterlesen<\/a><\/p>\n","protected":false},"author":2,"featured_media":0,"parent":41,"menu_order":0,"comment_status":"closed","ping_status":"closed","template":"template-midsize.php","meta":{"footnotes":""},"class_list":["post-10860","page","type-page","status-publish","hentry"],"_links":{"self":[{"href":"https:\/\/www.mariostark.com\/de\/wp-json\/wp\/v2\/pages\/10860","targetHints":{"allow":["GET"]}}],"collection":[{"href":"https:\/\/www.mariostark.com\/de\/wp-json\/wp\/v2\/pages"}],"about":[{"href":"https:\/\/www.mariostark.com\/de\/wp-json\/wp\/v2\/types\/page"}],"author":[{"embeddable":true,"href":"https:\/\/www.mariostark.com\/de\/wp-json\/wp\/v2\/users\/2"}],"replies":[{"embeddable":true,"href":"https:\/\/www.mariostark.com\/de\/wp-json\/wp\/v2\/comments?post=10860"}],"version-history":[{"count":6,"href":"https:\/\/www.mariostark.com\/de\/wp-json\/wp\/v2\/pages\/10860\/revisions"}],"predecessor-version":[{"id":14802,"href":"https:\/\/www.mariostark.com\/de\/wp-json\/wp\/v2\/pages\/10860\/revisions\/14802"}],"up":[{"embeddable":true,"href":"https:\/\/www.mariostark.com\/de\/wp-json\/wp\/v2\/pages\/41"}],"wp:attachment":[{"href":"https:\/\/www.mariostark.com\/de\/wp-json\/wp\/v2\/media?parent=10860"}],"curies":[{"name":"wp","href":"https:\/\/api.w.org\/{rel}","templated":true}]}}