{"id":10295,"date":"2017-01-04T14:30:34","date_gmt":"2017-01-04T12:30:34","guid":{"rendered":"https:\/\/www.mariostark.com\/?page_id=10295"},"modified":"2019-04-13T12:56:50","modified_gmt":"2019-04-13T10:56:50","slug":"partner","status":"publish","type":"page","link":"https:\/\/www.mariostark.com\/de\/partner\/","title":{"rendered":"Partner"},"content":{"rendered":"<h3>WERDEN SIE MARIO STARK PARTNER!<\/h3>\n<p>&nbsp;<\/p>\n<p>Ganz gleich, ob Sie, als Architekt, neue Auftr\u00e4ge generieren wollen, ob Sie, als Bauunternehmer, Unterst\u00fctzung beim Vertrieb Ihrer <a href=\"https:\/\/www.mariostark.com\/de\/immobilien\/haeuser\/\">H\u00e4user<\/a> suchen, oder ob Sie, als regional oder \u00fcberregional t\u00e4tige Bank, beispielsweise, mit <a href=\"https:\/\/www.mariostark.com\/de\/immobilienfinanzierung\/\">Immobilienfinanzierungen<\/a> oder Consumer-Darlehen, unsere Kunden und Partner finanzieren m\u00f6chten.<\/p>\n<p>Werden Sie Partner in unserem Netzwerk und profitieren Sie, von unseren umfangreichen Leistungen und Angeboten &#8211; regional, national und international. Gerne beraten wir Sie, bei Fragen, zu unserem Partner-Programm, unter Telefon 49-38204-74160 oder unter <a href=\"mailto:partners@mariostark.com\">partners@mariostark.com<\/a>.<\/p>\n<p>&nbsp;<\/p>\n<h4>&gt; <a href=\"https:\/\/www.mariostark.com\/de\/partner\/partner-werden\/\"><em>MARIO STARK Partner werden<\/em><\/a><\/h4>\n<p>&nbsp;<\/p>\n<p>&nbsp;<\/p>\n<p>&nbsp;<\/p>\n<p>&nbsp;<\/p>\n<h6 style=\"text-align: center;\"><span style=\"color: #808080;\"><a style=\"color: #808080;\" href=\"https:\/\/www.facebook.com\/mariostarkofficial\">Facebook<\/a> \u00a0\u00a0 <a style=\"color: #808080;\" href=\"http:\/\/www.twitter.com\/mariostarkcom\">Twitter<\/a> \u00a0\u00a0 <a style=\"color: #808080;\" href=\"https:\/\/www.instagram.com\/mariostarkofficial\">Instagram<\/a>\u00a0\u00a0\u00a0 <a style=\"color: #808080;\" href=\"https:\/\/www.youtube.com\/c\/mariostarkofficial\">Youtube<\/a>\u00a0\u00a0\u00a0 <a style=\"color: #808080;\" href=\"http:\/\/www.pinterest.com\/mariostarkcom\">Pinterest<\/a><\/span><\/h6>\n<p>&nbsp;<\/p>","protected":false},"excerpt":{"rendered":"<p>WERDEN SIE MARIO STARK PARTNER! &nbsp; Ganz gleich, ob Sie, als Architekt, neue Auftr\u00e4ge generieren wollen, ob Sie, als Bauunternehmer, Unterst\u00fctzung beim Vertrieb Ihrer H\u00e4user suchen, oder ob Sie, als regional oder \u00fcberregional t\u00e4tige Bank, beispielsweise, mit Immobilienfinanzierungen oder Consumer-Darlehen, &hellip; <a href=\"https:\/\/www.mariostark.com\/de\/partner\/\">Weiterlesen<\/a><\/p>\n","protected":false},"author":2,"featured_media":0,"parent":0,"menu_order":0,"comment_status":"closed","ping_status":"closed","template":"template-midsize.php","meta":{"footnotes":""},"class_list":["post-10295","page","type-page","status-publish","hentry"],"_links":{"self":[{"href":"https:\/\/www.mariostark.com\/de\/wp-json\/wp\/v2\/pages\/10295","targetHints":{"allow":["GET"]}}],"collection":[{"href":"https:\/\/www.mariostark.com\/de\/wp-json\/wp\/v2\/pages"}],"about":[{"href":"https:\/\/www.mariostark.com\/de\/wp-json\/wp\/v2\/types\/page"}],"author":[{"embeddable":true,"href":"https:\/\/www.mariostark.com\/de\/wp-json\/wp\/v2\/users\/2"}],"replies":[{"embeddable":true,"href":"https:\/\/www.mariostark.com\/de\/wp-json\/wp\/v2\/comments?post=10295"}],"version-history":[{"count":5,"href":"https:\/\/www.mariostark.com\/de\/wp-json\/wp\/v2\/pages\/10295\/revisions"}],"predecessor-version":[{"id":14913,"href":"https:\/\/www.mariostark.com\/de\/wp-json\/wp\/v2\/pages\/10295\/revisions\/14913"}],"wp:attachment":[{"href":"https:\/\/www.mariostark.com\/de\/wp-json\/wp\/v2\/media?parent=10295"}],"curies":[{"name":"wp","href":"https:\/\/api.w.org\/{rel}","templated":true}]}}