{"id":10007,"date":"2016-12-25T18:35:35","date_gmt":"2016-12-25T16:35:35","guid":{"rendered":"https:\/\/www.mariostark.com\/?page_id=10007"},"modified":"2019-04-13T12:41:28","modified_gmt":"2019-04-13T10:41:28","slug":"immobilien-suchen","status":"publish","type":"page","link":"https:\/\/www.mariostark.com\/de\/immobilien\/immobilien-suchen\/","title":{"rendered":"Immobilien suchen"},"content":{"rendered":"<h3>SUCHEN SIE IHRE TRAUMIMMOBILIE?<\/h3>\n<p>&nbsp;<\/p>\n<p>&nbsp;<\/p>\n<p><a href=\"https:\/\/www.mariostark.com\/de\/\">MARIO STARK<\/a> <a href=\"https:\/\/www.mariostark.com\/de\/immobilien\/immobilien-anbieten\/\">IMMOBILIEN<\/a> unterst\u00fctzt Sie, bei der Suche nach Ihrer Wunschimmobilie! Langj\u00e4hrige Erfahrungen im Immobilienkauf- und verkauf helfen uns, selbst anspruchsvolle Immobilienw\u00fcnsche unserer Kunden, zu erf\u00fcllen.<\/p>\n<p>&nbsp;<\/p>\n<h4>IMMOBILIEN SUCHEN: MARIO STARK IMMOBILIENSUCHE!<\/h4>\n<p>Senden Sie einfach unser Formular <em>Immobilie suchen<\/em> an uns zur\u00fcck. Wir werden umgehend (nach Ihren Immobilienvorgaben) in unserem internationalen Netzwerk &#8211; nach einer passenden <a href=\"https:\/\/www.mariostark.com\/de\/immobilien\/\">Immobilie<\/a> suchen. Gerne beraten wir Sie, auch pers\u00f6nlich &#8211; unter Telefon Deutschland +49 (0) 38204 7416-0.<\/p>\n<p>&nbsp;<\/p>\n<h4>&gt; <a href=\"https:\/\/www.mariostark.com\/de\/kontakt\/\"><em>Kontakt<\/em><\/a><\/h4>\n<p>&nbsp;<\/p>\n<h4>&gt; <a href=\"https:\/\/www.mariostark.com\/de\/immobilien\/immobilie-suchen\/\"><em>Immobilie suchen<\/em><\/a><\/h4>\n<p>&nbsp;<\/p>\n<p>Weitere Informationen auf <a href=\"https:\/\/www.mariostark.com\/de\/immobilienanfragen\/\"><strong>mariostark.com\/de\/immobilienanfragen<\/strong><\/a>.<\/p>\n<p>&nbsp;<\/p>\n<p>&nbsp;<\/p>\n<p>&nbsp;<\/p>\n<p>&nbsp;<\/p>\n<h4 style=\"text-align: center;\"><span style=\"color: #999999;\">Mehr.<\/span><\/h4>\n<h6 style=\"text-align: center;\"><span style=\"color: #808080;\"><a style=\"color: #808080;\" href=\"https:\/\/www.facebook.com\/mariostarkofficial\">Facebook<\/a> \u00a0\u00a0 <a style=\"color: #808080;\" href=\"http:\/\/www.twitter.com\/mariostarkcom\">Twitter<\/a> \u00a0\u00a0 <a style=\"color: #808080;\" href=\"https:\/\/www.instagram.com\/mariostarkofficial\">Instagram<\/a>\u00a0\u00a0\u00a0 <a style=\"color: #808080;\" href=\"https:\/\/www.youtube.com\/c\/mariostarkofficial\">Youtube<\/a>\u00a0\u00a0\u00a0 <a style=\"color: #808080;\" href=\"http:\/\/www.pinterest.com\/mariostarkcom\">Pinterest<\/a><\/span><\/h6>\n<p>&nbsp;<\/p>","protected":false},"excerpt":{"rendered":"<p>SUCHEN SIE IHRE TRAUMIMMOBILIE? &nbsp; &nbsp; MARIO STARK IMMOBILIEN unterst\u00fctzt Sie, bei der Suche nach Ihrer Wunschimmobilie! Langj\u00e4hrige Erfahrungen im Immobilienkauf- und verkauf helfen uns, selbst anspruchsvolle Immobilienw\u00fcnsche unserer Kunden, zu erf\u00fcllen. &nbsp; IMMOBILIEN SUCHEN: MARIO STARK IMMOBILIENSUCHE! Senden Sie &hellip; <a href=\"https:\/\/www.mariostark.com\/de\/immobilien\/immobilien-suchen\/\">Weiterlesen<\/a><\/p>\n","protected":false},"author":2,"featured_media":0,"parent":41,"menu_order":0,"comment_status":"closed","ping_status":"closed","template":"template-midsize.php","meta":{"footnotes":""},"class_list":["post-10007","page","type-page","status-publish","hentry"],"_links":{"self":[{"href":"https:\/\/www.mariostark.com\/de\/wp-json\/wp\/v2\/pages\/10007","targetHints":{"allow":["GET"]}}],"collection":[{"href":"https:\/\/www.mariostark.com\/de\/wp-json\/wp\/v2\/pages"}],"about":[{"href":"https:\/\/www.mariostark.com\/de\/wp-json\/wp\/v2\/types\/page"}],"author":[{"embeddable":true,"href":"https:\/\/www.mariostark.com\/de\/wp-json\/wp\/v2\/users\/2"}],"replies":[{"embeddable":true,"href":"https:\/\/www.mariostark.com\/de\/wp-json\/wp\/v2\/comments?post=10007"}],"version-history":[{"count":5,"href":"https:\/\/www.mariostark.com\/de\/wp-json\/wp\/v2\/pages\/10007\/revisions"}],"predecessor-version":[{"id":14888,"href":"https:\/\/www.mariostark.com\/de\/wp-json\/wp\/v2\/pages\/10007\/revisions\/14888"}],"up":[{"embeddable":true,"href":"https:\/\/www.mariostark.com\/de\/wp-json\/wp\/v2\/pages\/41"}],"wp:attachment":[{"href":"https:\/\/www.mariostark.com\/de\/wp-json\/wp\/v2\/media?parent=10007"}],"curies":[{"name":"wp","href":"https:\/\/api.w.org\/{rel}","templated":true}]}}