{"id":10,"date":"2013-11-06T13:11:05","date_gmt":"2013-11-06T11:11:05","guid":{"rendered":"http:\/\/starkint.com\/?page_id=10"},"modified":"2026-05-02T13:49:24","modified_gmt":"2026-05-02T11:49:24","slug":"home","status":"publish","type":"page","link":"https:\/\/www.mariostark.com\/de\/","title":{"rendered":"Home"},"content":{"rendered":"<div class=\"random-images\"> <a href=\"https:\/\/www.mariostark.com\/media\/Stark-14.jpg\" title=\"Stark-14\"><img loading=\"lazy\" decoding=\"async\" width=\"1200\" height=\"800\" src=\"https:\/\/www.mariostark.com\/media\/Stark-14.jpg\" class=\"attachment-startimagerandom size-startimagerandom\" alt=\"\" srcset=\"https:\/\/www.mariostark.com\/media\/Stark-14.jpg 1200w, https:\/\/www.mariostark.com\/media\/Stark-14-300x200.jpg 300w, https:\/\/www.mariostark.com\/media\/Stark-14-1024x682.jpg 1024w\" sizes=\"auto, (max-width: 1200px) 100vw, 1200px\" \/><\/a><\/div><!-- #random-images -->\n<p>&nbsp;<\/p>\n<p>&nbsp;<\/p>\n<p>&nbsp;<\/p>\n<h2 style=\"text-align: center;\"><span style=\"color: #333333;\"><strong>MARIO STARK<\/strong> <\/span><\/h2>\n<h3 style=\"text-align: center;\"><span style=\"color: #333333;\">IMMOBILIEN KAUFEN &amp; VERKAUFEN<br \/>\n<\/span><\/h3>\n<p>&nbsp;<\/p>\n<p>&nbsp;<\/p>\n<p>&nbsp;<\/p>\n<h4 style=\"text-align: left;\"><span style=\"color: #333333;\">IMMOBILIENMAKLER F\u00dcR IMMOBILIEN, VILLEN, H\u00c4USER &amp; WOHNUNGEN ZUM KAUF &#8211; MARIOSTARK.COM<br \/>\n<\/span><\/h4>\n<p style=\"text-align: justify;\">Von Immobilien wie, hochwertigen Einfamilienh\u00e4usern, Mehrfamilienh\u00e4usern und Eigentumswohnungen, bis zu Exklusiven Immobilien wie, noblen Villen\u00a0und vornehmen Herrenh\u00e4usern. Als erfahrene Immobilienmakler vermitteln und verkaufen wir vorrangig Wohnimmobilien, in guten bis sehr guten Wohnlagen, zum Beispiel, in &#8211; Innenst\u00e4dten, Villenvierteln, See-, oder Meern\u00e4he, Seeb\u00e4dern (Kurorten). <a href=\"https:\/\/www.mariostark.com\/de\/immobilien\/premium-immobilien\/\">Premium Immobilien<\/a> wie, Villen, Herrenh\u00e4user oder Schl\u00f6sser\u00a0bieten dabei, den wohl h\u00f6chsten Status einer Wohnimmobilie und stehen, f\u00fcr eine &#8211; besonders exklusive und &#8222;repr\u00e4sentative Wohnkultur&#8220;.<\/p>\n<p>&nbsp;<\/p>\n<p>&nbsp;<\/p>\n<h4 style=\"text-align: left;\"><span style=\"color: #333333;\">IMMOBILIEN: KAUFEN UND VERKAUFEN<br \/>\n<\/span><\/h4>\n<p style=\"text-align: justify;\">Der Kauf oder Verkauf von Immobilien (&#8222;Immobilien&#8220;) ist, oft, eine sehr wichtige Entscheidung. MARIO STARK IMMOBILIEN (&#8222;MARIO STARK&#8220;) ist dabei, Ihr zuverl\u00e4ssiger und kompetenter Partner, der Sie, von der ersten Beratung, \u00fcber die Wertermittlung, bis zur professionellen Vermittlung Ihrer Immobilie, unterst\u00fctzt. Seit vielen Jahren erf\u00fcllen wir so, selbst anspruchsvolle Immobilienw\u00fcnsche unserer Kunden. Wir bieten Ihnen, mit umfassenden internationalen Marktkenntnissen &#8211; Vermarktungschancen auf hohem Niveau. F\u00fcr den erfolgreichen Verkauf Ihrer Immobilie!<\/p>\n<p>&nbsp;<\/p>\n<p>&nbsp;<\/p>\n<h4 style=\"text-align: left;\"><span style=\"color: #333333;\">MARIO STARK &#8211; IMMOBILIENPROJEKTE &#8211; PROFESSIONELLE IMMOBILIENVERMITTLUNG<\/span><\/h4>\n<p style=\"text-align: justify;\">Exklusive Immobilienprojekte bieten, unseren Kunden, neben erstklassigen Wohn- und Anlageobjekten &#8211; wie ((Ferien-) Immobilien), auch die M\u00f6glichkeit, eigene Ausstattungsw\u00fcnsche\u00a0umzusetzen und gleichzeitig &#8211; eine gute Rendite f\u00fcr das investierte Kapital zu erwirtschaften. Erf\u00fcllen Sie sich mit uns, den Traum einer Immobilie, die ganz Ihren Vorstellungen und W\u00fcnschen entspricht. Lassen Sie sich von uns inspirieren und gestalten Sie, Ihre zuk\u00fcnftige Wohnung oder Ihr zuk\u00fcnftiges Haus so, dass es zu Ihnen passt. Schlie\u00dflich geht es, um den wichtigsten Ort auf der Welt &#8211; Ihr Zuhause.<\/p>\n<p>&nbsp;<\/p>\n<p>&nbsp;<\/p>\n<h4 style=\"text-align: left;\"><span style=\"color: #333333;\">GUT BERATEN. GUT VERKAUFT.<br \/>\n<\/span><\/h4>\n<p style=\"text-align: justify;\">Eine eigene Immobilie bedeutet nicht nur, mehr Lebensqualit\u00e4t, sondern ist, oft auch, eine gute Investition in die Zukunft. Gerne beraten wir Sie, bei Fragen, zum Immobilienkauf und Immobilienverkauf, einer Immobilienbewertung oder einer Immobilienbesichtigung. Ihre kompetenten Immobilienmakler f\u00fcr Immobilien, Villen, H\u00e4user &amp; Wohnungen zum Kauf.<\/p>\n<p>&nbsp;<\/p>\n<p>&nbsp;<\/p>\n<p>&nbsp;<\/p>\n<p>&nbsp;<\/p>\n<h6 style=\"text-align: center;\"><em><strong><span style=\"color: #333333;\">JUST SELL &#8211; MARIOSTARK.COM<\/span><span style=\"color: #333333;\">\u2122<\/span><\/strong><\/em><\/h6>\n<p>&nbsp;<\/p>\n<p>&nbsp;<\/p>\n<p>&nbsp;<\/p>\n<p>&nbsp;<\/p>\n<p>&nbsp;<\/p>\n<h6 style=\"text-align: center;\"><span style=\"color: #808080;\"><a style=\"color: #808080;\" href=\"https:\/\/www.facebook.com\/mariostarkofficial\">Facebook<\/a> \u00a0\u00a0 <a style=\"color: #808080;\" href=\"https:\/\/twitter.com\/mariostarkco\">Twitter<\/a> \u00a0\u00a0 <a style=\"color: #808080;\" href=\"https:\/\/www.instagram.com\/mariostarkofficial\">Instagram<\/a>\u00a0\u00a0\u00a0 <a style=\"color: #808080;\" href=\"https:\/\/www.youtube.com\/c\/mariostarkofficial\">Youtube<\/a>\u00a0\u00a0\u00a0 <a style=\"color: #808080;\" href=\"https:\/\/www.pinterest.com\/mariostarkofficial\">Pinterest<\/a><\/span><\/h6>\n<p>&nbsp;<\/p>\n<h6 style=\"text-align: center;\"><\/h6>\n<p>&nbsp;<\/p>\n<p>&nbsp;<\/p>\n<p>&nbsp;<\/p>\n<h6 style=\"text-align: center;\"><span style=\"color: #808080;\">\u00a9<strong>MarioStark.com<\/strong> All rights reserved.<\/span><\/h6>\n<p>&nbsp;<\/p>","protected":false},"excerpt":{"rendered":"<p>&nbsp; &nbsp; &nbsp; MARIO STARK IMMOBILIEN KAUFEN &amp; VERKAUFEN &nbsp; &nbsp; &nbsp; IMMOBILIENMAKLER F\u00dcR IMMOBILIEN, VILLEN, H\u00c4USER &amp; WOHNUNGEN ZUM KAUF &#8211; MARIOSTARK.COM Von Immobilien wie, hochwertigen Einfamilienh\u00e4usern, Mehrfamilienh\u00e4usern und Eigentumswohnungen, bis zu Exklusiven Immobilien wie, noblen Villen\u00a0und vornehmen Herrenh\u00e4usern. &hellip; <a href=\"https:\/\/www.mariostark.com\/de\/\">Weiterlesen<\/a><\/p>\n","protected":false},"author":3,"featured_media":16382,"parent":0,"menu_order":-1,"comment_status":"open","ping_status":"open","template":"","meta":{"footnotes":""},"class_list":["post-10","page","type-page","status-publish","has-post-thumbnail","hentry"],"_links":{"self":[{"href":"https:\/\/www.mariostark.com\/de\/wp-json\/wp\/v2\/pages\/10","targetHints":{"allow":["GET"]}}],"collection":[{"href":"https:\/\/www.mariostark.com\/de\/wp-json\/wp\/v2\/pages"}],"about":[{"href":"https:\/\/www.mariostark.com\/de\/wp-json\/wp\/v2\/types\/page"}],"author":[{"embeddable":true,"href":"https:\/\/www.mariostark.com\/de\/wp-json\/wp\/v2\/users\/3"}],"replies":[{"embeddable":true,"href":"https:\/\/www.mariostark.com\/de\/wp-json\/wp\/v2\/comments?post=10"}],"version-history":[{"count":6,"href":"https:\/\/www.mariostark.com\/de\/wp-json\/wp\/v2\/pages\/10\/revisions"}],"predecessor-version":[{"id":20516,"href":"https:\/\/www.mariostark.com\/de\/wp-json\/wp\/v2\/pages\/10\/revisions\/20516"}],"wp:featuredmedia":[{"embeddable":true,"href":"https:\/\/www.mariostark.com\/de\/wp-json\/wp\/v2\/media\/16382"}],"wp:attachment":[{"href":"https:\/\/www.mariostark.com\/de\/wp-json\/wp\/v2\/media?parent=10"}],"curies":[{"name":"wp","href":"https:\/\/api.w.org\/{rel}","templated":true}]}}